{"id":8,"date":"2024-05-15T10:23:20","date_gmt":"2024-05-15T08:23:20","guid":{"rendered":"https:\/\/lacroiseedeschemins49.fr\/?page_id=8"},"modified":"2026-01-28T16:19:23","modified_gmt":"2026-01-28T15:19:23","slug":"gite-la-croisee-des-chemin","status":"publish","type":"page","link":"https:\/\/lacroiseedeschemins49.fr\/","title":{"rendered":"Accueil"},"content":{"rendered":"<div id=\"metaslider-id-261\" style=\"width: 100%;\" class=\"ml-slider-3-101-0 metaslider metaslider-flex metaslider-261 ml-slider ms-theme-default nav-hidden\" role=\"region\" aria-label=\"Accueil\" data-height=\"300\" data-width=\"700\">\n    <div id=\"metaslider_container_261\">\n        <div id=\"metaslider_261\">\n            <ul class='slides'>\n                <li style=\"display: block; width: 100%;\" class=\"slide-262 ms-image \" aria-roledescription=\"slide\" data-date=\"2024-06-10 09:41:14\"><img loading=\"lazy\" decoding=\"async\" src=\"https:\/\/lacroiseedeschemins49.fr\/wp-content\/uploads\/2025\/03\/1.png\" height=\"300\" width=\"700\" alt=\"\" class=\"slider-261 slide-262 msDefaultImage\" title=\"1\" \/><\/li>\n                <li style=\"display: none; width: 100%;\" class=\"slide-263 ms-image \" aria-roledescription=\"slide\" data-date=\"2024-06-10 09:41:26\"><img loading=\"lazy\" decoding=\"async\" src=\"https:\/\/lacroiseedeschemins49.fr\/wp-content\/uploads\/2025\/09\/Cour.png\" height=\"300\" width=\"700\" alt=\"\" class=\"slider-261 slide-263 msDefaultImage\" title=\"Cour\" \/><\/li>\n                <li style=\"display: none; width: 100%;\" class=\"slide-265 ms-image \" aria-roledescription=\"slide\" data-date=\"2024-06-10 09:41:54\"><img loading=\"lazy\" decoding=\"async\" src=\"https:\/\/lacroiseedeschemins49.fr\/wp-content\/uploads\/2025\/09\/Terrasse.png\" height=\"300\" width=\"700\" alt=\"\" class=\"slider-261 slide-265 msDefaultImage\" title=\"Terrasse\" \/><\/li>\n                <li style=\"display: none; width: 100%;\" class=\"slide-264 ms-image \" aria-roledescription=\"slide\" data-date=\"2024-06-10 09:41:44\"><img loading=\"lazy\" decoding=\"async\" src=\"https:\/\/lacroiseedeschemins49.fr\/wp-content\/uploads\/2025\/09\/preau.png\" height=\"300\" width=\"700\" alt=\"\" class=\"slider-261 slide-264 msDefaultImage\" title=\"pr\u00e9au\" \/><\/li>\n                <li style=\"display: none; width: 100%;\" class=\"slide-648 ms-image \" aria-roledescription=\"slide\" data-date=\"2025-03-25 15:03:02\"><img loading=\"lazy\" decoding=\"async\" src=\"https:\/\/lacroiseedeschemins49.fr\/wp-content\/uploads\/2025\/03\/4.png\" height=\"300\" width=\"700\" alt=\"\" class=\"slider-261 slide-648 msDefaultImage\" title=\"4\" \/><\/li>\n                <li style=\"display: none; width: 100%;\" class=\"slide-649 ms-image \" aria-roledescription=\"slide\" data-date=\"2025-03-25 15:03:18\"><img loading=\"lazy\" decoding=\"async\" src=\"https:\/\/lacroiseedeschemins49.fr\/wp-content\/uploads\/2025\/03\/5.png\" height=\"300\" width=\"700\" alt=\"\" class=\"slider-261 slide-649 msDefaultImage\" title=\"5\" \/><\/li>\n                <li style=\"display: none; width: 100%;\" class=\"slide-650 ms-image \" aria-roledescription=\"slide\" data-date=\"2025-03-25 15:03:28\"><img loading=\"lazy\" decoding=\"async\" src=\"https:\/\/lacroiseedeschemins49.fr\/wp-content\/uploads\/2025\/09\/Piscine.png\" height=\"300\" width=\"700\" alt=\"\" class=\"slider-261 slide-650 msDefaultImage\" title=\"Piscine\" \/><\/li>\n            <\/ul>\n        <\/div>\n        \n    <\/div>\n<\/div>\n\n\n\n<div style=\"height:39px\" aria-hidden=\"true\" class=\"wp-block-spacer\"><\/div>\n\n\n\n<h1 class=\"wp-block-heading has-text-align-center\" style=\"font-size:30px\">Bienvenue \u00e0 La Crois\u00e9e des Chemins<\/h1>\n\n\n\n<p class=\"has-text-align-left\" style=\"font-size:18px\">Au c\u0153ur de l\u2019Anjou Bleu, notre g\u00eete est n\u00e9 de la r\u00e9novation d\u2019une ancienne \u00e9table situ\u00e9e \u00e0 Champign\u00e9 (Maine et Loire). <\/p>\n\n\n\n<p class=\"has-text-align-left\" style=\"font-size:18px\">Nous y avons am\u00e9nag\u00e9 deux chambres, une familiale et une adapt\u00e9e aux personnes en situation de handicap, pouvant accueillir jusqu&rsquo;\u00e0 7 personnes.<\/p>\n\n\n\n<p class=\"has-text-align-left\" style=\"font-size:18px\">C&rsquo;est un lieu privil\u00e9gi\u00e9 pour faire une pause et se ressourcer au sein de notre douce campagne angevine&#8230;<\/p>\n\n\n\n<div class=\"wp-block-columns is-layout-flex wp-container-core-columns-is-layout-9d6595d7 wp-block-columns-is-layout-flex\">\n<div class=\"wp-block-column is-layout-flow wp-block-column-is-layout-flow\">\n<hr class=\"wp-block-separator has-alpha-channel-opacity\"\/>\n<\/div>\n<\/div>\n\n\n\n<h2 class=\"wp-block-heading has-text-align-center\"><strong>Nos chambres <\/strong><\/h2>\n\n\n\n<div class=\"wp-block-columns is-layout-flex wp-container-core-columns-is-layout-9d6595d7 wp-block-columns-is-layout-flex\">\n<div class=\"wp-block-column is-layout-flow wp-block-column-is-layout-flow\"><div class=\"wp-block-image\">\n<figure class=\"aligncenter size-full\"><img loading=\"lazy\" decoding=\"async\" width=\"800\" height=\"600\" src=\"http:\/\/lacroiseedeschemins49.fr\/wp-content\/uploads\/2025\/04\/800-x-600-1.jpg\" alt=\"\" class=\"wp-image-850\" srcset=\"https:\/\/lacroiseedeschemins49.fr\/wp-content\/uploads\/2025\/04\/800-x-600-1.jpg 800w, https:\/\/lacroiseedeschemins49.fr\/wp-content\/uploads\/2025\/04\/800-x-600-1-300x225.jpg 300w, https:\/\/lacroiseedeschemins49.fr\/wp-content\/uploads\/2025\/04\/800-x-600-1-768x576.jpg 768w\" sizes=\"auto, (max-width: 800px) 100vw, 800px\" \/><\/figure><\/div>\n\n\n<h2 class=\"wp-block-heading has-text-align-center\"><strong>L&rsquo;Embellie<\/strong><\/h2>\n\n\n\n<p class=\"has-text-align-center\" style=\"font-size:16px\">Id\u00e9ale pour deux personnes, spacieuse avec dressing et salle de bain privative, chambre adapt\u00e9e aux personnes \u00e0 mobilit\u00e9 r\u00e9duite.<\/p>\n\n\n\n<p><\/p>\n<\/div>\n<\/div>\n\n\n\n<div style=\"height:38px\" aria-hidden=\"true\" class=\"wp-block-spacer\"><\/div>\n\n\n\n<div class=\"wp-block-columns is-layout-flex wp-container-core-columns-is-layout-9d6595d7 wp-block-columns-is-layout-flex\">\n<div class=\"wp-block-column is-layout-flow wp-block-column-is-layout-flow\"><div class=\"wp-block-image\">\n<figure class=\"aligncenter size-full\"><img loading=\"lazy\" decoding=\"async\" width=\"800\" height=\"600\" src=\"https:\/\/lacroiseedeschemins49.fr\/wp-content\/uploads\/2025\/03\/11.png\" alt=\"Chambre La Parenth\u00e8se \u00e0 l'\u00e9tage. 2 lits 2 personnes et 1 lit une personne. Tons naturels et doux, poutres apparentes, belle lumi\u00e8re\" class=\"wp-image-652\" srcset=\"https:\/\/lacroiseedeschemins49.fr\/wp-content\/uploads\/2025\/03\/11.png 800w, https:\/\/lacroiseedeschemins49.fr\/wp-content\/uploads\/2025\/03\/11-300x225.png 300w, https:\/\/lacroiseedeschemins49.fr\/wp-content\/uploads\/2025\/03\/11-768x576.png 768w\" sizes=\"auto, (max-width: 800px) 100vw, 800px\" \/><\/figure><\/div>\n\n\n<h2 class=\"wp-block-heading has-text-align-center\"><strong>La Parenth\u00e8se<\/strong><\/h2>\n\n\n\n<p class=\"has-text-align-center\" style=\"font-size:16px\">Modulable \u00e0 souhait, chambre familiale pour 5 personnes avec vue sur jardin et piscine.&nbsp; Belle salle de bain et toilettes s\u00e9par\u00e9es. Situ\u00e9e \u00e0 l&rsquo;\u00e9tage.<\/p>\n<\/div>\n<\/div>\n\n\n\n<hr class=\"wp-block-separator has-alpha-channel-opacity\"\/>\n\n\n\n<h2 class=\"wp-block-heading has-text-align-center\"><strong>Les activit\u00e9s propos\u00e9es au sein de notre g\u00eete <\/strong><\/h2>\n\n\n\n<div class=\"wp-block-columns is-layout-flex wp-container-core-columns-is-layout-9d6595d7 wp-block-columns-is-layout-flex\">\n<div class=\"wp-block-column is-layout-flow wp-block-column-is-layout-flow\"><\/div>\n<\/div>\n\n\n\n<div class=\"wp-block-columns is-layout-flex wp-container-core-columns-is-layout-9d6595d7 wp-block-columns-is-layout-flex\">\n<div class=\"wp-block-column is-layout-flow wp-block-column-is-layout-flow\">\n<figure class=\"wp-block-image size-full is-resized\"><img loading=\"lazy\" decoding=\"async\" width=\"800\" height=\"600\" src=\"https:\/\/lacroiseedeschemins49.fr\/wp-content\/uploads\/2025\/03\/3-1.png\" alt=\"Piscine entour\u00e9e de nature\" class=\"wp-image-653\" style=\"width:753px;height:auto\" srcset=\"https:\/\/lacroiseedeschemins49.fr\/wp-content\/uploads\/2025\/03\/3-1.png 800w, https:\/\/lacroiseedeschemins49.fr\/wp-content\/uploads\/2025\/03\/3-1-300x225.png 300w, https:\/\/lacroiseedeschemins49.fr\/wp-content\/uploads\/2025\/03\/3-1-768x576.png 768w\" sizes=\"auto, (max-width: 800px) 100vw, 800px\" \/><\/figure>\n\n\n\n<h2 class=\"wp-block-heading has-text-align-center\"><strong>La piscine<\/strong><\/h2>\n\n\n\n<p class=\"has-text-align-center\" style=\"font-size:16px\">Nager, barboter, papoter, c&rsquo;est vous qui choisissez ! Profitez de notre piscine couverte, situ\u00e9e dans le jardin familial, et accessible de mai \u00e0 septembre.<\/p>\n<\/div>\n\n\n\n<div class=\"wp-block-column is-layout-flow wp-block-column-is-layout-flow\">\n<figure class=\"wp-block-image size-full\"><img loading=\"lazy\" decoding=\"async\" width=\"800\" height=\"600\" src=\"https:\/\/lacroiseedeschemins49.fr\/wp-content\/uploads\/2025\/03\/4-1.png\" alt=\"L'atelier de Clarisse moderne et fonctionnel\" class=\"wp-image-654\" srcset=\"https:\/\/lacroiseedeschemins49.fr\/wp-content\/uploads\/2025\/03\/4-1.png 800w, https:\/\/lacroiseedeschemins49.fr\/wp-content\/uploads\/2025\/03\/4-1-300x225.png 300w, https:\/\/lacroiseedeschemins49.fr\/wp-content\/uploads\/2025\/03\/4-1-768x576.png 768w\" sizes=\"auto, (max-width: 800px) 100vw, 800px\" \/><\/figure>\n\n\n\n<h2 class=\"wp-block-heading has-text-align-center\"><strong>L&rsquo;atelier tournage de galettes et de cr\u00eapes<\/strong><\/h2>\n\n\n\n<p style=\"font-size:16px\">Dans mon labo, au coeur du g\u00eete, je vous invite \u00e0 d\u00e9couvrir mon m\u00e9tier de cr\u00eapi\u00e8re. Je vous transmettrai avec plaisir les gestes de confection et de tournage de cr\u00eapes et de galettes. Me contacter directement si interess\u00e9.e.s.<\/p>\n<\/div>\n\n\n\n<div class=\"wp-block-column is-layout-flow wp-block-column-is-layout-flow\">\n<figure class=\"wp-block-image size-full\"><img loading=\"lazy\" decoding=\"async\" width=\"800\" height=\"600\" src=\"https:\/\/lacroiseedeschemins49.fr\/wp-content\/uploads\/2025\/03\/18.png\" alt=\"Troupeau de vache au champ\" class=\"wp-image-656\" srcset=\"https:\/\/lacroiseedeschemins49.fr\/wp-content\/uploads\/2025\/03\/18.png 800w, https:\/\/lacroiseedeschemins49.fr\/wp-content\/uploads\/2025\/03\/18-300x225.png 300w, https:\/\/lacroiseedeschemins49.fr\/wp-content\/uploads\/2025\/03\/18-768x576.png 768w\" sizes=\"auto, (max-width: 800px) 100vw, 800px\" \/><\/figure>\n\n\n\n<h2 class=\"wp-block-heading has-text-align-center\"><strong>La visite de la ferme <\/strong><\/h2>\n\n\n\n<p style=\"font-size:16px\">Venez d\u00e9couvrir l&rsquo;univers de Vincent, mon mari : son exploitation Bio, son mat\u00e9riel, ses cultures, la traite des vaches laiti\u00e8res, leurs petits veaux&#8230; Un temps d&rsquo;\u00e9change privil\u00e9gi\u00e9 avec un homme passionn\u00e9 et engag\u00e9 dans le respect de la nature.<\/p>\n<\/div>\n<\/div>\n\n\n\n<hr class=\"wp-block-separator has-alpha-channel-opacity\"\/>\n\n\n\n<p class=\"has-text-align-center has-black-color has-text-color has-link-color wp-elements-4b686e96ecf297fd528418b68838b415\" style=\"font-size:18px\"> <strong>&#8211; <em>Quelques mots laiss\u00e9s par nos voyageurs, au fil des s\u00e9jours<\/em> &#8211;<\/strong><\/p>\n\n\n\n<div class=\"wp-block-columns is-layout-flex wp-container-core-columns-is-layout-9d6595d7 wp-block-columns-is-layout-flex\">\n<div class=\"wp-block-column is-layout-flow wp-block-column-is-layout-flow\">\n<blockquote class=\"wp-block-quote is-layout-flow wp-block-quote-is-layout-flow\">\n<p>Merci pour votre accueil, votre sympathie et vos jolies attentions. Votre g\u00eete est r\u00e9nov\u00e9 avec go\u00fbt et tr\u00e8s agr\u00e9able \u00e0 vivre. Merci \u00e0 Vincent de nous avoir partag\u00e9 un bout de son m\u00e9tier\/passion.<\/p>\n\n\n\n<p>Elodie et les filles, Avril 2025.<\/p>\n<\/blockquote>\n<\/div>\n\n\n\n<div class=\"wp-block-column is-layout-flow wp-block-column-is-layout-flow\">\n<blockquote class=\"wp-block-quote is-layout-flow wp-block-quote-is-layout-flow\">\n<p>Superbe g\u00eete, cela ne fait aucun doute. Comme une envie irr\u00e9sistible de prolonger ce week-end entre entre amis en ces lieux chaleureux et charmants<\/p>\n\n\n\n<p>Candice, Novembre 2025.<\/p>\n<\/blockquote>\n<\/div>\n\n\n\n<div class=\"wp-block-column is-layout-flow wp-block-column-is-layout-flow\">\n<blockquote class=\"wp-block-quote is-layout-flow wp-block-quote-is-layout-flow\">\n<p>Un grand merci pour votre accueil et votre gentillesse ! S\u00e9jour tr\u00e8s agr\u00e9able dans un g\u00eete chaleureux et confortable. Confort, calme et tranquillit\u00e9&#8230;Tout y \u00e9tait.<\/p>\n\n\n\n<p>Laura, Septembre 2025.<\/p>\n<\/blockquote>\n<\/div>\n<\/div>\n\n\n<div class=\"wp-block-image\">\n<figure class=\"aligncenter size-full is-resized\"><img loading=\"lazy\" decoding=\"async\" width=\"1180\" height=\"472\" src=\"https:\/\/lacroiseedeschemins49.fr\/wp-content\/uploads\/2026\/01\/Design-sans-titre-4.png\" alt=\"\" class=\"wp-image-911\" style=\"width:173px;height:auto\" srcset=\"https:\/\/lacroiseedeschemins49.fr\/wp-content\/uploads\/2026\/01\/Design-sans-titre-4.png 1180w, https:\/\/lacroiseedeschemins49.fr\/wp-content\/uploads\/2026\/01\/Design-sans-titre-4-300x120.png 300w, https:\/\/lacroiseedeschemins49.fr\/wp-content\/uploads\/2026\/01\/Design-sans-titre-4-1024x410.png 1024w, https:\/\/lacroiseedeschemins49.fr\/wp-content\/uploads\/2026\/01\/Design-sans-titre-4-768x307.png 768w\" sizes=\"auto, (max-width: 1180px) 100vw, 1180px\" \/><\/figure><\/div>","protected":false},"excerpt":{"rendered":"<p>Bienvenue \u00e0 La Crois\u00e9e des Chemins Au c\u0153ur de l\u2019Anjou Bleu, notre g\u00eete est n\u00e9 de la r\u00e9novation d\u2019une ancienne \u00e9table situ\u00e9e \u00e0 Champign\u00e9 (Maine et Loire). Nous y avons am\u00e9nag\u00e9 deux chambres, une familiale et une adapt\u00e9e aux personnes en situation de handicap, pouvant accueillir jusqu&rsquo;\u00e0 7 personnes. C&rsquo;est un lieu privil\u00e9gi\u00e9 pour faire [&hellip;]<\/p>\n","protected":false},"author":1,"featured_media":0,"parent":0,"menu_order":0,"comment_status":"closed","ping_status":"closed","template":"","meta":{"footnotes":""},"class_list":["post-8","page","type-page","status-publish","hentry","entry"],"yoast_head":"<!-- This site is optimized with the Yoast SEO plugin v25.6 - https:\/\/yoast.com\/wordpress\/plugins\/seo\/ -->\n<title>La Crois\u00e9e des Chemins<\/title>\n<meta name=\"description\" content=\"Notre g\u00eete La Crois\u00e9e des Chemins est id\u00e9alement situ\u00e9 au c\u0153ur de l\u2019Anjou Bleu. N\u00e9 de la r\u00e9novation d\u2019une ancienne \u00e9table situ\u00e9e \u00e0 Champign\u00e9 (Maine et Loire). Notre g\u00eete propose deux chambres : une familiale et une adapt\u00e9e aux personnes en situation de handicap, pouvant accueillir jusqu\u2019\u00e0 7 personnes. C&#039;est un lieu privil\u00e9gi\u00e9 pour faire une pause et se ressourcer au sein de notre douce campagne angevine\u2026\" \/>\n<meta name=\"robots\" content=\"index, follow, max-snippet:-1, max-image-preview:large, max-video-preview:-1\" \/>\n<link rel=\"canonical\" href=\"https:\/\/lacroiseedeschemins49.fr\/\" \/>\n<meta property=\"og:locale\" content=\"fr_FR\" \/>\n<meta property=\"og:type\" content=\"article\" \/>\n<meta property=\"og:title\" content=\"La Crois\u00e9e des Chemins\" \/>\n<meta property=\"og:description\" content=\"Notre g\u00eete La Crois\u00e9e des Chemins est id\u00e9alement situ\u00e9 au c\u0153ur de l\u2019Anjou Bleu. N\u00e9 de la r\u00e9novation d\u2019une ancienne \u00e9table situ\u00e9e \u00e0 Champign\u00e9 (Maine et Loire). Notre g\u00eete propose deux chambres : une familiale et une adapt\u00e9e aux personnes en situation de handicap, pouvant accueillir jusqu\u2019\u00e0 7 personnes. C&#039;est un lieu privil\u00e9gi\u00e9 pour faire une pause et se ressourcer au sein de notre douce campagne angevine\u2026\" \/>\n<meta property=\"og:url\" content=\"https:\/\/lacroiseedeschemins49.fr\/\" \/>\n<meta property=\"og:site_name\" content=\"Wordpress\" \/>\n<meta property=\"article:modified_time\" content=\"2026-01-28T15:19:23+00:00\" \/>\n<meta property=\"og:image\" content=\"http:\/\/lacroiseedeschemins49.fr\/wp-content\/uploads\/2025\/04\/800-x-600-1.jpg\" \/>\n<meta name=\"twitter:card\" content=\"summary_large_image\" \/>\n<meta name=\"twitter:label1\" content=\"Dur\u00e9e de lecture estim\u00e9e\" \/>\n\t<meta name=\"twitter:data1\" content=\"3 minutes\" \/>\n<script type=\"application\/ld+json\" class=\"yoast-schema-graph\">{\"@context\":\"https:\/\/schema.org\",\"@graph\":[{\"@type\":\"WebPage\",\"@id\":\"https:\/\/lacroiseedeschemins49.fr\/\",\"url\":\"https:\/\/lacroiseedeschemins49.fr\/\",\"name\":\"La Crois\u00e9e des Chemins\",\"isPartOf\":{\"@id\":\"https:\/\/lacroiseedeschemins49.fr\/#website\"},\"primaryImageOfPage\":{\"@id\":\"https:\/\/lacroiseedeschemins49.fr\/#primaryimage\"},\"image\":{\"@id\":\"https:\/\/lacroiseedeschemins49.fr\/#primaryimage\"},\"thumbnailUrl\":\"http:\/\/lacroiseedeschemins49.fr\/wp-content\/uploads\/2025\/04\/800-x-600-1.jpg\",\"datePublished\":\"2024-05-15T08:23:20+00:00\",\"dateModified\":\"2026-01-28T15:19:23+00:00\",\"description\":\"Notre g\u00eete La Crois\u00e9e des Chemins est id\u00e9alement situ\u00e9 au c\u0153ur de l\u2019Anjou Bleu. N\u00e9 de la r\u00e9novation d\u2019une ancienne \u00e9table situ\u00e9e \u00e0 Champign\u00e9 (Maine et Loire). Notre g\u00eete propose deux chambres : une familiale et une adapt\u00e9e aux personnes en situation de handicap, pouvant accueillir jusqu\u2019\u00e0 7 personnes. C'est un lieu privil\u00e9gi\u00e9 pour faire une pause et se ressourcer au sein de notre douce campagne angevine\u2026\",\"breadcrumb\":{\"@id\":\"https:\/\/lacroiseedeschemins49.fr\/#breadcrumb\"},\"inLanguage\":\"fr-FR\",\"potentialAction\":[{\"@type\":\"ReadAction\",\"target\":[\"https:\/\/lacroiseedeschemins49.fr\/\"]}]},{\"@type\":\"ImageObject\",\"inLanguage\":\"fr-FR\",\"@id\":\"https:\/\/lacroiseedeschemins49.fr\/#primaryimage\",\"url\":\"https:\/\/lacroiseedeschemins49.fr\/wp-content\/uploads\/2025\/04\/800-x-600-1.jpg\",\"contentUrl\":\"https:\/\/lacroiseedeschemins49.fr\/wp-content\/uploads\/2025\/04\/800-x-600-1.jpg\",\"width\":800,\"height\":600},{\"@type\":\"BreadcrumbList\",\"@id\":\"https:\/\/lacroiseedeschemins49.fr\/#breadcrumb\",\"itemListElement\":[{\"@type\":\"ListItem\",\"position\":1,\"name\":\"Accueil\",\"item\":\"https:\/\/lacroiseedeschemins49.fr\/\"},{\"@type\":\"ListItem\",\"position\":2,\"name\":\"Accueil\"}]},{\"@type\":\"WebSite\",\"@id\":\"https:\/\/lacroiseedeschemins49.fr\/#website\",\"url\":\"https:\/\/lacroiseedeschemins49.fr\/\",\"name\":\"Wordpress\",\"description\":\"La Crois\u00e9e des Chemins\",\"publisher\":{\"@id\":\"https:\/\/lacroiseedeschemins49.fr\/#organization\"},\"potentialAction\":[{\"@type\":\"SearchAction\",\"target\":{\"@type\":\"EntryPoint\",\"urlTemplate\":\"https:\/\/lacroiseedeschemins49.fr\/?s={search_term_string}\"},\"query-input\":{\"@type\":\"PropertyValueSpecification\",\"valueRequired\":true,\"valueName\":\"search_term_string\"}}],\"inLanguage\":\"fr-FR\"},{\"@type\":\"Organization\",\"@id\":\"https:\/\/lacroiseedeschemins49.fr\/#organization\",\"name\":\"Wordpress\",\"url\":\"https:\/\/lacroiseedeschemins49.fr\/\",\"logo\":{\"@type\":\"ImageObject\",\"inLanguage\":\"fr-FR\",\"@id\":\"https:\/\/lacroiseedeschemins49.fr\/#\/schema\/logo\/image\/\",\"url\":\"https:\/\/lacroiseedeschemins49.fr\/wp-content\/uploads\/2025\/01\/cropped-logo-La-Croisee-des-Chemins-1.jpg\",\"contentUrl\":\"https:\/\/lacroiseedeschemins49.fr\/wp-content\/uploads\/2025\/01\/cropped-logo-La-Croisee-des-Chemins-1.jpg\",\"width\":1147,\"height\":435,\"caption\":\"Wordpress\"},\"image\":{\"@id\":\"https:\/\/lacroiseedeschemins49.fr\/#\/schema\/logo\/image\/\"}}]}<\/script>\n<!-- \/ Yoast SEO plugin. -->","yoast_head_json":{"title":"La Crois\u00e9e des Chemins","description":"Notre g\u00eete La Crois\u00e9e des Chemins est id\u00e9alement situ\u00e9 au c\u0153ur de l\u2019Anjou Bleu. N\u00e9 de la r\u00e9novation d\u2019une ancienne \u00e9table situ\u00e9e \u00e0 Champign\u00e9 (Maine et Loire). Notre g\u00eete propose deux chambres : une familiale et une adapt\u00e9e aux personnes en situation de handicap, pouvant accueillir jusqu\u2019\u00e0 7 personnes. C'est un lieu privil\u00e9gi\u00e9 pour faire une pause et se ressourcer au sein de notre douce campagne angevine\u2026","robots":{"index":"index","follow":"follow","max-snippet":"max-snippet:-1","max-image-preview":"max-image-preview:large","max-video-preview":"max-video-preview:-1"},"canonical":"https:\/\/lacroiseedeschemins49.fr\/","og_locale":"fr_FR","og_type":"article","og_title":"La Crois\u00e9e des Chemins","og_description":"Notre g\u00eete La Crois\u00e9e des Chemins est id\u00e9alement situ\u00e9 au c\u0153ur de l\u2019Anjou Bleu. N\u00e9 de la r\u00e9novation d\u2019une ancienne \u00e9table situ\u00e9e \u00e0 Champign\u00e9 (Maine et Loire). Notre g\u00eete propose deux chambres : une familiale et une adapt\u00e9e aux personnes en situation de handicap, pouvant accueillir jusqu\u2019\u00e0 7 personnes. C'est un lieu privil\u00e9gi\u00e9 pour faire une pause et se ressourcer au sein de notre douce campagne angevine\u2026","og_url":"https:\/\/lacroiseedeschemins49.fr\/","og_site_name":"Wordpress","article_modified_time":"2026-01-28T15:19:23+00:00","og_image":[{"url":"http:\/\/lacroiseedeschemins49.fr\/wp-content\/uploads\/2025\/04\/800-x-600-1.jpg","type":"","width":"","height":""}],"twitter_card":"summary_large_image","twitter_misc":{"Dur\u00e9e de lecture estim\u00e9e":"3 minutes"},"schema":{"@context":"https:\/\/schema.org","@graph":[{"@type":"WebPage","@id":"https:\/\/lacroiseedeschemins49.fr\/","url":"https:\/\/lacroiseedeschemins49.fr\/","name":"La Crois\u00e9e des Chemins","isPartOf":{"@id":"https:\/\/lacroiseedeschemins49.fr\/#website"},"primaryImageOfPage":{"@id":"https:\/\/lacroiseedeschemins49.fr\/#primaryimage"},"image":{"@id":"https:\/\/lacroiseedeschemins49.fr\/#primaryimage"},"thumbnailUrl":"http:\/\/lacroiseedeschemins49.fr\/wp-content\/uploads\/2025\/04\/800-x-600-1.jpg","datePublished":"2024-05-15T08:23:20+00:00","dateModified":"2026-01-28T15:19:23+00:00","description":"Notre g\u00eete La Crois\u00e9e des Chemins est id\u00e9alement situ\u00e9 au c\u0153ur de l\u2019Anjou Bleu. N\u00e9 de la r\u00e9novation d\u2019une ancienne \u00e9table situ\u00e9e \u00e0 Champign\u00e9 (Maine et Loire). Notre g\u00eete propose deux chambres : une familiale et une adapt\u00e9e aux personnes en situation de handicap, pouvant accueillir jusqu\u2019\u00e0 7 personnes. C'est un lieu privil\u00e9gi\u00e9 pour faire une pause et se ressourcer au sein de notre douce campagne angevine\u2026","breadcrumb":{"@id":"https:\/\/lacroiseedeschemins49.fr\/#breadcrumb"},"inLanguage":"fr-FR","potentialAction":[{"@type":"ReadAction","target":["https:\/\/lacroiseedeschemins49.fr\/"]}]},{"@type":"ImageObject","inLanguage":"fr-FR","@id":"https:\/\/lacroiseedeschemins49.fr\/#primaryimage","url":"https:\/\/lacroiseedeschemins49.fr\/wp-content\/uploads\/2025\/04\/800-x-600-1.jpg","contentUrl":"https:\/\/lacroiseedeschemins49.fr\/wp-content\/uploads\/2025\/04\/800-x-600-1.jpg","width":800,"height":600},{"@type":"BreadcrumbList","@id":"https:\/\/lacroiseedeschemins49.fr\/#breadcrumb","itemListElement":[{"@type":"ListItem","position":1,"name":"Accueil","item":"https:\/\/lacroiseedeschemins49.fr\/"},{"@type":"ListItem","position":2,"name":"Accueil"}]},{"@type":"WebSite","@id":"https:\/\/lacroiseedeschemins49.fr\/#website","url":"https:\/\/lacroiseedeschemins49.fr\/","name":"Wordpress","description":"La Crois\u00e9e des Chemins","publisher":{"@id":"https:\/\/lacroiseedeschemins49.fr\/#organization"},"potentialAction":[{"@type":"SearchAction","target":{"@type":"EntryPoint","urlTemplate":"https:\/\/lacroiseedeschemins49.fr\/?s={search_term_string}"},"query-input":{"@type":"PropertyValueSpecification","valueRequired":true,"valueName":"search_term_string"}}],"inLanguage":"fr-FR"},{"@type":"Organization","@id":"https:\/\/lacroiseedeschemins49.fr\/#organization","name":"Wordpress","url":"https:\/\/lacroiseedeschemins49.fr\/","logo":{"@type":"ImageObject","inLanguage":"fr-FR","@id":"https:\/\/lacroiseedeschemins49.fr\/#\/schema\/logo\/image\/","url":"https:\/\/lacroiseedeschemins49.fr\/wp-content\/uploads\/2025\/01\/cropped-logo-La-Croisee-des-Chemins-1.jpg","contentUrl":"https:\/\/lacroiseedeschemins49.fr\/wp-content\/uploads\/2025\/01\/cropped-logo-La-Croisee-des-Chemins-1.jpg","width":1147,"height":435,"caption":"Wordpress"},"image":{"@id":"https:\/\/lacroiseedeschemins49.fr\/#\/schema\/logo\/image\/"}}]}},"_links":{"self":[{"href":"https:\/\/lacroiseedeschemins49.fr\/index.php\/wp-json\/wp\/v2\/pages\/8","targetHints":{"allow":["GET"]}}],"collection":[{"href":"https:\/\/lacroiseedeschemins49.fr\/index.php\/wp-json\/wp\/v2\/pages"}],"about":[{"href":"https:\/\/lacroiseedeschemins49.fr\/index.php\/wp-json\/wp\/v2\/types\/page"}],"author":[{"embeddable":true,"href":"https:\/\/lacroiseedeschemins49.fr\/index.php\/wp-json\/wp\/v2\/users\/1"}],"replies":[{"embeddable":true,"href":"https:\/\/lacroiseedeschemins49.fr\/index.php\/wp-json\/wp\/v2\/comments?post=8"}],"version-history":[{"count":69,"href":"https:\/\/lacroiseedeschemins49.fr\/index.php\/wp-json\/wp\/v2\/pages\/8\/revisions"}],"predecessor-version":[{"id":913,"href":"https:\/\/lacroiseedeschemins49.fr\/index.php\/wp-json\/wp\/v2\/pages\/8\/revisions\/913"}],"wp:attachment":[{"href":"https:\/\/lacroiseedeschemins49.fr\/index.php\/wp-json\/wp\/v2\/media?parent=8"}],"curies":[{"name":"wp","href":"https:\/\/api.w.org\/{rel}","templated":true}]}}