{"id":18,"date":"2024-05-15T10:27:23","date_gmt":"2024-05-15T08:27:23","guid":{"rendered":"https:\/\/lacroiseedeschemins49.fr\/?page_id=18"},"modified":"2025-11-04T15:59:06","modified_gmt":"2025-11-04T14:59:06","slug":"tarifs","status":"publish","type":"page","link":"https:\/\/lacroiseedeschemins49.fr\/index.php\/tarifs\/","title":{"rendered":"Tarifs"},"content":{"rendered":"\n<p class=\"has-text-align-center has-white-color has-text-color has-background has-link-color wp-elements-94127de336d8a478d28d2916c2f3586e\" style=\"background-color:#e38334;font-size:18px\">Notre g\u00eete a une capacit\u00e9 d&rsquo;accueil de <strong>7 voyageurs<\/strong><\/p>\n\n\n\n<div style=\"height:18px\" aria-hidden=\"true\" class=\"wp-block-spacer\"><\/div>\n\n\n\n<figure class=\"wp-block-image size-large\"><img loading=\"lazy\" decoding=\"async\" width=\"1024\" height=\"1024\" src=\"https:\/\/lacroiseedeschemins49.fr\/wp-content\/uploads\/2025\/11\/090625-7-PERS-1024x1024.png\" alt=\"\" class=\"wp-image-904\" srcset=\"https:\/\/lacroiseedeschemins49.fr\/wp-content\/uploads\/2025\/11\/090625-7-PERS-1024x1024.png 1024w, https:\/\/lacroiseedeschemins49.fr\/wp-content\/uploads\/2025\/11\/090625-7-PERS-300x300.png 300w, https:\/\/lacroiseedeschemins49.fr\/wp-content\/uploads\/2025\/11\/090625-7-PERS-150x150.png 150w, https:\/\/lacroiseedeschemins49.fr\/wp-content\/uploads\/2025\/11\/090625-7-PERS-768x768.png 768w, https:\/\/lacroiseedeschemins49.fr\/wp-content\/uploads\/2025\/11\/090625-7-PERS-1536x1536.png 1536w, https:\/\/lacroiseedeschemins49.fr\/wp-content\/uploads\/2025\/11\/090625-7-PERS-2048x2048.png 2048w, https:\/\/lacroiseedeschemins49.fr\/wp-content\/uploads\/2025\/11\/090625-7-PERS-600x600.png 600w\" sizes=\"auto, (max-width: 1024px) 100vw, 1024px\" \/><\/figure>\n\n\n\n<p class=\"has-text-align-center has-white-color has-text-color has-background has-link-color wp-elements-9def2966000e1f6f52f7c33f139f8bde\" style=\"background-color:#e38334;font-size:18px\">Vous n&rsquo;avez pas besoin de la totalit\u00e9 du g\u00eete ? Une seule chambre vous suffit ? <strong>Contactez-nous<\/strong>, nous vous proposerons des tarifs adapt\u00e9s pour une seule de nos chambres.<\/p>\n\n\n\n<hr class=\"wp-block-separator has-alpha-channel-opacity is-style-wide\"\/>\n\n\n\n<p class=\"has-text-color has-background has-link-color wp-elements-4823f8ae126447c2c7c82cdb7723892b\" style=\"color:#424242;background-color:#f4ca92\"><strong>Options<\/strong><\/p>\n\n\n\n<ul class=\"wp-block-list\">\n<li>Linge de toilette : 5\u20ac\/personne<\/li>\n\n\n\n<li>M\u00e9nage fin de s\u00e9jour : 60\u20ac<\/li>\n<\/ul>\n\n\n\n<hr class=\"wp-block-separator has-alpha-channel-opacity\"\/>\n\n\n\n<p style=\"font-size:16px\"><strong>Arriv\u00e9es<\/strong> l\u2019apr\u00e8s-midi de 17h \u00e0 20h<\/p>\n\n\n\n<p style=\"font-size:16px\"><strong>D\u00e9parts<\/strong> le matin jusqu&rsquo;\u00e0 10h<\/p>\n\n\n\n<hr class=\"wp-block-separator has-alpha-channel-opacity\"\/>\n\n\n\n<script type=\"text\/javascript\" src=\"\/\/gadget.open-system.fr\/widgets-libs\/rel\/noyau-1.0.min.js\"><\/script>\n\n<script type=\"text\/javascript\">\n\n( function() {\n\n                var widgetProduit = AllianceReseaux.Widget.Instance( \"Produit\", { idPanier:\"8x3y8_M\", idIntegration:946, langue:\"fr\", ui:\"OSCH-132233\" } );\n\n                widgetProduit.PreApp(\"planning.actif\", true);\n\n                widgetProduit.PreApp(\"planning.nbMaxProduits\", 100);\n\n                widgetProduit.Initialise();\n\n})();\n\n<\/script>\n\n \n\n<div id=\"widget-produit-OSCH-132233\"><\/div>\n\n\n\n<hr class=\"wp-block-separator has-alpha-channel-opacity\"\/>\n\n\n\n<h2 class=\"wp-block-heading has-text-align-center\"><strong>Les conditions de r\u00e9servation et d&rsquo;annulation : <\/strong><\/h2>\n\n\n\n<ul class=\"wp-block-list\">\n<li>R\u00e8glement de 30% \u00e0 la r\u00e9servation, paiement du solde au plus tard 10 jours avant votre arriv\u00e9e.<\/li>\n\n\n\n<li>La r\u00e9servation devient effective lorsque la totalit\u00e9 du r\u00e8glement est effectu\u00e9e.<\/li>\n\n\n\n<li>En cas d&rsquo;annulation :\n<ul class=\"wp-block-list\">\n<li>72h avant l\u2019arriv\u00e9e, remboursement total de votre r\u00e9servation <\/li>\n\n\n\n<li>Au-del\u00e0, nous garderons les 30% vers\u00e9s \u00e0 la r\u00e9servation<\/li>\n<\/ul>\n<\/li>\n<\/ul>\n\n\n\n<p class=\"has-small-font-size\">Pour plus de pr\u00e9cisions, merci de prendre connaissance de notre r\u00e8glement int\u00e9rieur. <\/p>\n\n\n\n<hr class=\"wp-block-separator has-alpha-channel-opacity\"\/>\n\n\n\n<p class=\"has-text-align-center has-white-color has-text-color has-background has-link-color wp-elements-fa31eb108ad7e4db31920f93f7548270\" style=\"background-color:#db5024;font-size:16px\">Bienvenue dans mon atelier !<\/p>\n\n\n\n<div class=\"wp-block-columns is-layout-flex wp-container-core-columns-is-layout-9d6595d7 wp-block-columns-is-layout-flex\">\n<div class=\"wp-block-column is-layout-flow wp-block-column-is-layout-flow\" style=\"flex-basis:100px\"><\/div>\n\n\n\n<div class=\"wp-block-column is-layout-flow wp-block-column-is-layout-flow\">\n<p class=\"has-text-align-center\" style=\"font-size:15px\">Vous souhaitez d\u00e9couvrir et pratiquer les gestes de cr\u00eapier.e pour devenir un.e pro de la billig ?<\/p>\n\n\n\n<p class=\"has-text-align-center\" style=\"font-size:15px\">Je vous propose un atelier d\u00e9couverte, au coeur du g\u00eete.<\/p>\n\n\n\n<p class=\"has-text-align-center\" style=\"font-size:15px\">Au programme, conseils, petits secrets, tournage sur la billig et pour finir, une d\u00e9gustation gourmande !<\/p>\n<\/div>\n\n\n\n<div class=\"wp-block-column is-layout-flow wp-block-column-is-layout-flow\" style=\"flex-basis:100px\"><\/div>\n<\/div>\n\n\n\n<figure class=\"wp-block-image size-large\"><img loading=\"lazy\" decoding=\"async\" width=\"1024\" height=\"682\" src=\"https:\/\/lacroiseedeschemins49.fr\/wp-content\/uploads\/2025\/04\/ATELIER-DECOUVERTE-22-1024x682.png\" alt=\"Atelier d\u00e9couverte : 30\u20ac par personne (2 personnes maximum)\" class=\"wp-image-763\" srcset=\"https:\/\/lacroiseedeschemins49.fr\/wp-content\/uploads\/2025\/04\/ATELIER-DECOUVERTE-22-1024x682.png 1024w, https:\/\/lacroiseedeschemins49.fr\/wp-content\/uploads\/2025\/04\/ATELIER-DECOUVERTE-22-300x200.png 300w, https:\/\/lacroiseedeschemins49.fr\/wp-content\/uploads\/2025\/04\/ATELIER-DECOUVERTE-22-768x512.png 768w, https:\/\/lacroiseedeschemins49.fr\/wp-content\/uploads\/2025\/04\/ATELIER-DECOUVERTE-22-1536x1024.png 1536w, https:\/\/lacroiseedeschemins49.fr\/wp-content\/uploads\/2025\/04\/ATELIER-DECOUVERTE-22.png 1772w\" sizes=\"auto, (max-width: 1024px) 100vw, 1024px\" \/><\/figure>\n\n\n\n<div style=\"height:20px\" aria-hidden=\"true\" class=\"wp-block-spacer\"><\/div>\n\n\n\n<p class=\"has-text-align-center has-white-background-color has-background\" style=\"font-size:15px\"><em>Une question, besoin d&rsquo;information ?<\/em><\/p>\n\n\n\n<div class=\"wp-block-buttons is-content-justification-center is-layout-flex wp-container-core-buttons-is-layout-16018d1d wp-block-buttons-is-layout-flex\">\n<div class=\"wp-block-button is-style-fill\"><a class=\"wp-block-button__link has-background has-text-align-center wp-element-button\" href=\"https:\/\/lacroiseedeschemins49.fr\/index.php\/contact-acces\/\" style=\"background-color:#f4ca92\">Contactez-nous !<\/a><\/div>\n<\/div>\n\n\n\n<p><\/p>\n","protected":false},"excerpt":{"rendered":"<p>Notre g\u00eete a une capacit\u00e9 d&rsquo;accueil de 7 voyageurs Vous n&rsquo;avez pas besoin de la totalit\u00e9 du g\u00eete ? Une seule chambre vous suffit ? Contactez-nous, nous vous proposerons des tarifs adapt\u00e9s pour une seule de nos chambres. Options Arriv\u00e9es l\u2019apr\u00e8s-midi de 17h \u00e0 20h D\u00e9parts le matin jusqu&rsquo;\u00e0 10h Les conditions de r\u00e9servation et [&hellip;]<\/p>\n","protected":false},"author":1,"featured_media":0,"parent":0,"menu_order":0,"comment_status":"closed","ping_status":"closed","template":"","meta":{"footnotes":""},"class_list":["post-18","page","type-page","status-publish","hentry","entry"],"yoast_head":"<!-- This site is optimized with the Yoast SEO plugin v25.6 - https:\/\/yoast.com\/wordpress\/plugins\/seo\/ -->\n<title>Tarifs - Wordpress<\/title>\n<meta name=\"robots\" content=\"index, follow, max-snippet:-1, max-image-preview:large, max-video-preview:-1\" \/>\n<link rel=\"canonical\" href=\"https:\/\/lacroiseedeschemins49.fr\/index.php\/tarifs\/\" \/>\n<meta property=\"og:locale\" content=\"fr_FR\" \/>\n<meta property=\"og:type\" content=\"article\" \/>\n<meta property=\"og:title\" content=\"Tarifs - Wordpress\" \/>\n<meta property=\"og:description\" content=\"Notre g\u00eete a une capacit\u00e9 d&rsquo;accueil de 7 voyageurs Vous n&rsquo;avez pas besoin de la totalit\u00e9 du g\u00eete ? Une seule chambre vous suffit ? Contactez-nous, nous vous proposerons des tarifs adapt\u00e9s pour une seule de nos chambres. Options Arriv\u00e9es l\u2019apr\u00e8s-midi de 17h \u00e0 20h D\u00e9parts le matin jusqu&rsquo;\u00e0 10h Les conditions de r\u00e9servation et [&hellip;]\" \/>\n<meta property=\"og:url\" content=\"https:\/\/lacroiseedeschemins49.fr\/index.php\/tarifs\/\" \/>\n<meta property=\"og:site_name\" content=\"Wordpress\" \/>\n<meta property=\"article:modified_time\" content=\"2025-11-04T14:59:06+00:00\" \/>\n<meta property=\"og:image\" content=\"https:\/\/lacroiseedeschemins49.fr\/wp-content\/uploads\/2025\/11\/090625-7-PERS.png\" \/>\n\t<meta property=\"og:image:width\" content=\"2303\" \/>\n\t<meta property=\"og:image:height\" content=\"2303\" \/>\n\t<meta property=\"og:image:type\" content=\"image\/png\" \/>\n<meta name=\"twitter:card\" content=\"summary_large_image\" \/>\n<meta name=\"twitter:label1\" content=\"Dur\u00e9e de lecture estim\u00e9e\" \/>\n\t<meta name=\"twitter:data1\" content=\"2 minutes\" \/>\n<script type=\"application\/ld+json\" class=\"yoast-schema-graph\">{\"@context\":\"https:\/\/schema.org\",\"@graph\":[{\"@type\":\"WebPage\",\"@id\":\"https:\/\/lacroiseedeschemins49.fr\/index.php\/tarifs\/\",\"url\":\"https:\/\/lacroiseedeschemins49.fr\/index.php\/tarifs\/\",\"name\":\"Tarifs - Wordpress\",\"isPartOf\":{\"@id\":\"https:\/\/lacroiseedeschemins49.fr\/#website\"},\"primaryImageOfPage\":{\"@id\":\"https:\/\/lacroiseedeschemins49.fr\/index.php\/tarifs\/#primaryimage\"},\"image\":{\"@id\":\"https:\/\/lacroiseedeschemins49.fr\/index.php\/tarifs\/#primaryimage\"},\"thumbnailUrl\":\"https:\/\/lacroiseedeschemins49.fr\/wp-content\/uploads\/2025\/11\/090625-7-PERS-1024x1024.png\",\"datePublished\":\"2024-05-15T08:27:23+00:00\",\"dateModified\":\"2025-11-04T14:59:06+00:00\",\"breadcrumb\":{\"@id\":\"https:\/\/lacroiseedeschemins49.fr\/index.php\/tarifs\/#breadcrumb\"},\"inLanguage\":\"fr-FR\",\"potentialAction\":[{\"@type\":\"ReadAction\",\"target\":[\"https:\/\/lacroiseedeschemins49.fr\/index.php\/tarifs\/\"]}]},{\"@type\":\"ImageObject\",\"inLanguage\":\"fr-FR\",\"@id\":\"https:\/\/lacroiseedeschemins49.fr\/index.php\/tarifs\/#primaryimage\",\"url\":\"https:\/\/lacroiseedeschemins49.fr\/wp-content\/uploads\/2025\/11\/090625-7-PERS.png\",\"contentUrl\":\"https:\/\/lacroiseedeschemins49.fr\/wp-content\/uploads\/2025\/11\/090625-7-PERS.png\",\"width\":2303,\"height\":2303},{\"@type\":\"BreadcrumbList\",\"@id\":\"https:\/\/lacroiseedeschemins49.fr\/index.php\/tarifs\/#breadcrumb\",\"itemListElement\":[{\"@type\":\"ListItem\",\"position\":1,\"name\":\"Accueil\",\"item\":\"https:\/\/lacroiseedeschemins49.fr\/\"},{\"@type\":\"ListItem\",\"position\":2,\"name\":\"Tarifs\"}]},{\"@type\":\"WebSite\",\"@id\":\"https:\/\/lacroiseedeschemins49.fr\/#website\",\"url\":\"https:\/\/lacroiseedeschemins49.fr\/\",\"name\":\"Wordpress\",\"description\":\"La Crois\u00e9e des Chemins\",\"publisher\":{\"@id\":\"https:\/\/lacroiseedeschemins49.fr\/#organization\"},\"potentialAction\":[{\"@type\":\"SearchAction\",\"target\":{\"@type\":\"EntryPoint\",\"urlTemplate\":\"https:\/\/lacroiseedeschemins49.fr\/?s={search_term_string}\"},\"query-input\":{\"@type\":\"PropertyValueSpecification\",\"valueRequired\":true,\"valueName\":\"search_term_string\"}}],\"inLanguage\":\"fr-FR\"},{\"@type\":\"Organization\",\"@id\":\"https:\/\/lacroiseedeschemins49.fr\/#organization\",\"name\":\"Wordpress\",\"url\":\"https:\/\/lacroiseedeschemins49.fr\/\",\"logo\":{\"@type\":\"ImageObject\",\"inLanguage\":\"fr-FR\",\"@id\":\"https:\/\/lacroiseedeschemins49.fr\/#\/schema\/logo\/image\/\",\"url\":\"https:\/\/lacroiseedeschemins49.fr\/wp-content\/uploads\/2025\/01\/cropped-logo-La-Croisee-des-Chemins-1.jpg\",\"contentUrl\":\"https:\/\/lacroiseedeschemins49.fr\/wp-content\/uploads\/2025\/01\/cropped-logo-La-Croisee-des-Chemins-1.jpg\",\"width\":1147,\"height\":435,\"caption\":\"Wordpress\"},\"image\":{\"@id\":\"https:\/\/lacroiseedeschemins49.fr\/#\/schema\/logo\/image\/\"}}]}<\/script>\n<!-- \/ Yoast SEO plugin. -->","yoast_head_json":{"title":"Tarifs - Wordpress","robots":{"index":"index","follow":"follow","max-snippet":"max-snippet:-1","max-image-preview":"max-image-preview:large","max-video-preview":"max-video-preview:-1"},"canonical":"https:\/\/lacroiseedeschemins49.fr\/index.php\/tarifs\/","og_locale":"fr_FR","og_type":"article","og_title":"Tarifs - Wordpress","og_description":"Notre g\u00eete a une capacit\u00e9 d&rsquo;accueil de 7 voyageurs Vous n&rsquo;avez pas besoin de la totalit\u00e9 du g\u00eete ? Une seule chambre vous suffit ? Contactez-nous, nous vous proposerons des tarifs adapt\u00e9s pour une seule de nos chambres. Options Arriv\u00e9es l\u2019apr\u00e8s-midi de 17h \u00e0 20h D\u00e9parts le matin jusqu&rsquo;\u00e0 10h Les conditions de r\u00e9servation et [&hellip;]","og_url":"https:\/\/lacroiseedeschemins49.fr\/index.php\/tarifs\/","og_site_name":"Wordpress","article_modified_time":"2025-11-04T14:59:06+00:00","og_image":[{"width":2303,"height":2303,"url":"https:\/\/lacroiseedeschemins49.fr\/wp-content\/uploads\/2025\/11\/090625-7-PERS.png","type":"image\/png"}],"twitter_card":"summary_large_image","twitter_misc":{"Dur\u00e9e de lecture estim\u00e9e":"2 minutes"},"schema":{"@context":"https:\/\/schema.org","@graph":[{"@type":"WebPage","@id":"https:\/\/lacroiseedeschemins49.fr\/index.php\/tarifs\/","url":"https:\/\/lacroiseedeschemins49.fr\/index.php\/tarifs\/","name":"Tarifs - Wordpress","isPartOf":{"@id":"https:\/\/lacroiseedeschemins49.fr\/#website"},"primaryImageOfPage":{"@id":"https:\/\/lacroiseedeschemins49.fr\/index.php\/tarifs\/#primaryimage"},"image":{"@id":"https:\/\/lacroiseedeschemins49.fr\/index.php\/tarifs\/#primaryimage"},"thumbnailUrl":"https:\/\/lacroiseedeschemins49.fr\/wp-content\/uploads\/2025\/11\/090625-7-PERS-1024x1024.png","datePublished":"2024-05-15T08:27:23+00:00","dateModified":"2025-11-04T14:59:06+00:00","breadcrumb":{"@id":"https:\/\/lacroiseedeschemins49.fr\/index.php\/tarifs\/#breadcrumb"},"inLanguage":"fr-FR","potentialAction":[{"@type":"ReadAction","target":["https:\/\/lacroiseedeschemins49.fr\/index.php\/tarifs\/"]}]},{"@type":"ImageObject","inLanguage":"fr-FR","@id":"https:\/\/lacroiseedeschemins49.fr\/index.php\/tarifs\/#primaryimage","url":"https:\/\/lacroiseedeschemins49.fr\/wp-content\/uploads\/2025\/11\/090625-7-PERS.png","contentUrl":"https:\/\/lacroiseedeschemins49.fr\/wp-content\/uploads\/2025\/11\/090625-7-PERS.png","width":2303,"height":2303},{"@type":"BreadcrumbList","@id":"https:\/\/lacroiseedeschemins49.fr\/index.php\/tarifs\/#breadcrumb","itemListElement":[{"@type":"ListItem","position":1,"name":"Accueil","item":"https:\/\/lacroiseedeschemins49.fr\/"},{"@type":"ListItem","position":2,"name":"Tarifs"}]},{"@type":"WebSite","@id":"https:\/\/lacroiseedeschemins49.fr\/#website","url":"https:\/\/lacroiseedeschemins49.fr\/","name":"Wordpress","description":"La Crois\u00e9e des Chemins","publisher":{"@id":"https:\/\/lacroiseedeschemins49.fr\/#organization"},"potentialAction":[{"@type":"SearchAction","target":{"@type":"EntryPoint","urlTemplate":"https:\/\/lacroiseedeschemins49.fr\/?s={search_term_string}"},"query-input":{"@type":"PropertyValueSpecification","valueRequired":true,"valueName":"search_term_string"}}],"inLanguage":"fr-FR"},{"@type":"Organization","@id":"https:\/\/lacroiseedeschemins49.fr\/#organization","name":"Wordpress","url":"https:\/\/lacroiseedeschemins49.fr\/","logo":{"@type":"ImageObject","inLanguage":"fr-FR","@id":"https:\/\/lacroiseedeschemins49.fr\/#\/schema\/logo\/image\/","url":"https:\/\/lacroiseedeschemins49.fr\/wp-content\/uploads\/2025\/01\/cropped-logo-La-Croisee-des-Chemins-1.jpg","contentUrl":"https:\/\/lacroiseedeschemins49.fr\/wp-content\/uploads\/2025\/01\/cropped-logo-La-Croisee-des-Chemins-1.jpg","width":1147,"height":435,"caption":"Wordpress"},"image":{"@id":"https:\/\/lacroiseedeschemins49.fr\/#\/schema\/logo\/image\/"}}]}},"_links":{"self":[{"href":"https:\/\/lacroiseedeschemins49.fr\/index.php\/wp-json\/wp\/v2\/pages\/18","targetHints":{"allow":["GET"]}}],"collection":[{"href":"https:\/\/lacroiseedeschemins49.fr\/index.php\/wp-json\/wp\/v2\/pages"}],"about":[{"href":"https:\/\/lacroiseedeschemins49.fr\/index.php\/wp-json\/wp\/v2\/types\/page"}],"author":[{"embeddable":true,"href":"https:\/\/lacroiseedeschemins49.fr\/index.php\/wp-json\/wp\/v2\/users\/1"}],"replies":[{"embeddable":true,"href":"https:\/\/lacroiseedeschemins49.fr\/index.php\/wp-json\/wp\/v2\/comments?post=18"}],"version-history":[{"count":63,"href":"https:\/\/lacroiseedeschemins49.fr\/index.php\/wp-json\/wp\/v2\/pages\/18\/revisions"}],"predecessor-version":[{"id":905,"href":"https:\/\/lacroiseedeschemins49.fr\/index.php\/wp-json\/wp\/v2\/pages\/18\/revisions\/905"}],"wp:attachment":[{"href":"https:\/\/lacroiseedeschemins49.fr\/index.php\/wp-json\/wp\/v2\/media?parent=18"}],"curies":[{"name":"wp","href":"https:\/\/api.w.org\/{rel}","templated":true}]}}