{"id":16,"date":"2024-05-15T10:26:57","date_gmt":"2024-05-15T08:26:57","guid":{"rendered":"https:\/\/lacroiseedeschemins49.fr\/?page_id=16"},"modified":"2025-04-09T09:14:11","modified_gmt":"2025-04-09T07:14:11","slug":"a-voir-a-faire","status":"publish","type":"page","link":"https:\/\/lacroiseedeschemins49.fr\/index.php\/a-voir-a-faire\/","title":{"rendered":"A voir, \u00e0 faire"},"content":{"rendered":"\n<p class=\"has-medium-font-size\"><em><strong>Envie de d\u00e9couvrir les tr\u00e9sors de notre belle r\u00e9gion ? <\/strong><\/em><\/p>\n\n\n\n<p>Que vous soyez amateur de patrimoine, de f\u00eates locales, de balades sportives ou de bons produits du terroir, d\u00e9couvrez les incontournables, les festivit\u00e9s, les activit\u00e9s en plein air et les march\u00e9s fermiers \u00e0 ne pas manquer pendant votre s\u00e9jour.<\/p>\n\n\n\n<div class=\"wp-block-columns is-layout-flex wp-container-core-columns-is-layout-9d6595d7 wp-block-columns-is-layout-flex\">\n<div class=\"wp-block-column is-layout-flow wp-block-column-is-layout-flow\">\n<figure class=\"wp-block-image size-full\"><a href=\"https:\/\/lacroiseedeschemins49.fr\/index.php\/les-lieux-incontournables\/\"><img loading=\"lazy\" decoding=\"async\" width=\"800\" height=\"600\" src=\"http:\/\/lacroiseedeschemins49.fr\/wp-content\/uploads\/2025\/04\/CHATEAU-ANGERS.jpg\" alt=\"Le magnifique ch\u00e2teau d'Angers et ses jardins dans les douves\" class=\"wp-image-731\" srcset=\"https:\/\/lacroiseedeschemins49.fr\/wp-content\/uploads\/2025\/04\/CHATEAU-ANGERS.jpg 800w, https:\/\/lacroiseedeschemins49.fr\/wp-content\/uploads\/2025\/04\/CHATEAU-ANGERS-300x225.jpg 300w, https:\/\/lacroiseedeschemins49.fr\/wp-content\/uploads\/2025\/04\/CHATEAU-ANGERS-768x576.jpg 768w\" sizes=\"auto, (max-width: 800px) 100vw, 800px\" \/><\/a><\/figure>\n\n\n\n<div class=\"wp-block-buttons is-content-justification-center is-layout-flex wp-container-core-buttons-is-layout-16018d1d wp-block-buttons-is-layout-flex\">\n<div class=\"wp-block-button\"><a class=\"wp-block-button__link has-background has-text-align-center wp-element-button\" href=\"https:\/\/lacroiseedeschemins49.fr\/index.php\/les-lieux-incontournables\/\" style=\"background-color:#f4ca92\">Les lieux incontournables<\/a><\/div>\n<\/div>\n<\/div>\n\n\n\n<div class=\"wp-block-column is-layout-flow wp-block-column-is-layout-flow\">\n<figure class=\"wp-block-image size-full\"><a href=\"https:\/\/lacroiseedeschemins49.fr\/index.php\/les-bonnes-adresses\/\"><img loading=\"lazy\" decoding=\"async\" width=\"800\" height=\"600\" src=\"http:\/\/lacroiseedeschemins49.fr\/wp-content\/uploads\/2025\/03\/Marche.png\" alt=\"Les \u00e9tals d'un march\u00e9 fermier local\" class=\"wp-image-708\" srcset=\"https:\/\/lacroiseedeschemins49.fr\/wp-content\/uploads\/2025\/03\/Marche.png 800w, https:\/\/lacroiseedeschemins49.fr\/wp-content\/uploads\/2025\/03\/Marche-300x225.png 300w, https:\/\/lacroiseedeschemins49.fr\/wp-content\/uploads\/2025\/03\/Marche-768x576.png 768w\" sizes=\"auto, (max-width: 800px) 100vw, 800px\" \/><\/a><\/figure>\n\n\n\n<div class=\"wp-block-buttons is-content-justification-center is-layout-flex wp-container-core-buttons-is-layout-16018d1d wp-block-buttons-is-layout-flex\">\n<div class=\"wp-block-button\"><a class=\"wp-block-button__link has-background wp-element-button\" href=\"https:\/\/lacroiseedeschemins49.fr\/index.php\/les-bonnes-adresses\/\" style=\"background-color:#f4ca92\">Les march\u00e9s fermiers locaux<\/a><\/div>\n<\/div>\n<\/div>\n<\/div>\n\n\n\n<div style=\"height:20px\" aria-hidden=\"true\" class=\"wp-block-spacer\"><\/div>\n\n\n\n<div class=\"wp-block-columns is-layout-flex wp-container-core-columns-is-layout-9d6595d7 wp-block-columns-is-layout-flex\">\n<div class=\"wp-block-column is-layout-flow wp-block-column-is-layout-flow\">\n<figure class=\"wp-block-image size-full\"><a href=\"https:\/\/lacroiseedeschemins49.fr\/index.php\/les-festivites-annuelles\/\"><img loading=\"lazy\" decoding=\"async\" width=\"800\" height=\"600\" src=\"http:\/\/lacroiseedeschemins49.fr\/wp-content\/uploads\/2025\/04\/FESTIVAL-DANJOU.jpg\" alt=\"Le festival d'Anjou au Plessis Mac\u00e9\" class=\"wp-image-732\" srcset=\"https:\/\/lacroiseedeschemins49.fr\/wp-content\/uploads\/2025\/04\/FESTIVAL-DANJOU.jpg 800w, https:\/\/lacroiseedeschemins49.fr\/wp-content\/uploads\/2025\/04\/FESTIVAL-DANJOU-300x225.jpg 300w, https:\/\/lacroiseedeschemins49.fr\/wp-content\/uploads\/2025\/04\/FESTIVAL-DANJOU-768x576.jpg 768w\" sizes=\"auto, (max-width: 800px) 100vw, 800px\" \/><\/a><\/figure>\n\n\n\n<div class=\"wp-block-buttons is-content-justification-center is-layout-flex wp-container-core-buttons-is-layout-16018d1d wp-block-buttons-is-layout-flex\">\n<div class=\"wp-block-button\"><a class=\"wp-block-button__link has-background wp-element-button\" href=\"https:\/\/lacroiseedeschemins49.fr\/index.php\/les-festivites-annuelles\/\" style=\"background-color:#f4ca92\">Les festivit\u00e9s annuelles<\/a><\/div>\n<\/div>\n<\/div>\n\n\n\n<div class=\"wp-block-column is-layout-flow wp-block-column-is-layout-flow\">\n<figure class=\"wp-block-image size-full\"><a href=\"https:\/\/lacroiseedeschemins49.fr\/index.php\/les-activites-sportives\/\"><img loading=\"lazy\" decoding=\"async\" width=\"800\" height=\"600\" src=\"http:\/\/lacroiseedeschemins49.fr\/wp-content\/uploads\/2025\/04\/MONDIAL-DU-LION.jpg\" alt=\"Les courses au Lion d'Angers : cheval  et son cavalier traversant une rivi\u00e8re.\" class=\"wp-image-736\" srcset=\"https:\/\/lacroiseedeschemins49.fr\/wp-content\/uploads\/2025\/04\/MONDIAL-DU-LION.jpg 800w, https:\/\/lacroiseedeschemins49.fr\/wp-content\/uploads\/2025\/04\/MONDIAL-DU-LION-300x225.jpg 300w, https:\/\/lacroiseedeschemins49.fr\/wp-content\/uploads\/2025\/04\/MONDIAL-DU-LION-768x576.jpg 768w\" sizes=\"auto, (max-width: 800px) 100vw, 800px\" \/><\/a><\/figure>\n\n\n\n<div class=\"wp-block-buttons is-content-justification-center is-layout-flex wp-container-core-buttons-is-layout-16018d1d wp-block-buttons-is-layout-flex\">\n<div class=\"wp-block-button\"><a class=\"wp-block-button__link has-background wp-element-button\" href=\"https:\/\/lacroiseedeschemins49.fr\/index.php\/les-activites-sportives\/\" style=\"background-color:#f4ca92\">Les activit\u00e9s sportives<\/a><\/div>\n<\/div>\n<\/div>\n<\/div>\n\n\n\n<p><\/p>\n","protected":false},"excerpt":{"rendered":"<p>Envie de d\u00e9couvrir les tr\u00e9sors de notre belle r\u00e9gion ? Que vous soyez amateur de patrimoine, de f\u00eates locales, de balades sportives ou de bons produits du terroir, d\u00e9couvrez les incontournables, les festivit\u00e9s, les activit\u00e9s en plein air et les march\u00e9s fermiers \u00e0 ne pas manquer pendant votre s\u00e9jour.<\/p>\n","protected":false},"author":1,"featured_media":0,"parent":0,"menu_order":0,"comment_status":"closed","ping_status":"closed","template":"","meta":{"footnotes":""},"class_list":["post-16","page","type-page","status-publish","hentry","entry"],"yoast_head":"<!-- This site is optimized with the Yoast SEO plugin v25.6 - https:\/\/yoast.com\/wordpress\/plugins\/seo\/ -->\n<title>A voir, \u00e0 faire - Wordpress<\/title>\n<meta name=\"robots\" content=\"index, follow, max-snippet:-1, max-image-preview:large, max-video-preview:-1\" \/>\n<link rel=\"canonical\" href=\"https:\/\/lacroiseedeschemins49.fr\/index.php\/a-voir-a-faire\/\" \/>\n<meta property=\"og:locale\" content=\"fr_FR\" \/>\n<meta property=\"og:type\" content=\"article\" \/>\n<meta property=\"og:title\" content=\"A voir, \u00e0 faire - Wordpress\" \/>\n<meta property=\"og:description\" content=\"Envie de d\u00e9couvrir les tr\u00e9sors de notre belle r\u00e9gion ? Que vous soyez amateur de patrimoine, de f\u00eates locales, de balades sportives ou de bons produits du terroir, d\u00e9couvrez les incontournables, les festivit\u00e9s, les activit\u00e9s en plein air et les march\u00e9s fermiers \u00e0 ne pas manquer pendant votre s\u00e9jour.\" \/>\n<meta property=\"og:url\" content=\"https:\/\/lacroiseedeschemins49.fr\/index.php\/a-voir-a-faire\/\" \/>\n<meta property=\"og:site_name\" content=\"Wordpress\" \/>\n<meta property=\"article:modified_time\" content=\"2025-04-09T07:14:11+00:00\" \/>\n<meta property=\"og:image\" content=\"https:\/\/lacroiseedeschemins49.fr\/wp-content\/uploads\/2025\/04\/CHATEAU-ANGERS.jpg\" \/>\n\t<meta property=\"og:image:width\" content=\"800\" \/>\n\t<meta property=\"og:image:height\" content=\"600\" \/>\n\t<meta property=\"og:image:type\" content=\"image\/jpeg\" \/>\n<meta name=\"twitter:card\" content=\"summary_large_image\" \/>\n<meta name=\"twitter:label1\" content=\"Dur\u00e9e de lecture estim\u00e9e\" \/>\n\t<meta name=\"twitter:data1\" content=\"2 minutes\" \/>\n<script type=\"application\/ld+json\" class=\"yoast-schema-graph\">{\"@context\":\"https:\/\/schema.org\",\"@graph\":[{\"@type\":\"WebPage\",\"@id\":\"https:\/\/lacroiseedeschemins49.fr\/index.php\/a-voir-a-faire\/\",\"url\":\"https:\/\/lacroiseedeschemins49.fr\/index.php\/a-voir-a-faire\/\",\"name\":\"A voir, \u00e0 faire - Wordpress\",\"isPartOf\":{\"@id\":\"https:\/\/lacroiseedeschemins49.fr\/#website\"},\"primaryImageOfPage\":{\"@id\":\"https:\/\/lacroiseedeschemins49.fr\/index.php\/a-voir-a-faire\/#primaryimage\"},\"image\":{\"@id\":\"https:\/\/lacroiseedeschemins49.fr\/index.php\/a-voir-a-faire\/#primaryimage\"},\"thumbnailUrl\":\"http:\/\/lacroiseedeschemins49.fr\/wp-content\/uploads\/2025\/04\/CHATEAU-ANGERS.jpg\",\"datePublished\":\"2024-05-15T08:26:57+00:00\",\"dateModified\":\"2025-04-09T07:14:11+00:00\",\"breadcrumb\":{\"@id\":\"https:\/\/lacroiseedeschemins49.fr\/index.php\/a-voir-a-faire\/#breadcrumb\"},\"inLanguage\":\"fr-FR\",\"potentialAction\":[{\"@type\":\"ReadAction\",\"target\":[\"https:\/\/lacroiseedeschemins49.fr\/index.php\/a-voir-a-faire\/\"]}]},{\"@type\":\"ImageObject\",\"inLanguage\":\"fr-FR\",\"@id\":\"https:\/\/lacroiseedeschemins49.fr\/index.php\/a-voir-a-faire\/#primaryimage\",\"url\":\"https:\/\/lacroiseedeschemins49.fr\/wp-content\/uploads\/2025\/04\/CHATEAU-ANGERS.jpg\",\"contentUrl\":\"https:\/\/lacroiseedeschemins49.fr\/wp-content\/uploads\/2025\/04\/CHATEAU-ANGERS.jpg\",\"width\":800,\"height\":600},{\"@type\":\"BreadcrumbList\",\"@id\":\"https:\/\/lacroiseedeschemins49.fr\/index.php\/a-voir-a-faire\/#breadcrumb\",\"itemListElement\":[{\"@type\":\"ListItem\",\"position\":1,\"name\":\"Accueil\",\"item\":\"https:\/\/lacroiseedeschemins49.fr\/\"},{\"@type\":\"ListItem\",\"position\":2,\"name\":\"A voir, \u00e0 faire\"}]},{\"@type\":\"WebSite\",\"@id\":\"https:\/\/lacroiseedeschemins49.fr\/#website\",\"url\":\"https:\/\/lacroiseedeschemins49.fr\/\",\"name\":\"Wordpress\",\"description\":\"La Crois\u00e9e des Chemins\",\"publisher\":{\"@id\":\"https:\/\/lacroiseedeschemins49.fr\/#organization\"},\"potentialAction\":[{\"@type\":\"SearchAction\",\"target\":{\"@type\":\"EntryPoint\",\"urlTemplate\":\"https:\/\/lacroiseedeschemins49.fr\/?s={search_term_string}\"},\"query-input\":{\"@type\":\"PropertyValueSpecification\",\"valueRequired\":true,\"valueName\":\"search_term_string\"}}],\"inLanguage\":\"fr-FR\"},{\"@type\":\"Organization\",\"@id\":\"https:\/\/lacroiseedeschemins49.fr\/#organization\",\"name\":\"Wordpress\",\"url\":\"https:\/\/lacroiseedeschemins49.fr\/\",\"logo\":{\"@type\":\"ImageObject\",\"inLanguage\":\"fr-FR\",\"@id\":\"https:\/\/lacroiseedeschemins49.fr\/#\/schema\/logo\/image\/\",\"url\":\"https:\/\/lacroiseedeschemins49.fr\/wp-content\/uploads\/2025\/01\/cropped-logo-La-Croisee-des-Chemins-1.jpg\",\"contentUrl\":\"https:\/\/lacroiseedeschemins49.fr\/wp-content\/uploads\/2025\/01\/cropped-logo-La-Croisee-des-Chemins-1.jpg\",\"width\":1147,\"height\":435,\"caption\":\"Wordpress\"},\"image\":{\"@id\":\"https:\/\/lacroiseedeschemins49.fr\/#\/schema\/logo\/image\/\"}}]}<\/script>\n<!-- \/ Yoast SEO plugin. -->","yoast_head_json":{"title":"A voir, \u00e0 faire - Wordpress","robots":{"index":"index","follow":"follow","max-snippet":"max-snippet:-1","max-image-preview":"max-image-preview:large","max-video-preview":"max-video-preview:-1"},"canonical":"https:\/\/lacroiseedeschemins49.fr\/index.php\/a-voir-a-faire\/","og_locale":"fr_FR","og_type":"article","og_title":"A voir, \u00e0 faire - Wordpress","og_description":"Envie de d\u00e9couvrir les tr\u00e9sors de notre belle r\u00e9gion ? Que vous soyez amateur de patrimoine, de f\u00eates locales, de balades sportives ou de bons produits du terroir, d\u00e9couvrez les incontournables, les festivit\u00e9s, les activit\u00e9s en plein air et les march\u00e9s fermiers \u00e0 ne pas manquer pendant votre s\u00e9jour.","og_url":"https:\/\/lacroiseedeschemins49.fr\/index.php\/a-voir-a-faire\/","og_site_name":"Wordpress","article_modified_time":"2025-04-09T07:14:11+00:00","og_image":[{"width":800,"height":600,"url":"https:\/\/lacroiseedeschemins49.fr\/wp-content\/uploads\/2025\/04\/CHATEAU-ANGERS.jpg","type":"image\/jpeg"}],"twitter_card":"summary_large_image","twitter_misc":{"Dur\u00e9e de lecture estim\u00e9e":"2 minutes"},"schema":{"@context":"https:\/\/schema.org","@graph":[{"@type":"WebPage","@id":"https:\/\/lacroiseedeschemins49.fr\/index.php\/a-voir-a-faire\/","url":"https:\/\/lacroiseedeschemins49.fr\/index.php\/a-voir-a-faire\/","name":"A voir, \u00e0 faire - Wordpress","isPartOf":{"@id":"https:\/\/lacroiseedeschemins49.fr\/#website"},"primaryImageOfPage":{"@id":"https:\/\/lacroiseedeschemins49.fr\/index.php\/a-voir-a-faire\/#primaryimage"},"image":{"@id":"https:\/\/lacroiseedeschemins49.fr\/index.php\/a-voir-a-faire\/#primaryimage"},"thumbnailUrl":"http:\/\/lacroiseedeschemins49.fr\/wp-content\/uploads\/2025\/04\/CHATEAU-ANGERS.jpg","datePublished":"2024-05-15T08:26:57+00:00","dateModified":"2025-04-09T07:14:11+00:00","breadcrumb":{"@id":"https:\/\/lacroiseedeschemins49.fr\/index.php\/a-voir-a-faire\/#breadcrumb"},"inLanguage":"fr-FR","potentialAction":[{"@type":"ReadAction","target":["https:\/\/lacroiseedeschemins49.fr\/index.php\/a-voir-a-faire\/"]}]},{"@type":"ImageObject","inLanguage":"fr-FR","@id":"https:\/\/lacroiseedeschemins49.fr\/index.php\/a-voir-a-faire\/#primaryimage","url":"https:\/\/lacroiseedeschemins49.fr\/wp-content\/uploads\/2025\/04\/CHATEAU-ANGERS.jpg","contentUrl":"https:\/\/lacroiseedeschemins49.fr\/wp-content\/uploads\/2025\/04\/CHATEAU-ANGERS.jpg","width":800,"height":600},{"@type":"BreadcrumbList","@id":"https:\/\/lacroiseedeschemins49.fr\/index.php\/a-voir-a-faire\/#breadcrumb","itemListElement":[{"@type":"ListItem","position":1,"name":"Accueil","item":"https:\/\/lacroiseedeschemins49.fr\/"},{"@type":"ListItem","position":2,"name":"A voir, \u00e0 faire"}]},{"@type":"WebSite","@id":"https:\/\/lacroiseedeschemins49.fr\/#website","url":"https:\/\/lacroiseedeschemins49.fr\/","name":"Wordpress","description":"La Crois\u00e9e des Chemins","publisher":{"@id":"https:\/\/lacroiseedeschemins49.fr\/#organization"},"potentialAction":[{"@type":"SearchAction","target":{"@type":"EntryPoint","urlTemplate":"https:\/\/lacroiseedeschemins49.fr\/?s={search_term_string}"},"query-input":{"@type":"PropertyValueSpecification","valueRequired":true,"valueName":"search_term_string"}}],"inLanguage":"fr-FR"},{"@type":"Organization","@id":"https:\/\/lacroiseedeschemins49.fr\/#organization","name":"Wordpress","url":"https:\/\/lacroiseedeschemins49.fr\/","logo":{"@type":"ImageObject","inLanguage":"fr-FR","@id":"https:\/\/lacroiseedeschemins49.fr\/#\/schema\/logo\/image\/","url":"https:\/\/lacroiseedeschemins49.fr\/wp-content\/uploads\/2025\/01\/cropped-logo-La-Croisee-des-Chemins-1.jpg","contentUrl":"https:\/\/lacroiseedeschemins49.fr\/wp-content\/uploads\/2025\/01\/cropped-logo-La-Croisee-des-Chemins-1.jpg","width":1147,"height":435,"caption":"Wordpress"},"image":{"@id":"https:\/\/lacroiseedeschemins49.fr\/#\/schema\/logo\/image\/"}}]}},"_links":{"self":[{"href":"https:\/\/lacroiseedeschemins49.fr\/index.php\/wp-json\/wp\/v2\/pages\/16","targetHints":{"allow":["GET"]}}],"collection":[{"href":"https:\/\/lacroiseedeschemins49.fr\/index.php\/wp-json\/wp\/v2\/pages"}],"about":[{"href":"https:\/\/lacroiseedeschemins49.fr\/index.php\/wp-json\/wp\/v2\/types\/page"}],"author":[{"embeddable":true,"href":"https:\/\/lacroiseedeschemins49.fr\/index.php\/wp-json\/wp\/v2\/users\/1"}],"replies":[{"embeddable":true,"href":"https:\/\/lacroiseedeschemins49.fr\/index.php\/wp-json\/wp\/v2\/comments?post=16"}],"version-history":[{"count":11,"href":"https:\/\/lacroiseedeschemins49.fr\/index.php\/wp-json\/wp\/v2\/pages\/16\/revisions"}],"predecessor-version":[{"id":817,"href":"https:\/\/lacroiseedeschemins49.fr\/index.php\/wp-json\/wp\/v2\/pages\/16\/revisions\/817"}],"wp:attachment":[{"href":"https:\/\/lacroiseedeschemins49.fr\/index.php\/wp-json\/wp\/v2\/media?parent=16"}],"curies":[{"name":"wp","href":"https:\/\/api.w.org\/{rel}","templated":true}]}}