{"id":14,"date":"2024-05-15T10:26:30","date_gmt":"2024-05-15T08:26:30","guid":{"rendered":"https:\/\/lacroiseedeschemins49.fr\/?page_id=14"},"modified":"2026-02-04T11:50:58","modified_gmt":"2026-02-04T10:50:58","slug":"sejourner","status":"publish","type":"page","link":"https:\/\/lacroiseedeschemins49.fr\/index.php\/sejourner\/","title":{"rendered":"S\u00e9journer"},"content":{"rendered":"\n<h1 class=\"wp-block-heading\"><em><strong>Ressourcez-vous dans un cadre apaisant et chaleureux<\/strong><\/em><\/h1>\n\n\n\n<h2 class=\"wp-block-heading\"><em><strong>Les chambres<\/strong><\/em><\/h2>\n\n\n\n<figure class=\"wp-block-image size-full\"><img loading=\"lazy\" decoding=\"async\" width=\"800\" height=\"600\" src=\"http:\/\/lacroiseedeschemins49.fr\/wp-content\/uploads\/2025\/04\/800-x-600-2.jpg\" alt=\"Les 2 chambres tr\u00e8s cocooning du g\u00eete : L'Embellie et La Parenth\u00e8se\" class=\"wp-image-831\" srcset=\"https:\/\/lacroiseedeschemins49.fr\/wp-content\/uploads\/2025\/04\/800-x-600-2.jpg 800w, https:\/\/lacroiseedeschemins49.fr\/wp-content\/uploads\/2025\/04\/800-x-600-2-300x225.jpg 300w, https:\/\/lacroiseedeschemins49.fr\/wp-content\/uploads\/2025\/04\/800-x-600-2-768x576.jpg 768w\" sizes=\"auto, (max-width: 800px) 100vw, 800px\" \/><\/figure>\n\n\n\n<div class=\"wp-block-columns is-layout-flex wp-container-core-columns-is-layout-9d6595d7 wp-block-columns-is-layout-flex\">\n<div class=\"wp-block-column is-layout-flow wp-block-column-is-layout-flow\">\n<h2 class=\"wp-block-heading\"><em><strong>L&rsquo;Embellie<\/strong><\/em><\/h2>\n\n\n\n<p>D\u2019une belle superficie, cette chambre est tr\u00e8s lumineuse gr\u00e2ce ses deux grandes baies vitr\u00e9es.<\/p>\n\n\n\n<p>Situ\u00e9e au rez-de-chauss\u00e9e, elle dispose d&rsquo;une grande salle de bain privative. Elle est \u00e9quip\u00e9e d\u2019une douche \u00e0 l\u2019italienne spacieuse et confortable.<\/p>\n\n\n\n<p>Cette chambre peut accueillir deux personnes dans un grand lit (160 x 200), elle est \u00e9quip\u00e9e d\u2019un t\u00e9l\u00e9viseur.<\/p>\n\n\n\n<p>Sa conception et son am\u00e9nagement permettent aux personnes \u00e0 mobilit\u00e9 r\u00e9duite d&rsquo;y s\u00e9journer.<\/p>\n\n\n\n<p>Une question, besoin d&rsquo;information ? <a href=\"https:\/\/lacroiseedeschemins49.fr\/index.php\/contact-acces\/\" target=\"_blank\" rel=\"noreferrer noopener\">Contactez-nous<\/a> pour plus de pr\u00e9cisions.<\/p>\n\n\n<div class=\"wp-block-image\">\n<figure class=\"aligncenter size-full is-resized\"><img loading=\"lazy\" decoding=\"async\" width=\"800\" height=\"600\" src=\"https:\/\/lacroiseedeschemins49.fr\/wp-content\/uploads\/2025\/03\/10.png\" alt=\"Ambiance cosy et lumineuse de la chambre L'Embellie\" class=\"wp-image-673\" style=\"width:840px;height:auto\" srcset=\"https:\/\/lacroiseedeschemins49.fr\/wp-content\/uploads\/2025\/03\/10.png 800w, https:\/\/lacroiseedeschemins49.fr\/wp-content\/uploads\/2025\/03\/10-300x225.png 300w, https:\/\/lacroiseedeschemins49.fr\/wp-content\/uploads\/2025\/03\/10-768x576.png 768w\" sizes=\"auto, (max-width: 800px) 100vw, 800px\" \/><\/figure><\/div>\n\n<div class=\"wp-block-image\">\n<figure class=\"aligncenter size-full is-resized\"><img loading=\"lazy\" decoding=\"async\" width=\"800\" height=\"600\" src=\"https:\/\/lacroiseedeschemins49.fr\/wp-content\/uploads\/2025\/03\/26.png\" alt=\"Miroir et rocking chair pour L'Embellie\" class=\"wp-image-675\" style=\"width:840px;height:auto\" srcset=\"https:\/\/lacroiseedeschemins49.fr\/wp-content\/uploads\/2025\/03\/26.png 800w, https:\/\/lacroiseedeschemins49.fr\/wp-content\/uploads\/2025\/03\/26-300x225.png 300w, https:\/\/lacroiseedeschemins49.fr\/wp-content\/uploads\/2025\/03\/26-768x576.png 768w\" sizes=\"auto, (max-width: 800px) 100vw, 800px\" \/><\/figure><\/div>\n\n<div class=\"wp-block-image\">\n<figure class=\"aligncenter size-full is-resized\"><img loading=\"lazy\" decoding=\"async\" width=\"800\" height=\"600\" src=\"https:\/\/lacroiseedeschemins49.fr\/wp-content\/uploads\/2025\/03\/28.png\" alt=\"Salle de bain adapt\u00e9e PMR avec jolie douche \u00e0 l'italienne, lavabo et toilettes\" class=\"wp-image-674\" style=\"width:840px;height:auto\" srcset=\"https:\/\/lacroiseedeschemins49.fr\/wp-content\/uploads\/2025\/03\/28.png 800w, https:\/\/lacroiseedeschemins49.fr\/wp-content\/uploads\/2025\/03\/28-300x225.png 300w, https:\/\/lacroiseedeschemins49.fr\/wp-content\/uploads\/2025\/03\/28-768x576.png 768w\" sizes=\"auto, (max-width: 800px) 100vw, 800px\" \/><\/figure><\/div><\/div>\n<\/div>\n\n\n\n<div style=\"height:40px\" aria-hidden=\"true\" class=\"wp-block-spacer\"><\/div>\n\n\n\n<h2 class=\"wp-block-heading\"><em><strong>La Parenth\u00e8se<\/strong><\/em><\/h2>\n\n\n\n<p>Situ\u00e9e \u00e0 l\u2019\u00e9tage, avec vue sur les chemins p\u00e9destres ombrag\u00e9s, le jardin et la piscine, cette chambre mansard\u00e9e est lumineuse et chaleureuse. Offrant une ambiance apaisante avec ses couleurs naturelles, et ses jolies poutres en bois, elle dispose de quatre couchages avec un lit double et deux lits simples. Le 5\u00e8me couchage est install\u00e9 sur demande. Pour votre confort et votre intimit\u00e9, une salle de bain et des toilettes (s\u00e9par\u00e9es) sont \u00e0 votre disposition. Elle est \u00e9galement \u00e9quip\u00e9e d&rsquo;un t\u00e9l\u00e9viseur.<\/p>\n\n\n<div class=\"wp-block-image\">\n<figure class=\"aligncenter size-full\"><img loading=\"lazy\" decoding=\"async\" width=\"800\" height=\"600\" src=\"https:\/\/lacroiseedeschemins49.fr\/wp-content\/uploads\/2025\/03\/11-1.png\" alt=\"Superbe chambre mansard\u00e9e La Parenth\u00e8se avec 2 lits pour 2 personnes et un lit une personne\" class=\"wp-image-684\" srcset=\"https:\/\/lacroiseedeschemins49.fr\/wp-content\/uploads\/2025\/03\/11-1.png 800w, https:\/\/lacroiseedeschemins49.fr\/wp-content\/uploads\/2025\/03\/11-1-300x225.png 300w, https:\/\/lacroiseedeschemins49.fr\/wp-content\/uploads\/2025\/03\/11-1-768x576.png 768w\" sizes=\"auto, (max-width: 800px) 100vw, 800px\" \/><\/figure><\/div>\n\n<div class=\"wp-block-image\">\n<figure class=\"aligncenter size-full\"><img loading=\"lazy\" decoding=\"async\" width=\"800\" height=\"600\" src=\"http:\/\/lacroiseedeschemins49.fr\/wp-content\/uploads\/2025\/03\/13.png\" alt=\"Chambre la parenth\u00e8se tr\u00e8s lumineuse et meubl\u00e9e avec soin\" class=\"wp-image-687\" srcset=\"https:\/\/lacroiseedeschemins49.fr\/wp-content\/uploads\/2025\/03\/13.png 800w, https:\/\/lacroiseedeschemins49.fr\/wp-content\/uploads\/2025\/03\/13-300x225.png 300w, https:\/\/lacroiseedeschemins49.fr\/wp-content\/uploads\/2025\/03\/13-768x576.png 768w\" sizes=\"auto, (max-width: 800px) 100vw, 800px\" \/><\/figure><\/div>\n\n<div class=\"wp-block-image\">\n<figure class=\"aligncenter size-full\"><img loading=\"lazy\" decoding=\"async\" width=\"800\" height=\"600\" src=\"http:\/\/lacroiseedeschemins49.fr\/wp-content\/uploads\/2025\/03\/34.png\" alt=\"Salle de bain avec grande cabine de douche\" class=\"wp-image-686\" srcset=\"https:\/\/lacroiseedeschemins49.fr\/wp-content\/uploads\/2025\/03\/34.png 800w, https:\/\/lacroiseedeschemins49.fr\/wp-content\/uploads\/2025\/03\/34-300x225.png 300w, https:\/\/lacroiseedeschemins49.fr\/wp-content\/uploads\/2025\/03\/34-768x576.png 768w\" sizes=\"auto, (max-width: 800px) 100vw, 800px\" \/><\/figure><\/div>\n\n\n<div style=\"height:40px\" aria-hidden=\"true\" class=\"wp-block-spacer\"><\/div>\n\n\n\n<h2 class=\"wp-block-heading\"><em><strong>L&rsquo;espace de vie<\/strong><\/em><\/h2>\n\n\n\n<p>Accessible \u00e0 tout moment de la journ\u00e9e, cette charmante grande pi\u00e8ce, situ\u00e9e au rez-de-chauss\u00e9e, est \u00e0 la fois un lieu d&rsquo;\u00e9changes et de convivialit\u00e9. Une cuisine \u00e9quip\u00e9e, une table familiale et un espace d\u00e9tente pour prendre le temps d&rsquo;une pause lecture, partager des jeux de soci\u00e9t\u00e9, s&rsquo;informer sur les animations locales en feuilletant les d\u00e9pliants touristiques \u00e0 disposition&#8230;<\/p>\n\n\n<div class=\"wp-block-image\">\n<figure class=\"aligncenter size-full\"><img loading=\"lazy\" decoding=\"async\" width=\"2560\" height=\"1920\" src=\"http:\/\/lacroiseedeschemins49.fr\/wp-content\/uploads\/2025\/03\/IMG_4716-scaled.jpeg\" alt=\"Pi\u00e8ce de vie tr\u00e8s lumineuse et meubl\u00e9e au rez de chauss\u00e9e avec soin\" class=\"wp-image-635\" srcset=\"https:\/\/lacroiseedeschemins49.fr\/wp-content\/uploads\/2025\/03\/IMG_4716-scaled.jpeg 2560w, https:\/\/lacroiseedeschemins49.fr\/wp-content\/uploads\/2025\/03\/IMG_4716-300x225.jpeg 300w, https:\/\/lacroiseedeschemins49.fr\/wp-content\/uploads\/2025\/03\/IMG_4716-1024x768.jpeg 1024w, https:\/\/lacroiseedeschemins49.fr\/wp-content\/uploads\/2025\/03\/IMG_4716-768x576.jpeg 768w, https:\/\/lacroiseedeschemins49.fr\/wp-content\/uploads\/2025\/03\/IMG_4716-1536x1152.jpeg 1536w, https:\/\/lacroiseedeschemins49.fr\/wp-content\/uploads\/2025\/03\/IMG_4716-2048x1536.jpeg 2048w\" sizes=\"auto, (max-width: 2560px) 100vw, 2560px\" \/><\/figure><\/div>\n\n\n<figure class=\"wp-block-image size-full is-resized\"><img loading=\"lazy\" decoding=\"async\" width=\"800\" height=\"600\" src=\"https:\/\/lacroiseedeschemins49.fr\/wp-content\/uploads\/2025\/03\/24.png\" alt=\"Pi\u00e8ce de vie avec vue sur le coin cuisine\" class=\"wp-image-701\" style=\"width:840px;height:auto\" srcset=\"https:\/\/lacroiseedeschemins49.fr\/wp-content\/uploads\/2025\/03\/24.png 800w, https:\/\/lacroiseedeschemins49.fr\/wp-content\/uploads\/2025\/03\/24-300x225.png 300w, https:\/\/lacroiseedeschemins49.fr\/wp-content\/uploads\/2025\/03\/24-768x576.png 768w\" sizes=\"auto, (max-width: 800px) 100vw, 800px\" \/><\/figure>\n\n\n\n<figure class=\"wp-block-image size-full is-resized\"><img loading=\"lazy\" decoding=\"async\" width=\"800\" height=\"600\" src=\"https:\/\/lacroiseedeschemins49.fr\/wp-content\/uploads\/2025\/03\/800-x-600-2.png\" alt=\"Le coin cuisine moderne et fonctionnel\" class=\"wp-image-697\" style=\"width:840px;height:auto\" srcset=\"https:\/\/lacroiseedeschemins49.fr\/wp-content\/uploads\/2025\/03\/800-x-600-2.png 800w, https:\/\/lacroiseedeschemins49.fr\/wp-content\/uploads\/2025\/03\/800-x-600-2-300x225.png 300w, https:\/\/lacroiseedeschemins49.fr\/wp-content\/uploads\/2025\/03\/800-x-600-2-768x576.png 768w\" sizes=\"auto, (max-width: 800px) 100vw, 800px\" \/><\/figure>\n\n\n\n<div class=\"wp-block-columns is-layout-flex wp-container-core-columns-is-layout-9d6595d7 wp-block-columns-is-layout-flex\">\n<div class=\"wp-block-column is-layout-flow wp-block-column-is-layout-flow\">\n<p class=\"has-text-align-center has-background has-medium-font-size\" style=\"background-color:#fff7ec\">En savoir plus !<\/p>\n<\/div>\n<\/div>\n\n\n\n<figure class=\"wp-block-gallery has-nested-images columns-default is-cropped wp-block-gallery-1 is-layout-flex wp-block-gallery-is-layout-flex\">\n<figure class=\"wp-block-image size-large\"><img loading=\"lazy\" decoding=\"async\" width=\"1024\" height=\"598\" data-id=\"916\" src=\"https:\/\/lacroiseedeschemins49.fr\/wp-content\/uploads\/2026\/02\/ICONES-PAGE-SEJOURNER-HD-1024x598.png\" alt=\"\" class=\"wp-image-916\" srcset=\"https:\/\/lacroiseedeschemins49.fr\/wp-content\/uploads\/2026\/02\/ICONES-PAGE-SEJOURNER-HD-1024x598.png 1024w, https:\/\/lacroiseedeschemins49.fr\/wp-content\/uploads\/2026\/02\/ICONES-PAGE-SEJOURNER-HD-300x175.png 300w, https:\/\/lacroiseedeschemins49.fr\/wp-content\/uploads\/2026\/02\/ICONES-PAGE-SEJOURNER-HD-768x448.png 768w, https:\/\/lacroiseedeschemins49.fr\/wp-content\/uploads\/2026\/02\/ICONES-PAGE-SEJOURNER-HD-1536x897.png 1536w, https:\/\/lacroiseedeschemins49.fr\/wp-content\/uploads\/2026\/02\/ICONES-PAGE-SEJOURNER-HD-2048x1195.png 2048w, https:\/\/lacroiseedeschemins49.fr\/wp-content\/uploads\/2026\/02\/ICONES-PAGE-SEJOURNER-HD-1200x700.png 1200w\" sizes=\"auto, (max-width: 1024px) 100vw, 1024px\" \/><\/figure>\n<\/figure>\n","protected":false},"excerpt":{"rendered":"<p>Ressourcez-vous dans un cadre apaisant et chaleureux Les chambres L&rsquo;Embellie D\u2019une belle superficie, cette chambre est tr\u00e8s lumineuse gr\u00e2ce ses deux grandes baies vitr\u00e9es. Situ\u00e9e au rez-de-chauss\u00e9e, elle dispose d&rsquo;une grande salle de bain privative. Elle est \u00e9quip\u00e9e d\u2019une douche \u00e0 l\u2019italienne spacieuse et confortable. Cette chambre peut accueillir deux personnes dans un grand lit [&hellip;]<\/p>\n","protected":false},"author":1,"featured_media":0,"parent":0,"menu_order":0,"comment_status":"closed","ping_status":"closed","template":"","meta":{"footnotes":""},"class_list":["post-14","page","type-page","status-publish","hentry","entry"],"yoast_head":"<!-- This site is optimized with the Yoast SEO plugin v25.6 - https:\/\/yoast.com\/wordpress\/plugins\/seo\/ -->\n<title>S\u00e9journer - Wordpress<\/title>\n<meta name=\"robots\" content=\"index, follow, max-snippet:-1, max-image-preview:large, max-video-preview:-1\" \/>\n<link rel=\"canonical\" href=\"https:\/\/lacroiseedeschemins49.fr\/index.php\/sejourner\/\" \/>\n<meta property=\"og:locale\" content=\"fr_FR\" \/>\n<meta property=\"og:type\" content=\"article\" \/>\n<meta property=\"og:title\" content=\"S\u00e9journer - Wordpress\" \/>\n<meta property=\"og:description\" content=\"Ressourcez-vous dans un cadre apaisant et chaleureux Les chambres L&rsquo;Embellie D\u2019une belle superficie, cette chambre est tr\u00e8s lumineuse gr\u00e2ce ses deux grandes baies vitr\u00e9es. Situ\u00e9e au rez-de-chauss\u00e9e, elle dispose d&rsquo;une grande salle de bain privative. Elle est \u00e9quip\u00e9e d\u2019une douche \u00e0 l\u2019italienne spacieuse et confortable. Cette chambre peut accueillir deux personnes dans un grand lit [&hellip;]\" \/>\n<meta property=\"og:url\" content=\"https:\/\/lacroiseedeschemins49.fr\/index.php\/sejourner\/\" \/>\n<meta property=\"og:site_name\" content=\"Wordpress\" \/>\n<meta property=\"article:modified_time\" content=\"2026-02-04T10:50:58+00:00\" \/>\n<meta property=\"og:image\" content=\"https:\/\/lacroiseedeschemins49.fr\/wp-content\/uploads\/2025\/04\/800-x-600-2.jpg\" \/>\n\t<meta property=\"og:image:width\" content=\"800\" \/>\n\t<meta property=\"og:image:height\" content=\"600\" \/>\n\t<meta property=\"og:image:type\" content=\"image\/jpeg\" \/>\n<meta name=\"twitter:card\" content=\"summary_large_image\" \/>\n<meta name=\"twitter:label1\" content=\"Dur\u00e9e de lecture estim\u00e9e\" \/>\n\t<meta name=\"twitter:data1\" content=\"4 minutes\" \/>\n<script type=\"application\/ld+json\" class=\"yoast-schema-graph\">{\"@context\":\"https:\/\/schema.org\",\"@graph\":[{\"@type\":\"WebPage\",\"@id\":\"https:\/\/lacroiseedeschemins49.fr\/index.php\/sejourner\/\",\"url\":\"https:\/\/lacroiseedeschemins49.fr\/index.php\/sejourner\/\",\"name\":\"S\u00e9journer - Wordpress\",\"isPartOf\":{\"@id\":\"https:\/\/lacroiseedeschemins49.fr\/#website\"},\"primaryImageOfPage\":{\"@id\":\"https:\/\/lacroiseedeschemins49.fr\/index.php\/sejourner\/#primaryimage\"},\"image\":{\"@id\":\"https:\/\/lacroiseedeschemins49.fr\/index.php\/sejourner\/#primaryimage\"},\"thumbnailUrl\":\"http:\/\/lacroiseedeschemins49.fr\/wp-content\/uploads\/2025\/04\/800-x-600-2.jpg\",\"datePublished\":\"2024-05-15T08:26:30+00:00\",\"dateModified\":\"2026-02-04T10:50:58+00:00\",\"breadcrumb\":{\"@id\":\"https:\/\/lacroiseedeschemins49.fr\/index.php\/sejourner\/#breadcrumb\"},\"inLanguage\":\"fr-FR\",\"potentialAction\":[{\"@type\":\"ReadAction\",\"target\":[\"https:\/\/lacroiseedeschemins49.fr\/index.php\/sejourner\/\"]}]},{\"@type\":\"ImageObject\",\"inLanguage\":\"fr-FR\",\"@id\":\"https:\/\/lacroiseedeschemins49.fr\/index.php\/sejourner\/#primaryimage\",\"url\":\"https:\/\/lacroiseedeschemins49.fr\/wp-content\/uploads\/2025\/04\/800-x-600-2.jpg\",\"contentUrl\":\"https:\/\/lacroiseedeschemins49.fr\/wp-content\/uploads\/2025\/04\/800-x-600-2.jpg\",\"width\":800,\"height\":600},{\"@type\":\"BreadcrumbList\",\"@id\":\"https:\/\/lacroiseedeschemins49.fr\/index.php\/sejourner\/#breadcrumb\",\"itemListElement\":[{\"@type\":\"ListItem\",\"position\":1,\"name\":\"Accueil\",\"item\":\"https:\/\/lacroiseedeschemins49.fr\/\"},{\"@type\":\"ListItem\",\"position\":2,\"name\":\"S\u00e9journer\"}]},{\"@type\":\"WebSite\",\"@id\":\"https:\/\/lacroiseedeschemins49.fr\/#website\",\"url\":\"https:\/\/lacroiseedeschemins49.fr\/\",\"name\":\"Wordpress\",\"description\":\"La Crois\u00e9e des Chemins\",\"publisher\":{\"@id\":\"https:\/\/lacroiseedeschemins49.fr\/#organization\"},\"potentialAction\":[{\"@type\":\"SearchAction\",\"target\":{\"@type\":\"EntryPoint\",\"urlTemplate\":\"https:\/\/lacroiseedeschemins49.fr\/?s={search_term_string}\"},\"query-input\":{\"@type\":\"PropertyValueSpecification\",\"valueRequired\":true,\"valueName\":\"search_term_string\"}}],\"inLanguage\":\"fr-FR\"},{\"@type\":\"Organization\",\"@id\":\"https:\/\/lacroiseedeschemins49.fr\/#organization\",\"name\":\"Wordpress\",\"url\":\"https:\/\/lacroiseedeschemins49.fr\/\",\"logo\":{\"@type\":\"ImageObject\",\"inLanguage\":\"fr-FR\",\"@id\":\"https:\/\/lacroiseedeschemins49.fr\/#\/schema\/logo\/image\/\",\"url\":\"https:\/\/lacroiseedeschemins49.fr\/wp-content\/uploads\/2025\/01\/cropped-logo-La-Croisee-des-Chemins-1.jpg\",\"contentUrl\":\"https:\/\/lacroiseedeschemins49.fr\/wp-content\/uploads\/2025\/01\/cropped-logo-La-Croisee-des-Chemins-1.jpg\",\"width\":1147,\"height\":435,\"caption\":\"Wordpress\"},\"image\":{\"@id\":\"https:\/\/lacroiseedeschemins49.fr\/#\/schema\/logo\/image\/\"}}]}<\/script>\n<!-- \/ Yoast SEO plugin. -->","yoast_head_json":{"title":"S\u00e9journer - Wordpress","robots":{"index":"index","follow":"follow","max-snippet":"max-snippet:-1","max-image-preview":"max-image-preview:large","max-video-preview":"max-video-preview:-1"},"canonical":"https:\/\/lacroiseedeschemins49.fr\/index.php\/sejourner\/","og_locale":"fr_FR","og_type":"article","og_title":"S\u00e9journer - Wordpress","og_description":"Ressourcez-vous dans un cadre apaisant et chaleureux Les chambres L&rsquo;Embellie D\u2019une belle superficie, cette chambre est tr\u00e8s lumineuse gr\u00e2ce ses deux grandes baies vitr\u00e9es. Situ\u00e9e au rez-de-chauss\u00e9e, elle dispose d&rsquo;une grande salle de bain privative. Elle est \u00e9quip\u00e9e d\u2019une douche \u00e0 l\u2019italienne spacieuse et confortable. Cette chambre peut accueillir deux personnes dans un grand lit [&hellip;]","og_url":"https:\/\/lacroiseedeschemins49.fr\/index.php\/sejourner\/","og_site_name":"Wordpress","article_modified_time":"2026-02-04T10:50:58+00:00","og_image":[{"width":800,"height":600,"url":"https:\/\/lacroiseedeschemins49.fr\/wp-content\/uploads\/2025\/04\/800-x-600-2.jpg","type":"image\/jpeg"}],"twitter_card":"summary_large_image","twitter_misc":{"Dur\u00e9e de lecture estim\u00e9e":"4 minutes"},"schema":{"@context":"https:\/\/schema.org","@graph":[{"@type":"WebPage","@id":"https:\/\/lacroiseedeschemins49.fr\/index.php\/sejourner\/","url":"https:\/\/lacroiseedeschemins49.fr\/index.php\/sejourner\/","name":"S\u00e9journer - Wordpress","isPartOf":{"@id":"https:\/\/lacroiseedeschemins49.fr\/#website"},"primaryImageOfPage":{"@id":"https:\/\/lacroiseedeschemins49.fr\/index.php\/sejourner\/#primaryimage"},"image":{"@id":"https:\/\/lacroiseedeschemins49.fr\/index.php\/sejourner\/#primaryimage"},"thumbnailUrl":"http:\/\/lacroiseedeschemins49.fr\/wp-content\/uploads\/2025\/04\/800-x-600-2.jpg","datePublished":"2024-05-15T08:26:30+00:00","dateModified":"2026-02-04T10:50:58+00:00","breadcrumb":{"@id":"https:\/\/lacroiseedeschemins49.fr\/index.php\/sejourner\/#breadcrumb"},"inLanguage":"fr-FR","potentialAction":[{"@type":"ReadAction","target":["https:\/\/lacroiseedeschemins49.fr\/index.php\/sejourner\/"]}]},{"@type":"ImageObject","inLanguage":"fr-FR","@id":"https:\/\/lacroiseedeschemins49.fr\/index.php\/sejourner\/#primaryimage","url":"https:\/\/lacroiseedeschemins49.fr\/wp-content\/uploads\/2025\/04\/800-x-600-2.jpg","contentUrl":"https:\/\/lacroiseedeschemins49.fr\/wp-content\/uploads\/2025\/04\/800-x-600-2.jpg","width":800,"height":600},{"@type":"BreadcrumbList","@id":"https:\/\/lacroiseedeschemins49.fr\/index.php\/sejourner\/#breadcrumb","itemListElement":[{"@type":"ListItem","position":1,"name":"Accueil","item":"https:\/\/lacroiseedeschemins49.fr\/"},{"@type":"ListItem","position":2,"name":"S\u00e9journer"}]},{"@type":"WebSite","@id":"https:\/\/lacroiseedeschemins49.fr\/#website","url":"https:\/\/lacroiseedeschemins49.fr\/","name":"Wordpress","description":"La Crois\u00e9e des Chemins","publisher":{"@id":"https:\/\/lacroiseedeschemins49.fr\/#organization"},"potentialAction":[{"@type":"SearchAction","target":{"@type":"EntryPoint","urlTemplate":"https:\/\/lacroiseedeschemins49.fr\/?s={search_term_string}"},"query-input":{"@type":"PropertyValueSpecification","valueRequired":true,"valueName":"search_term_string"}}],"inLanguage":"fr-FR"},{"@type":"Organization","@id":"https:\/\/lacroiseedeschemins49.fr\/#organization","name":"Wordpress","url":"https:\/\/lacroiseedeschemins49.fr\/","logo":{"@type":"ImageObject","inLanguage":"fr-FR","@id":"https:\/\/lacroiseedeschemins49.fr\/#\/schema\/logo\/image\/","url":"https:\/\/lacroiseedeschemins49.fr\/wp-content\/uploads\/2025\/01\/cropped-logo-La-Croisee-des-Chemins-1.jpg","contentUrl":"https:\/\/lacroiseedeschemins49.fr\/wp-content\/uploads\/2025\/01\/cropped-logo-La-Croisee-des-Chemins-1.jpg","width":1147,"height":435,"caption":"Wordpress"},"image":{"@id":"https:\/\/lacroiseedeschemins49.fr\/#\/schema\/logo\/image\/"}}]}},"_links":{"self":[{"href":"https:\/\/lacroiseedeschemins49.fr\/index.php\/wp-json\/wp\/v2\/pages\/14","targetHints":{"allow":["GET"]}}],"collection":[{"href":"https:\/\/lacroiseedeschemins49.fr\/index.php\/wp-json\/wp\/v2\/pages"}],"about":[{"href":"https:\/\/lacroiseedeschemins49.fr\/index.php\/wp-json\/wp\/v2\/types\/page"}],"author":[{"embeddable":true,"href":"https:\/\/lacroiseedeschemins49.fr\/index.php\/wp-json\/wp\/v2\/users\/1"}],"replies":[{"embeddable":true,"href":"https:\/\/lacroiseedeschemins49.fr\/index.php\/wp-json\/wp\/v2\/comments?post=14"}],"version-history":[{"count":45,"href":"https:\/\/lacroiseedeschemins49.fr\/index.php\/wp-json\/wp\/v2\/pages\/14\/revisions"}],"predecessor-version":[{"id":917,"href":"https:\/\/lacroiseedeschemins49.fr\/index.php\/wp-json\/wp\/v2\/pages\/14\/revisions\/917"}],"wp:attachment":[{"href":"https:\/\/lacroiseedeschemins49.fr\/index.php\/wp-json\/wp\/v2\/media?parent=14"}],"curies":[{"name":"wp","href":"https:\/\/api.w.org\/{rel}","templated":true}]}}