{"id":12,"date":"2024-05-15T10:25:17","date_gmt":"2024-05-15T08:25:17","guid":{"rendered":"https:\/\/lacroiseedeschemins49.fr\/?page_id=12"},"modified":"2025-04-09T15:48:17","modified_gmt":"2025-04-09T13:48:17","slug":"a-propos","status":"publish","type":"page","link":"https:\/\/lacroiseedeschemins49.fr\/index.php\/a-propos\/","title":{"rendered":"A propos"},"content":{"rendered":"\n<h1 class=\"wp-block-heading has-text-align-center\"><strong><em>Croisons nos chemins, <\/em><\/strong><\/h1>\n\n\n\n<h1 class=\"wp-block-heading has-text-align-center\"><strong><em> d\u00e9couvrez notre histoire&#8230;<\/em><\/strong><\/h1>\n\n\n\n<div class=\"alignnormal\"><div id=\"metaslider-id-658\" style=\"width: 100%;\" class=\"ml-slider-3-101-0 metaslider metaslider-flex metaslider-658 ml-slider has-dots-nav ms-theme-default-base\" role=\"region\" aria-label=\"Avant \/ Apr\u00e8s\" data-height=\"300\" data-width=\"700\">\n    <div id=\"metaslider_container_658\">\n        <div id=\"metaslider_658\">\n            <ul class='slides'>\n                <li style=\"display: block; width: 100%;\" class=\"slide-661 ms-image \" aria-roledescription=\"slide\" data-date=\"2025-03-25 15:43:42\"><img loading=\"lazy\" decoding=\"async\" src=\"https:\/\/lacroiseedeschemins49.fr\/wp-content\/uploads\/2025\/03\/8-1.png\" height=\"300\" width=\"700\" alt=\"\" class=\"slider-658 slide-661 msDefaultImage\" title=\"8\" \/><\/li>\n                <li style=\"display: none; width: 100%;\" class=\"slide-662 ms-image \" aria-roledescription=\"slide\" data-date=\"2025-03-25 15:43:42\"><img loading=\"lazy\" decoding=\"async\" src=\"https:\/\/lacroiseedeschemins49.fr\/wp-content\/uploads\/2025\/04\/META-SLIDER.jpg\" height=\"300\" width=\"700\" alt=\"\" class=\"slider-658 slide-662 msDefaultImage\" title=\"META SLIDER\" \/><\/li>\n            <\/ul>\n        <\/div>\n        \n    <\/div>\n<\/div><\/div>\n\n\n\n<div class=\"wp-block-columns is-layout-flex wp-container-core-columns-is-layout-9d6595d7 wp-block-columns-is-layout-flex\">\n<div class=\"wp-block-column is-layout-flow wp-block-column-is-layout-flow\">\n<figure class=\"wp-block-image size-full\"><img loading=\"lazy\" decoding=\"async\" width=\"600\" height=\"800\" src=\"http:\/\/lacroiseedeschemins49.fr\/wp-content\/uploads\/2025\/04\/LCDC-600-x-800.jpg\" alt=\"Evolution des travaux en 5 photos\" class=\"wp-image-832\" srcset=\"https:\/\/lacroiseedeschemins49.fr\/wp-content\/uploads\/2025\/04\/LCDC-600-x-800.jpg 600w, https:\/\/lacroiseedeschemins49.fr\/wp-content\/uploads\/2025\/04\/LCDC-600-x-800-225x300.jpg 225w\" sizes=\"auto, (max-width: 600px) 100vw, 600px\" \/><\/figure>\n<\/div>\n\n\n\n<div class=\"wp-block-column is-layout-flow wp-block-column-is-layout-flow\">\n<h2 class=\"wp-block-heading\"><strong>Un h\u00e9ritage pr\u00e9serv\u00e9<\/strong><\/h2>\n\n\n\n<p>B\u00e2tisse habit\u00e9e depuis 4 g\u00e9n\u00e9rations par la famille de Vincent, mon mari, la Souvestrie repr\u00e9sente bien plus qu&rsquo;une maison. C&rsquo;est un symbole pour nous de la continuit\u00e9 et de l&rsquo;attachement \u00e0 nos racines familiales et locales&#8230;<\/p>\n\n\n\n<p>Ce projet de restauration s\u2019est alors r\u00e9v\u00e9l\u00e9 \u00eatre une \u00e9vidence\u2026 Une mani\u00e8re de sauvegarder ce patrimoine pr\u00e9cieux en offrant \u00e0 ces murs centenaires, proches de notre domicile, une nouvelle vie, tout en respectant leur histoire et leur architecture.<\/p>\n<\/div>\n<\/div>\n\n\n\n<hr class=\"wp-block-separator has-alpha-channel-opacity\"\/>\n\n\n\n<div class=\"wp-block-columns is-layout-flex wp-container-core-columns-is-layout-9d6595d7 wp-block-columns-is-layout-flex\">\n<div class=\"wp-block-column is-layout-flow wp-block-column-is-layout-flow\">\n<figure class=\"wp-block-image size-full\"><img loading=\"lazy\" decoding=\"async\" width=\"600\" height=\"800\" src=\"https:\/\/lacroiseedeschemins49.fr\/wp-content\/uploads\/2025\/03\/600-x-800-1.png\" alt=\"Clarisse, g\u00e9rante de La Crois\u00e9e des Chemins\" class=\"wp-image-723\" srcset=\"https:\/\/lacroiseedeschemins49.fr\/wp-content\/uploads\/2025\/03\/600-x-800-1.png 600w, https:\/\/lacroiseedeschemins49.fr\/wp-content\/uploads\/2025\/03\/600-x-800-1-225x300.png 225w\" sizes=\"auto, (max-width: 600px) 100vw, 600px\" \/><\/figure>\n<\/div>\n\n\n\n<div class=\"wp-block-column is-layout-flow wp-block-column-is-layout-flow\">\n<h2 class=\"wp-block-heading\"><strong>Un projet de vie r\u00e9invent\u00e9<\/strong><\/h2>\n\n\n\n<p>Apr\u00e8s 25 ann\u00e9es d\u00e9di\u00e9es \u00e0 l&rsquo;enseignement dans des \u00e9coles rurales, j&rsquo;ai ressenti le besoin de me recentrer sur mes propres aspirations. La cr\u00e9ation de ce g\u00eete en compl\u00e9ment de mon activit\u00e9 de cr\u00eapi\u00e8re s&rsquo;est concr\u00e9tis\u00e9e, fruit d&rsquo;un projet m\u00fbrement r\u00e9fl\u00e9chi avec le soutien de mon mari Vincent et de nos trois enfants.<\/p>\n\n\n\n<p>\u201cLa Crois\u00e9e des Chemins\u201d, je l&rsquo;envisage comme un lieu calme et paisible o\u00f9 les voyageurs en qu\u00eate de s\u00e9r\u00e9nit\u00e9 pourront vivre une pause, faire un \u201cpas de c\u00f4t\u00e9\u201d, le temps d&rsquo;une nuit ou d&rsquo;un s\u00e9jour que vous soyez seul.e, en couple, en famille ou en d\u00e9placement professionnel.<\/p>\n\n\n\n<p>Toute en discr\u00e9tion, je ne serai jamais loin pour \u00e9changer avec vous, vous renseigner et vous faire d\u00e9couvrir les richesses historiques, culturelles et autres animations locales\u2026&nbsp;&nbsp;&nbsp;<\/p>\n\n\n\n<p>Clarisse, votre h\u00f4te.<\/p>\n<\/div>\n<\/div>\n\n\n\n<hr class=\"wp-block-separator has-alpha-channel-opacity\"\/>\n\n\n\n<div class=\"wp-block-columns is-layout-flex wp-container-core-columns-is-layout-9d6595d7 wp-block-columns-is-layout-flex\">\n<div class=\"wp-block-column is-layout-flow wp-block-column-is-layout-flow\">\n<figure class=\"wp-block-image size-full\"><img loading=\"lazy\" decoding=\"async\" width=\"800\" height=\"600\" src=\"https:\/\/lacroiseedeschemins49.fr\/wp-content\/uploads\/2025\/03\/800-x-600.png\" alt=\"L'ambiance champ\u00eatre du site en 3 photos : troupeau de vaches au champ, la nature au printemps, le stockage du foin\" class=\"wp-image-666\" srcset=\"https:\/\/lacroiseedeschemins49.fr\/wp-content\/uploads\/2025\/03\/800-x-600.png 800w, https:\/\/lacroiseedeschemins49.fr\/wp-content\/uploads\/2025\/03\/800-x-600-300x225.png 300w, https:\/\/lacroiseedeschemins49.fr\/wp-content\/uploads\/2025\/03\/800-x-600-768x576.png 768w\" sizes=\"auto, (max-width: 800px) 100vw, 800px\" \/><\/figure>\n<\/div>\n\n\n\n<div class=\"wp-block-column is-layout-flow wp-block-column-is-layout-flow\">\n<h2 class=\"wp-block-heading\"><strong>Des rencontres entre terroir et accueil<\/strong><\/h2>\n\n\n\n<p>\u201cLa Crois\u00e9e des Chemins\u201d est n\u00e9e de notre propre histoire de couple personnelle et professionnelle mais elle se veut bien plus ouverte\u2026<\/p>\n\n\n\n<p>Accueillir des gens d&rsquo;origines g\u00e9ographiques diff\u00e9rentes, porteuses ou non de handicap pour \u00e9changer avec celles et ceux qui viendront jusqu&rsquo;\u00e0 nous, pour leur faire d\u00e9couvrir notre vie rurale, notre cadre de vie simple et authentique.<\/p>\n<\/div>\n<\/div>\n\n\n\n<hr class=\"wp-block-separator has-alpha-channel-opacity\"\/>\n\n\n\n<div style=\"height:23px\" aria-hidden=\"true\" class=\"wp-block-spacer\"><\/div>\n\n\n\n<h2 class=\"wp-block-heading\"><strong>Une dynamique \u00e9co-responsable<\/strong><\/h2>\n\n\n\n<p style=\"font-size:16px\">A la Crois\u00e9e des Chemins, nous avons eu \u00e0 c\u0153ur de r\u00e9habiliter un ancien b\u00e2timent agricole.<\/p>\n\n\n\n<p style=\"font-size:16px\">C&rsquo;est tout naturellement que nous nous sommes engag\u00e9s dans un projet de tourisme durable, guid\u00e9s par des partenaires, afin de pr\u00e9server nos ressources en eau et en \u00e9nergie tout en privil\u00e9giant l&rsquo;utilisation de mat\u00e9riaux locaux.<\/p>\n\n\n\n<p style=\"font-size:16px\">Contribuer au quotidien \u00e0 la pr\u00e9servation de la plan\u00e8te fait partie int\u00e9grante de notre d\u00e9marche d&rsquo;\u00e9co-responsables. Des fiches ludiques de sensibilisation au respect de notre environnement sont mises \u00e0 disposition des voyageurs d\u00e8s leur arriv\u00e9e.<\/p>\n\n\n<div class=\"wp-block-image\">\n<figure class=\"aligncenter size-full is-resized\"><a href=\"https:\/\/www.youtube.com\/watch?v=2Rbi7bl9C9w\" target=\"_blank\" rel=\" noreferrer noopener\"><img loading=\"lazy\" decoding=\"async\" width=\"800\" height=\"600\" src=\"http:\/\/lacroiseedeschemins49.fr\/wp-content\/uploads\/2025\/02\/Clarisse-et-Vincent-Beaupere-1.png\" alt=\"Vincent et Clarisse Beaup\u00e8re devant le g\u00eete en travaux\" class=\"wp-image-463\" style=\"width:570px;height:auto\" srcset=\"https:\/\/lacroiseedeschemins49.fr\/wp-content\/uploads\/2025\/02\/Clarisse-et-Vincent-Beaupere-1.png 800w, https:\/\/lacroiseedeschemins49.fr\/wp-content\/uploads\/2025\/02\/Clarisse-et-Vincent-Beaupere-1-300x225.png 300w, https:\/\/lacroiseedeschemins49.fr\/wp-content\/uploads\/2025\/02\/Clarisse-et-Vincent-Beaupere-1-768x576.png 768w\" sizes=\"auto, (max-width: 800px) 100vw, 800px\" \/><\/a><\/figure><\/div>","protected":false},"excerpt":{"rendered":"<p>Croisons nos chemins, d\u00e9couvrez notre histoire&#8230; Un h\u00e9ritage pr\u00e9serv\u00e9 B\u00e2tisse habit\u00e9e depuis 4 g\u00e9n\u00e9rations par la famille de Vincent, mon mari, la Souvestrie repr\u00e9sente bien plus qu&rsquo;une maison. C&rsquo;est un symbole pour nous de la continuit\u00e9 et de l&rsquo;attachement \u00e0 nos racines familiales et locales&#8230; Ce projet de restauration s\u2019est alors r\u00e9v\u00e9l\u00e9 \u00eatre une \u00e9vidence\u2026 [&hellip;]<\/p>\n","protected":false},"author":1,"featured_media":0,"parent":0,"menu_order":0,"comment_status":"closed","ping_status":"closed","template":"","meta":{"footnotes":""},"class_list":["post-12","page","type-page","status-publish","hentry","entry"],"yoast_head":"<!-- This site is optimized with the Yoast SEO plugin v25.6 - https:\/\/yoast.com\/wordpress\/plugins\/seo\/ -->\n<title>A propos - Wordpress<\/title>\n<meta name=\"robots\" content=\"index, follow, max-snippet:-1, max-image-preview:large, max-video-preview:-1\" \/>\n<link rel=\"canonical\" href=\"https:\/\/lacroiseedeschemins49.fr\/index.php\/a-propos\/\" \/>\n<meta property=\"og:locale\" content=\"fr_FR\" \/>\n<meta property=\"og:type\" content=\"article\" \/>\n<meta property=\"og:title\" content=\"A propos - Wordpress\" \/>\n<meta property=\"og:description\" content=\"Croisons nos chemins, d\u00e9couvrez notre histoire&#8230; Un h\u00e9ritage pr\u00e9serv\u00e9 B\u00e2tisse habit\u00e9e depuis 4 g\u00e9n\u00e9rations par la famille de Vincent, mon mari, la Souvestrie repr\u00e9sente bien plus qu&rsquo;une maison. C&rsquo;est un symbole pour nous de la continuit\u00e9 et de l&rsquo;attachement \u00e0 nos racines familiales et locales&#8230; Ce projet de restauration s\u2019est alors r\u00e9v\u00e9l\u00e9 \u00eatre une \u00e9vidence\u2026 [&hellip;]\" \/>\n<meta property=\"og:url\" content=\"https:\/\/lacroiseedeschemins49.fr\/index.php\/a-propos\/\" \/>\n<meta property=\"og:site_name\" content=\"Wordpress\" \/>\n<meta property=\"article:modified_time\" content=\"2025-04-09T13:48:17+00:00\" \/>\n<meta property=\"og:image\" content=\"http:\/\/lacroiseedeschemins49.fr\/wp-content\/uploads\/2025\/04\/LCDC-600-x-800.jpg\" \/>\n<meta name=\"twitter:card\" content=\"summary_large_image\" \/>\n<meta name=\"twitter:label1\" content=\"Dur\u00e9e de lecture estim\u00e9e\" \/>\n\t<meta name=\"twitter:data1\" content=\"3 minutes\" \/>\n<script type=\"application\/ld+json\" class=\"yoast-schema-graph\">{\"@context\":\"https:\/\/schema.org\",\"@graph\":[{\"@type\":\"WebPage\",\"@id\":\"https:\/\/lacroiseedeschemins49.fr\/index.php\/a-propos\/\",\"url\":\"https:\/\/lacroiseedeschemins49.fr\/index.php\/a-propos\/\",\"name\":\"A propos - Wordpress\",\"isPartOf\":{\"@id\":\"https:\/\/lacroiseedeschemins49.fr\/#website\"},\"primaryImageOfPage\":{\"@id\":\"https:\/\/lacroiseedeschemins49.fr\/index.php\/a-propos\/#primaryimage\"},\"image\":{\"@id\":\"https:\/\/lacroiseedeschemins49.fr\/index.php\/a-propos\/#primaryimage\"},\"thumbnailUrl\":\"http:\/\/lacroiseedeschemins49.fr\/wp-content\/uploads\/2025\/04\/LCDC-600-x-800.jpg\",\"datePublished\":\"2024-05-15T08:25:17+00:00\",\"dateModified\":\"2025-04-09T13:48:17+00:00\",\"breadcrumb\":{\"@id\":\"https:\/\/lacroiseedeschemins49.fr\/index.php\/a-propos\/#breadcrumb\"},\"inLanguage\":\"fr-FR\",\"potentialAction\":[{\"@type\":\"ReadAction\",\"target\":[\"https:\/\/lacroiseedeschemins49.fr\/index.php\/a-propos\/\"]}]},{\"@type\":\"ImageObject\",\"inLanguage\":\"fr-FR\",\"@id\":\"https:\/\/lacroiseedeschemins49.fr\/index.php\/a-propos\/#primaryimage\",\"url\":\"https:\/\/lacroiseedeschemins49.fr\/wp-content\/uploads\/2025\/04\/LCDC-600-x-800.jpg\",\"contentUrl\":\"https:\/\/lacroiseedeschemins49.fr\/wp-content\/uploads\/2025\/04\/LCDC-600-x-800.jpg\",\"width\":600,\"height\":800},{\"@type\":\"BreadcrumbList\",\"@id\":\"https:\/\/lacroiseedeschemins49.fr\/index.php\/a-propos\/#breadcrumb\",\"itemListElement\":[{\"@type\":\"ListItem\",\"position\":1,\"name\":\"Accueil\",\"item\":\"https:\/\/lacroiseedeschemins49.fr\/\"},{\"@type\":\"ListItem\",\"position\":2,\"name\":\"A propos\"}]},{\"@type\":\"WebSite\",\"@id\":\"https:\/\/lacroiseedeschemins49.fr\/#website\",\"url\":\"https:\/\/lacroiseedeschemins49.fr\/\",\"name\":\"Wordpress\",\"description\":\"La Crois\u00e9e des Chemins\",\"publisher\":{\"@id\":\"https:\/\/lacroiseedeschemins49.fr\/#organization\"},\"potentialAction\":[{\"@type\":\"SearchAction\",\"target\":{\"@type\":\"EntryPoint\",\"urlTemplate\":\"https:\/\/lacroiseedeschemins49.fr\/?s={search_term_string}\"},\"query-input\":{\"@type\":\"PropertyValueSpecification\",\"valueRequired\":true,\"valueName\":\"search_term_string\"}}],\"inLanguage\":\"fr-FR\"},{\"@type\":\"Organization\",\"@id\":\"https:\/\/lacroiseedeschemins49.fr\/#organization\",\"name\":\"Wordpress\",\"url\":\"https:\/\/lacroiseedeschemins49.fr\/\",\"logo\":{\"@type\":\"ImageObject\",\"inLanguage\":\"fr-FR\",\"@id\":\"https:\/\/lacroiseedeschemins49.fr\/#\/schema\/logo\/image\/\",\"url\":\"https:\/\/lacroiseedeschemins49.fr\/wp-content\/uploads\/2025\/01\/cropped-logo-La-Croisee-des-Chemins-1.jpg\",\"contentUrl\":\"https:\/\/lacroiseedeschemins49.fr\/wp-content\/uploads\/2025\/01\/cropped-logo-La-Croisee-des-Chemins-1.jpg\",\"width\":1147,\"height\":435,\"caption\":\"Wordpress\"},\"image\":{\"@id\":\"https:\/\/lacroiseedeschemins49.fr\/#\/schema\/logo\/image\/\"}}]}<\/script>\n<!-- \/ Yoast SEO plugin. -->","yoast_head_json":{"title":"A propos - Wordpress","robots":{"index":"index","follow":"follow","max-snippet":"max-snippet:-1","max-image-preview":"max-image-preview:large","max-video-preview":"max-video-preview:-1"},"canonical":"https:\/\/lacroiseedeschemins49.fr\/index.php\/a-propos\/","og_locale":"fr_FR","og_type":"article","og_title":"A propos - Wordpress","og_description":"Croisons nos chemins, d\u00e9couvrez notre histoire&#8230; Un h\u00e9ritage pr\u00e9serv\u00e9 B\u00e2tisse habit\u00e9e depuis 4 g\u00e9n\u00e9rations par la famille de Vincent, mon mari, la Souvestrie repr\u00e9sente bien plus qu&rsquo;une maison. C&rsquo;est un symbole pour nous de la continuit\u00e9 et de l&rsquo;attachement \u00e0 nos racines familiales et locales&#8230; Ce projet de restauration s\u2019est alors r\u00e9v\u00e9l\u00e9 \u00eatre une \u00e9vidence\u2026 [&hellip;]","og_url":"https:\/\/lacroiseedeschemins49.fr\/index.php\/a-propos\/","og_site_name":"Wordpress","article_modified_time":"2025-04-09T13:48:17+00:00","og_image":[{"url":"http:\/\/lacroiseedeschemins49.fr\/wp-content\/uploads\/2025\/04\/LCDC-600-x-800.jpg","type":"","width":"","height":""}],"twitter_card":"summary_large_image","twitter_misc":{"Dur\u00e9e de lecture estim\u00e9e":"3 minutes"},"schema":{"@context":"https:\/\/schema.org","@graph":[{"@type":"WebPage","@id":"https:\/\/lacroiseedeschemins49.fr\/index.php\/a-propos\/","url":"https:\/\/lacroiseedeschemins49.fr\/index.php\/a-propos\/","name":"A propos - Wordpress","isPartOf":{"@id":"https:\/\/lacroiseedeschemins49.fr\/#website"},"primaryImageOfPage":{"@id":"https:\/\/lacroiseedeschemins49.fr\/index.php\/a-propos\/#primaryimage"},"image":{"@id":"https:\/\/lacroiseedeschemins49.fr\/index.php\/a-propos\/#primaryimage"},"thumbnailUrl":"http:\/\/lacroiseedeschemins49.fr\/wp-content\/uploads\/2025\/04\/LCDC-600-x-800.jpg","datePublished":"2024-05-15T08:25:17+00:00","dateModified":"2025-04-09T13:48:17+00:00","breadcrumb":{"@id":"https:\/\/lacroiseedeschemins49.fr\/index.php\/a-propos\/#breadcrumb"},"inLanguage":"fr-FR","potentialAction":[{"@type":"ReadAction","target":["https:\/\/lacroiseedeschemins49.fr\/index.php\/a-propos\/"]}]},{"@type":"ImageObject","inLanguage":"fr-FR","@id":"https:\/\/lacroiseedeschemins49.fr\/index.php\/a-propos\/#primaryimage","url":"https:\/\/lacroiseedeschemins49.fr\/wp-content\/uploads\/2025\/04\/LCDC-600-x-800.jpg","contentUrl":"https:\/\/lacroiseedeschemins49.fr\/wp-content\/uploads\/2025\/04\/LCDC-600-x-800.jpg","width":600,"height":800},{"@type":"BreadcrumbList","@id":"https:\/\/lacroiseedeschemins49.fr\/index.php\/a-propos\/#breadcrumb","itemListElement":[{"@type":"ListItem","position":1,"name":"Accueil","item":"https:\/\/lacroiseedeschemins49.fr\/"},{"@type":"ListItem","position":2,"name":"A propos"}]},{"@type":"WebSite","@id":"https:\/\/lacroiseedeschemins49.fr\/#website","url":"https:\/\/lacroiseedeschemins49.fr\/","name":"Wordpress","description":"La Crois\u00e9e des Chemins","publisher":{"@id":"https:\/\/lacroiseedeschemins49.fr\/#organization"},"potentialAction":[{"@type":"SearchAction","target":{"@type":"EntryPoint","urlTemplate":"https:\/\/lacroiseedeschemins49.fr\/?s={search_term_string}"},"query-input":{"@type":"PropertyValueSpecification","valueRequired":true,"valueName":"search_term_string"}}],"inLanguage":"fr-FR"},{"@type":"Organization","@id":"https:\/\/lacroiseedeschemins49.fr\/#organization","name":"Wordpress","url":"https:\/\/lacroiseedeschemins49.fr\/","logo":{"@type":"ImageObject","inLanguage":"fr-FR","@id":"https:\/\/lacroiseedeschemins49.fr\/#\/schema\/logo\/image\/","url":"https:\/\/lacroiseedeschemins49.fr\/wp-content\/uploads\/2025\/01\/cropped-logo-La-Croisee-des-Chemins-1.jpg","contentUrl":"https:\/\/lacroiseedeschemins49.fr\/wp-content\/uploads\/2025\/01\/cropped-logo-La-Croisee-des-Chemins-1.jpg","width":1147,"height":435,"caption":"Wordpress"},"image":{"@id":"https:\/\/lacroiseedeschemins49.fr\/#\/schema\/logo\/image\/"}}]}},"_links":{"self":[{"href":"https:\/\/lacroiseedeschemins49.fr\/index.php\/wp-json\/wp\/v2\/pages\/12","targetHints":{"allow":["GET"]}}],"collection":[{"href":"https:\/\/lacroiseedeschemins49.fr\/index.php\/wp-json\/wp\/v2\/pages"}],"about":[{"href":"https:\/\/lacroiseedeschemins49.fr\/index.php\/wp-json\/wp\/v2\/types\/page"}],"author":[{"embeddable":true,"href":"https:\/\/lacroiseedeschemins49.fr\/index.php\/wp-json\/wp\/v2\/users\/1"}],"replies":[{"embeddable":true,"href":"https:\/\/lacroiseedeschemins49.fr\/index.php\/wp-json\/wp\/v2\/comments?post=12"}],"version-history":[{"count":43,"href":"https:\/\/lacroiseedeschemins49.fr\/index.php\/wp-json\/wp\/v2\/pages\/12\/revisions"}],"predecessor-version":[{"id":902,"href":"https:\/\/lacroiseedeschemins49.fr\/index.php\/wp-json\/wp\/v2\/pages\/12\/revisions\/902"}],"wp:attachment":[{"href":"https:\/\/lacroiseedeschemins49.fr\/index.php\/wp-json\/wp\/v2\/media?parent=12"}],"curies":[{"name":"wp","href":"https:\/\/api.w.org\/{rel}","templated":true}]}}