{"id":108,"date":"2024-05-28T15:22:39","date_gmt":"2024-05-28T13:22:39","guid":{"rendered":"https:\/\/lacroiseedeschemins49.fr\/?page_id=108"},"modified":"2025-04-09T09:25:28","modified_gmt":"2025-04-09T07:25:28","slug":"les-festivites-annuelles","status":"publish","type":"page","link":"https:\/\/lacroiseedeschemins49.fr\/index.php\/les-festivites-annuelles\/","title":{"rendered":"Les festivit\u00e9s annuelles"},"content":{"rendered":"\n<div class=\"wp-block-columns is-layout-flex wp-container-core-columns-is-layout-9d6595d7 wp-block-columns-is-layout-flex\">\n<div class=\"wp-block-column is-layout-flow wp-block-column-is-layout-flow\">\n<figure class=\"wp-block-image size-full\"><img loading=\"lazy\" decoding=\"async\" width=\"800\" height=\"600\" src=\"http:\/\/lacroiseedeschemins49.fr\/wp-content\/uploads\/2025\/04\/FESTIVAL-DANJOU.jpg\" alt=\"Acteurs sur la sc\u00e8ne du ch\u00e2teau du Plessis-Mac\u00e9\" class=\"wp-image-732\" srcset=\"https:\/\/lacroiseedeschemins49.fr\/wp-content\/uploads\/2025\/04\/FESTIVAL-DANJOU.jpg 800w, https:\/\/lacroiseedeschemins49.fr\/wp-content\/uploads\/2025\/04\/FESTIVAL-DANJOU-300x225.jpg 300w, https:\/\/lacroiseedeschemins49.fr\/wp-content\/uploads\/2025\/04\/FESTIVAL-DANJOU-768x576.jpg 768w\" sizes=\"auto, (max-width: 800px) 100vw, 800px\" \/><\/figure>\n\n\n\n<p><strong>Le festival d&rsquo;Anjou : <\/strong><\/p>\n\n\n\n<p>Organis\u00e9 chaque ann\u00e9e en d\u00e9but d&rsquo;\u00e9t\u00e9, ce festival de th\u00e9\u00e2tre se d\u00e9roule dans divers lieux embl\u00e9matiques du Maine et Loire. Le Ch\u00e2teau du Plessis-Mac\u00e9, proche de la Crois\u00e9e des Chemins, fait partie de ces sites privil\u00e9gi\u00e9s qui accueillent \u00e0 la nuit tomb\u00e9e, les spectatrices et les spectateurs pour assister \u00e0 des pi\u00e8ces classiques ou contemporaines.<\/p>\n<\/div>\n\n\n\n<div class=\"wp-block-column is-layout-flow wp-block-column-is-layout-flow\">\n<figure class=\"wp-block-image size-full is-resized\"><img loading=\"lazy\" decoding=\"async\" width=\"800\" height=\"600\" src=\"http:\/\/lacroiseedeschemins49.fr\/wp-content\/uploads\/2025\/04\/FESTIVAL-TRELAZE.jpg\" alt=\"Foule nombreuse devant la sc\u00e8ne et les \u00e9crans g\u00e9ant du festival de Tr\u00e9laz\u00e9.\" class=\"wp-image-733\" style=\"width:575px;height:auto\" srcset=\"https:\/\/lacroiseedeschemins49.fr\/wp-content\/uploads\/2025\/04\/FESTIVAL-TRELAZE.jpg 800w, https:\/\/lacroiseedeschemins49.fr\/wp-content\/uploads\/2025\/04\/FESTIVAL-TRELAZE-300x225.jpg 300w, https:\/\/lacroiseedeschemins49.fr\/wp-content\/uploads\/2025\/04\/FESTIVAL-TRELAZE-768x576.jpg 768w\" sizes=\"auto, (max-width: 800px) 100vw, 800px\" \/><\/figure>\n\n\n\n<p><strong>Le festival musical de Tr\u00e9laz\u00e9 : <\/strong><\/p>\n\n\n\n<p>Chaque ann\u00e9e, de mi-juin \u00e0 mi-juillet, ce festival qui se veut \u00e9clectique, gratuit et populaire accueille des amateurs ou professionnels de musiques vari\u00e9es. Une programmation qui va du rap \u00e0 la musique pop, du blues \u00e0 l&rsquo;\u00e9lectro fait d\u00e9placer un large public jusqu&rsquo;au parc du Vissoir, situ\u00e9 pr\u00e8s des anciennes ardoisi\u00e8res de la ville.<\/p>\n\n\n\n<p>A ne manquer sous aucun pr\u00e9texte &#8230;<\/p>\n<\/div>\n<\/div>\n\n\n\n<div class=\"wp-block-columns is-layout-flex wp-container-core-columns-is-layout-9d6595d7 wp-block-columns-is-layout-flex\">\n<div class=\"wp-block-column is-layout-flow wp-block-column-is-layout-flow\">\n<figure class=\"wp-block-image size-full\"><img loading=\"lazy\" decoding=\"async\" width=\"800\" height=\"600\" src=\"http:\/\/lacroiseedeschemins49.fr\/wp-content\/uploads\/2025\/04\/ACCROCHES-COEURS.jpg\" alt=\"Spectacle de rue en plein de coeur de la place du Ralliement \u00e0 Angers\" class=\"wp-image-728\" srcset=\"https:\/\/lacroiseedeschemins49.fr\/wp-content\/uploads\/2025\/04\/ACCROCHES-COEURS.jpg 800w, https:\/\/lacroiseedeschemins49.fr\/wp-content\/uploads\/2025\/04\/ACCROCHES-COEURS-300x225.jpg 300w, https:\/\/lacroiseedeschemins49.fr\/wp-content\/uploads\/2025\/04\/ACCROCHES-COEURS-768x576.jpg 768w\" sizes=\"auto, (max-width: 800px) 100vw, 800px\" \/><\/figure>\n\n\n\n<p><strong>Les Accroches Coeurs : <\/strong><\/p>\n\n\n\n<p>Moment cl\u00e9 de la vie angevine, les Accroche-C\u0153urs sont un festival annuel gratuit de th\u00e9\u00e2tre de rue qui se d\u00e9roule le temps d&rsquo;un week-end courant du mois de septembre.<\/p>\n\n\n\n<p>C&rsquo;est une f\u00eate populaire, artistique et culturelle attendue par tous, m\u00ealant couleurs et propositions vari\u00e9es comme un prolongement des festivit\u00e9s de l&rsquo;\u00e9t\u00e9 &#8230;<\/p>\n\n\n\n<p>Des animations au c\u0153ur de la ville, dans les rues et les lieux embl\u00e9matiques.<\/p>\n<\/div>\n\n\n\n<div class=\"wp-block-column is-layout-flow wp-block-column-is-layout-flow\">\n<figure class=\"wp-block-image size-full\"><img loading=\"lazy\" decoding=\"async\" width=\"800\" height=\"600\" src=\"http:\/\/lacroiseedeschemins49.fr\/wp-content\/uploads\/2025\/04\/MONDIAL-DU-LION.jpg\" alt=\"Un cavalier sur son cheval traversant un obstacle type rivi\u00e8re aux courses du Lion d'Angers\" class=\"wp-image-736\" srcset=\"https:\/\/lacroiseedeschemins49.fr\/wp-content\/uploads\/2025\/04\/MONDIAL-DU-LION.jpg 800w, https:\/\/lacroiseedeschemins49.fr\/wp-content\/uploads\/2025\/04\/MONDIAL-DU-LION-300x225.jpg 300w, https:\/\/lacroiseedeschemins49.fr\/wp-content\/uploads\/2025\/04\/MONDIAL-DU-LION-768x576.jpg 768w\" sizes=\"auto, (max-width: 800px) 100vw, 800px\" \/><\/figure>\n\n\n\n<p><strong>Le Mondial du Lion : <\/strong><\/p>\n\n\n\n<p>Le Mondial du Lion est un concours d\u2019\u00e9quitation international, \u00e9preuves comptant pour le championnat du monde. Il repr\u00e9sente un rendez-vous incontournable pour les amateurs et les professionnels du monde de l&rsquo;\u00e9quitation et un \u00e9v\u00e9nement majeur dans le Maine et Loire.&nbsp;<\/p>\n<\/div>\n<\/div>\n","protected":false},"excerpt":{"rendered":"<p>Le festival d&rsquo;Anjou : Organis\u00e9 chaque ann\u00e9e en d\u00e9but d&rsquo;\u00e9t\u00e9, ce festival de th\u00e9\u00e2tre se d\u00e9roule dans divers lieux embl\u00e9matiques du Maine et Loire. Le Ch\u00e2teau du Plessis-Mac\u00e9, proche de la Crois\u00e9e des Chemins, fait partie de ces sites privil\u00e9gi\u00e9s qui accueillent \u00e0 la nuit tomb\u00e9e, les spectatrices et les spectateurs pour assister \u00e0 des [&hellip;]<\/p>\n","protected":false},"author":1,"featured_media":0,"parent":0,"menu_order":0,"comment_status":"closed","ping_status":"closed","template":"","meta":{"footnotes":""},"class_list":["post-108","page","type-page","status-publish","hentry","entry"],"yoast_head":"<!-- This site is optimized with the Yoast SEO plugin v25.6 - https:\/\/yoast.com\/wordpress\/plugins\/seo\/ -->\n<title>Les festivit\u00e9s annuelles - Wordpress<\/title>\n<meta name=\"robots\" content=\"index, follow, max-snippet:-1, max-image-preview:large, max-video-preview:-1\" \/>\n<link rel=\"canonical\" href=\"https:\/\/lacroiseedeschemins49.fr\/index.php\/les-festivites-annuelles\/\" \/>\n<meta property=\"og:locale\" content=\"fr_FR\" \/>\n<meta property=\"og:type\" content=\"article\" \/>\n<meta property=\"og:title\" content=\"Les festivit\u00e9s annuelles - Wordpress\" \/>\n<meta property=\"og:description\" content=\"Le festival d&rsquo;Anjou : Organis\u00e9 chaque ann\u00e9e en d\u00e9but d&rsquo;\u00e9t\u00e9, ce festival de th\u00e9\u00e2tre se d\u00e9roule dans divers lieux embl\u00e9matiques du Maine et Loire. Le Ch\u00e2teau du Plessis-Mac\u00e9, proche de la Crois\u00e9e des Chemins, fait partie de ces sites privil\u00e9gi\u00e9s qui accueillent \u00e0 la nuit tomb\u00e9e, les spectatrices et les spectateurs pour assister \u00e0 des [&hellip;]\" \/>\n<meta property=\"og:url\" content=\"https:\/\/lacroiseedeschemins49.fr\/index.php\/les-festivites-annuelles\/\" \/>\n<meta property=\"og:site_name\" content=\"Wordpress\" \/>\n<meta property=\"article:modified_time\" content=\"2025-04-09T07:25:28+00:00\" \/>\n<meta property=\"og:image\" content=\"https:\/\/lacroiseedeschemins49.fr\/wp-content\/uploads\/2025\/04\/FESTIVAL-DANJOU.jpg\" \/>\n\t<meta property=\"og:image:width\" content=\"800\" \/>\n\t<meta property=\"og:image:height\" content=\"600\" \/>\n\t<meta property=\"og:image:type\" content=\"image\/jpeg\" \/>\n<meta name=\"twitter:card\" content=\"summary_large_image\" \/>\n<meta name=\"twitter:label1\" content=\"Dur\u00e9e de lecture estim\u00e9e\" \/>\n\t<meta name=\"twitter:data1\" content=\"3 minutes\" \/>\n<script type=\"application\/ld+json\" class=\"yoast-schema-graph\">{\"@context\":\"https:\/\/schema.org\",\"@graph\":[{\"@type\":\"WebPage\",\"@id\":\"https:\/\/lacroiseedeschemins49.fr\/index.php\/les-festivites-annuelles\/\",\"url\":\"https:\/\/lacroiseedeschemins49.fr\/index.php\/les-festivites-annuelles\/\",\"name\":\"Les festivit\u00e9s annuelles - Wordpress\",\"isPartOf\":{\"@id\":\"https:\/\/lacroiseedeschemins49.fr\/#website\"},\"primaryImageOfPage\":{\"@id\":\"https:\/\/lacroiseedeschemins49.fr\/index.php\/les-festivites-annuelles\/#primaryimage\"},\"image\":{\"@id\":\"https:\/\/lacroiseedeschemins49.fr\/index.php\/les-festivites-annuelles\/#primaryimage\"},\"thumbnailUrl\":\"http:\/\/lacroiseedeschemins49.fr\/wp-content\/uploads\/2025\/04\/FESTIVAL-DANJOU.jpg\",\"datePublished\":\"2024-05-28T13:22:39+00:00\",\"dateModified\":\"2025-04-09T07:25:28+00:00\",\"breadcrumb\":{\"@id\":\"https:\/\/lacroiseedeschemins49.fr\/index.php\/les-festivites-annuelles\/#breadcrumb\"},\"inLanguage\":\"fr-FR\",\"potentialAction\":[{\"@type\":\"ReadAction\",\"target\":[\"https:\/\/lacroiseedeschemins49.fr\/index.php\/les-festivites-annuelles\/\"]}]},{\"@type\":\"ImageObject\",\"inLanguage\":\"fr-FR\",\"@id\":\"https:\/\/lacroiseedeschemins49.fr\/index.php\/les-festivites-annuelles\/#primaryimage\",\"url\":\"https:\/\/lacroiseedeschemins49.fr\/wp-content\/uploads\/2025\/04\/FESTIVAL-DANJOU.jpg\",\"contentUrl\":\"https:\/\/lacroiseedeschemins49.fr\/wp-content\/uploads\/2025\/04\/FESTIVAL-DANJOU.jpg\",\"width\":800,\"height\":600},{\"@type\":\"BreadcrumbList\",\"@id\":\"https:\/\/lacroiseedeschemins49.fr\/index.php\/les-festivites-annuelles\/#breadcrumb\",\"itemListElement\":[{\"@type\":\"ListItem\",\"position\":1,\"name\":\"Accueil\",\"item\":\"https:\/\/lacroiseedeschemins49.fr\/\"},{\"@type\":\"ListItem\",\"position\":2,\"name\":\"Les festivit\u00e9s annuelles\"}]},{\"@type\":\"WebSite\",\"@id\":\"https:\/\/lacroiseedeschemins49.fr\/#website\",\"url\":\"https:\/\/lacroiseedeschemins49.fr\/\",\"name\":\"Wordpress\",\"description\":\"La Crois\u00e9e des Chemins\",\"publisher\":{\"@id\":\"https:\/\/lacroiseedeschemins49.fr\/#organization\"},\"potentialAction\":[{\"@type\":\"SearchAction\",\"target\":{\"@type\":\"EntryPoint\",\"urlTemplate\":\"https:\/\/lacroiseedeschemins49.fr\/?s={search_term_string}\"},\"query-input\":{\"@type\":\"PropertyValueSpecification\",\"valueRequired\":true,\"valueName\":\"search_term_string\"}}],\"inLanguage\":\"fr-FR\"},{\"@type\":\"Organization\",\"@id\":\"https:\/\/lacroiseedeschemins49.fr\/#organization\",\"name\":\"Wordpress\",\"url\":\"https:\/\/lacroiseedeschemins49.fr\/\",\"logo\":{\"@type\":\"ImageObject\",\"inLanguage\":\"fr-FR\",\"@id\":\"https:\/\/lacroiseedeschemins49.fr\/#\/schema\/logo\/image\/\",\"url\":\"https:\/\/lacroiseedeschemins49.fr\/wp-content\/uploads\/2025\/01\/cropped-logo-La-Croisee-des-Chemins-1.jpg\",\"contentUrl\":\"https:\/\/lacroiseedeschemins49.fr\/wp-content\/uploads\/2025\/01\/cropped-logo-La-Croisee-des-Chemins-1.jpg\",\"width\":1147,\"height\":435,\"caption\":\"Wordpress\"},\"image\":{\"@id\":\"https:\/\/lacroiseedeschemins49.fr\/#\/schema\/logo\/image\/\"}}]}<\/script>\n<!-- \/ Yoast SEO plugin. -->","yoast_head_json":{"title":"Les festivit\u00e9s annuelles - Wordpress","robots":{"index":"index","follow":"follow","max-snippet":"max-snippet:-1","max-image-preview":"max-image-preview:large","max-video-preview":"max-video-preview:-1"},"canonical":"https:\/\/lacroiseedeschemins49.fr\/index.php\/les-festivites-annuelles\/","og_locale":"fr_FR","og_type":"article","og_title":"Les festivit\u00e9s annuelles - Wordpress","og_description":"Le festival d&rsquo;Anjou : Organis\u00e9 chaque ann\u00e9e en d\u00e9but d&rsquo;\u00e9t\u00e9, ce festival de th\u00e9\u00e2tre se d\u00e9roule dans divers lieux embl\u00e9matiques du Maine et Loire. Le Ch\u00e2teau du Plessis-Mac\u00e9, proche de la Crois\u00e9e des Chemins, fait partie de ces sites privil\u00e9gi\u00e9s qui accueillent \u00e0 la nuit tomb\u00e9e, les spectatrices et les spectateurs pour assister \u00e0 des [&hellip;]","og_url":"https:\/\/lacroiseedeschemins49.fr\/index.php\/les-festivites-annuelles\/","og_site_name":"Wordpress","article_modified_time":"2025-04-09T07:25:28+00:00","og_image":[{"width":800,"height":600,"url":"https:\/\/lacroiseedeschemins49.fr\/wp-content\/uploads\/2025\/04\/FESTIVAL-DANJOU.jpg","type":"image\/jpeg"}],"twitter_card":"summary_large_image","twitter_misc":{"Dur\u00e9e de lecture estim\u00e9e":"3 minutes"},"schema":{"@context":"https:\/\/schema.org","@graph":[{"@type":"WebPage","@id":"https:\/\/lacroiseedeschemins49.fr\/index.php\/les-festivites-annuelles\/","url":"https:\/\/lacroiseedeschemins49.fr\/index.php\/les-festivites-annuelles\/","name":"Les festivit\u00e9s annuelles - Wordpress","isPartOf":{"@id":"https:\/\/lacroiseedeschemins49.fr\/#website"},"primaryImageOfPage":{"@id":"https:\/\/lacroiseedeschemins49.fr\/index.php\/les-festivites-annuelles\/#primaryimage"},"image":{"@id":"https:\/\/lacroiseedeschemins49.fr\/index.php\/les-festivites-annuelles\/#primaryimage"},"thumbnailUrl":"http:\/\/lacroiseedeschemins49.fr\/wp-content\/uploads\/2025\/04\/FESTIVAL-DANJOU.jpg","datePublished":"2024-05-28T13:22:39+00:00","dateModified":"2025-04-09T07:25:28+00:00","breadcrumb":{"@id":"https:\/\/lacroiseedeschemins49.fr\/index.php\/les-festivites-annuelles\/#breadcrumb"},"inLanguage":"fr-FR","potentialAction":[{"@type":"ReadAction","target":["https:\/\/lacroiseedeschemins49.fr\/index.php\/les-festivites-annuelles\/"]}]},{"@type":"ImageObject","inLanguage":"fr-FR","@id":"https:\/\/lacroiseedeschemins49.fr\/index.php\/les-festivites-annuelles\/#primaryimage","url":"https:\/\/lacroiseedeschemins49.fr\/wp-content\/uploads\/2025\/04\/FESTIVAL-DANJOU.jpg","contentUrl":"https:\/\/lacroiseedeschemins49.fr\/wp-content\/uploads\/2025\/04\/FESTIVAL-DANJOU.jpg","width":800,"height":600},{"@type":"BreadcrumbList","@id":"https:\/\/lacroiseedeschemins49.fr\/index.php\/les-festivites-annuelles\/#breadcrumb","itemListElement":[{"@type":"ListItem","position":1,"name":"Accueil","item":"https:\/\/lacroiseedeschemins49.fr\/"},{"@type":"ListItem","position":2,"name":"Les festivit\u00e9s annuelles"}]},{"@type":"WebSite","@id":"https:\/\/lacroiseedeschemins49.fr\/#website","url":"https:\/\/lacroiseedeschemins49.fr\/","name":"Wordpress","description":"La Crois\u00e9e des Chemins","publisher":{"@id":"https:\/\/lacroiseedeschemins49.fr\/#organization"},"potentialAction":[{"@type":"SearchAction","target":{"@type":"EntryPoint","urlTemplate":"https:\/\/lacroiseedeschemins49.fr\/?s={search_term_string}"},"query-input":{"@type":"PropertyValueSpecification","valueRequired":true,"valueName":"search_term_string"}}],"inLanguage":"fr-FR"},{"@type":"Organization","@id":"https:\/\/lacroiseedeschemins49.fr\/#organization","name":"Wordpress","url":"https:\/\/lacroiseedeschemins49.fr\/","logo":{"@type":"ImageObject","inLanguage":"fr-FR","@id":"https:\/\/lacroiseedeschemins49.fr\/#\/schema\/logo\/image\/","url":"https:\/\/lacroiseedeschemins49.fr\/wp-content\/uploads\/2025\/01\/cropped-logo-La-Croisee-des-Chemins-1.jpg","contentUrl":"https:\/\/lacroiseedeschemins49.fr\/wp-content\/uploads\/2025\/01\/cropped-logo-La-Croisee-des-Chemins-1.jpg","width":1147,"height":435,"caption":"Wordpress"},"image":{"@id":"https:\/\/lacroiseedeschemins49.fr\/#\/schema\/logo\/image\/"}}]}},"_links":{"self":[{"href":"https:\/\/lacroiseedeschemins49.fr\/index.php\/wp-json\/wp\/v2\/pages\/108","targetHints":{"allow":["GET"]}}],"collection":[{"href":"https:\/\/lacroiseedeschemins49.fr\/index.php\/wp-json\/wp\/v2\/pages"}],"about":[{"href":"https:\/\/lacroiseedeschemins49.fr\/index.php\/wp-json\/wp\/v2\/types\/page"}],"author":[{"embeddable":true,"href":"https:\/\/lacroiseedeschemins49.fr\/index.php\/wp-json\/wp\/v2\/users\/1"}],"replies":[{"embeddable":true,"href":"https:\/\/lacroiseedeschemins49.fr\/index.php\/wp-json\/wp\/v2\/comments?post=108"}],"version-history":[{"count":10,"href":"https:\/\/lacroiseedeschemins49.fr\/index.php\/wp-json\/wp\/v2\/pages\/108\/revisions"}],"predecessor-version":[{"id":824,"href":"https:\/\/lacroiseedeschemins49.fr\/index.php\/wp-json\/wp\/v2\/pages\/108\/revisions\/824"}],"wp:attachment":[{"href":"https:\/\/lacroiseedeschemins49.fr\/index.php\/wp-json\/wp\/v2\/media?parent=108"}],"curies":[{"name":"wp","href":"https:\/\/api.w.org\/{rel}","templated":true}]}}