{"id":102,"date":"2024-05-28T15:21:33","date_gmt":"2024-05-28T13:21:33","guid":{"rendered":"https:\/\/lacroiseedeschemins49.fr\/?page_id=102"},"modified":"2025-04-09T09:47:28","modified_gmt":"2025-04-09T07:47:28","slug":"les-bonnes-adresses","status":"publish","type":"page","link":"https:\/\/lacroiseedeschemins49.fr\/index.php\/les-bonnes-adresses\/","title":{"rendered":"Les March\u00e9s Fermiers Locaux"},"content":{"rendered":"\n<div class=\"wp-block-columns is-layout-flex wp-container-core-columns-is-layout-9d6595d7 wp-block-columns-is-layout-flex\">\n<div class=\"wp-block-column is-layout-flow wp-block-column-is-layout-flow\">\n<figure class=\"wp-block-image size-full is-resized\"><img loading=\"lazy\" decoding=\"async\" width=\"800\" height=\"600\" src=\"http:\/\/lacroiseedeschemins49.fr\/wp-content\/uploads\/2025\/03\/Marche.png\" alt=\"Bel \u00e9tal de fruits, l\u00e9gumes, pain, boissons.... au coeur d'un March\u00e9 Fermier Local\" class=\"wp-image-708\" style=\"width:406px;height:auto\" srcset=\"https:\/\/lacroiseedeschemins49.fr\/wp-content\/uploads\/2025\/03\/Marche.png 800w, https:\/\/lacroiseedeschemins49.fr\/wp-content\/uploads\/2025\/03\/Marche-300x225.png 300w, https:\/\/lacroiseedeschemins49.fr\/wp-content\/uploads\/2025\/03\/Marche-768x576.png 768w\" sizes=\"auto, (max-width: 800px) 100vw, 800px\" \/><\/figure>\n<\/div>\n\n\n\n<div class=\"wp-block-column is-layout-flow wp-block-column-is-layout-flow\">\n<h2 class=\"wp-block-heading\"><strong>A seulement quelques minutes du g\u00eete : <\/strong><\/h2>\n\n\n\n<ul class=\"wp-block-list\">\n<li>Le march\u00e9 de <strong>La Prairie<\/strong>, lieu-dit les Rivi\u00e8res, 49220 Grez Neuville &#8211; Le lundi de 16h30 \u00e0 19h.<\/li>\n<\/ul>\n\n\n\n<ul class=\"wp-block-list\">\n<li>Le march\u00e9 du<strong> Bomelle<\/strong>, 49360 Feneu &#8211; Le mercredi de 16h30 \u00e0 19h.<\/li>\n<\/ul>\n\n\n\n<ul class=\"wp-block-list\">\n<li>Le march\u00e9 de <strong>La Casserie<\/strong>, 49460 Ecuill\u00e9 &#8211; Le vendredi de 17h \u00e0 20h.<\/li>\n<\/ul>\n\n\n\n<ul class=\"wp-block-list\">\n<li>Le march\u00e9 de <strong>Lauri\u00e8re<\/strong> \u00e0 Feneu, 49460 Feneu &#8211; Le vendredi de 9h \u00e0 12h puis de 14h \u00e0 19h et le samedi de 9h \u00e0 12h puis de 14h \u00e0 17h.<\/li>\n<\/ul>\n<\/div>\n<\/div>\n\n\n\n<p><\/p>\n","protected":false},"excerpt":{"rendered":"<p>A seulement quelques minutes du g\u00eete :<\/p>\n","protected":false},"author":1,"featured_media":0,"parent":0,"menu_order":0,"comment_status":"closed","ping_status":"closed","template":"","meta":{"footnotes":""},"class_list":["post-102","page","type-page","status-publish","hentry","entry"],"yoast_head":"<!-- This site is optimized with the Yoast SEO plugin v25.6 - https:\/\/yoast.com\/wordpress\/plugins\/seo\/ -->\n<title>Les March\u00e9s Fermiers Locaux - Wordpress<\/title>\n<meta name=\"robots\" content=\"index, follow, max-snippet:-1, max-image-preview:large, max-video-preview:-1\" \/>\n<link rel=\"canonical\" href=\"https:\/\/lacroiseedeschemins49.fr\/index.php\/les-bonnes-adresses\/\" \/>\n<meta property=\"og:locale\" content=\"fr_FR\" \/>\n<meta property=\"og:type\" content=\"article\" \/>\n<meta property=\"og:title\" content=\"Les March\u00e9s Fermiers Locaux - Wordpress\" \/>\n<meta property=\"og:description\" content=\"A seulement quelques minutes du g\u00eete :\" \/>\n<meta property=\"og:url\" content=\"https:\/\/lacroiseedeschemins49.fr\/index.php\/les-bonnes-adresses\/\" \/>\n<meta property=\"og:site_name\" content=\"Wordpress\" \/>\n<meta property=\"article:modified_time\" content=\"2025-04-09T07:47:28+00:00\" \/>\n<meta property=\"og:image\" content=\"https:\/\/lacroiseedeschemins49.fr\/wp-content\/uploads\/2025\/03\/Marche.png\" \/>\n\t<meta property=\"og:image:width\" content=\"800\" \/>\n\t<meta property=\"og:image:height\" content=\"600\" \/>\n\t<meta property=\"og:image:type\" content=\"image\/png\" \/>\n<meta name=\"twitter:card\" content=\"summary_large_image\" \/>\n<meta name=\"twitter:label1\" content=\"Dur\u00e9e de lecture estim\u00e9e\" \/>\n\t<meta name=\"twitter:data1\" content=\"1 minute\" \/>\n<script type=\"application\/ld+json\" class=\"yoast-schema-graph\">{\"@context\":\"https:\/\/schema.org\",\"@graph\":[{\"@type\":\"WebPage\",\"@id\":\"https:\/\/lacroiseedeschemins49.fr\/index.php\/les-bonnes-adresses\/\",\"url\":\"https:\/\/lacroiseedeschemins49.fr\/index.php\/les-bonnes-adresses\/\",\"name\":\"Les March\u00e9s Fermiers Locaux - Wordpress\",\"isPartOf\":{\"@id\":\"https:\/\/lacroiseedeschemins49.fr\/#website\"},\"primaryImageOfPage\":{\"@id\":\"https:\/\/lacroiseedeschemins49.fr\/index.php\/les-bonnes-adresses\/#primaryimage\"},\"image\":{\"@id\":\"https:\/\/lacroiseedeschemins49.fr\/index.php\/les-bonnes-adresses\/#primaryimage\"},\"thumbnailUrl\":\"http:\/\/lacroiseedeschemins49.fr\/wp-content\/uploads\/2025\/03\/Marche.png\",\"datePublished\":\"2024-05-28T13:21:33+00:00\",\"dateModified\":\"2025-04-09T07:47:28+00:00\",\"breadcrumb\":{\"@id\":\"https:\/\/lacroiseedeschemins49.fr\/index.php\/les-bonnes-adresses\/#breadcrumb\"},\"inLanguage\":\"fr-FR\",\"potentialAction\":[{\"@type\":\"ReadAction\",\"target\":[\"https:\/\/lacroiseedeschemins49.fr\/index.php\/les-bonnes-adresses\/\"]}]},{\"@type\":\"ImageObject\",\"inLanguage\":\"fr-FR\",\"@id\":\"https:\/\/lacroiseedeschemins49.fr\/index.php\/les-bonnes-adresses\/#primaryimage\",\"url\":\"https:\/\/lacroiseedeschemins49.fr\/wp-content\/uploads\/2025\/03\/Marche.png\",\"contentUrl\":\"https:\/\/lacroiseedeschemins49.fr\/wp-content\/uploads\/2025\/03\/Marche.png\",\"width\":800,\"height\":600},{\"@type\":\"BreadcrumbList\",\"@id\":\"https:\/\/lacroiseedeschemins49.fr\/index.php\/les-bonnes-adresses\/#breadcrumb\",\"itemListElement\":[{\"@type\":\"ListItem\",\"position\":1,\"name\":\"Accueil\",\"item\":\"https:\/\/lacroiseedeschemins49.fr\/\"},{\"@type\":\"ListItem\",\"position\":2,\"name\":\"Les March\u00e9s Fermiers Locaux\"}]},{\"@type\":\"WebSite\",\"@id\":\"https:\/\/lacroiseedeschemins49.fr\/#website\",\"url\":\"https:\/\/lacroiseedeschemins49.fr\/\",\"name\":\"Wordpress\",\"description\":\"La Crois\u00e9e des Chemins\",\"publisher\":{\"@id\":\"https:\/\/lacroiseedeschemins49.fr\/#organization\"},\"potentialAction\":[{\"@type\":\"SearchAction\",\"target\":{\"@type\":\"EntryPoint\",\"urlTemplate\":\"https:\/\/lacroiseedeschemins49.fr\/?s={search_term_string}\"},\"query-input\":{\"@type\":\"PropertyValueSpecification\",\"valueRequired\":true,\"valueName\":\"search_term_string\"}}],\"inLanguage\":\"fr-FR\"},{\"@type\":\"Organization\",\"@id\":\"https:\/\/lacroiseedeschemins49.fr\/#organization\",\"name\":\"Wordpress\",\"url\":\"https:\/\/lacroiseedeschemins49.fr\/\",\"logo\":{\"@type\":\"ImageObject\",\"inLanguage\":\"fr-FR\",\"@id\":\"https:\/\/lacroiseedeschemins49.fr\/#\/schema\/logo\/image\/\",\"url\":\"https:\/\/lacroiseedeschemins49.fr\/wp-content\/uploads\/2025\/01\/cropped-logo-La-Croisee-des-Chemins-1.jpg\",\"contentUrl\":\"https:\/\/lacroiseedeschemins49.fr\/wp-content\/uploads\/2025\/01\/cropped-logo-La-Croisee-des-Chemins-1.jpg\",\"width\":1147,\"height\":435,\"caption\":\"Wordpress\"},\"image\":{\"@id\":\"https:\/\/lacroiseedeschemins49.fr\/#\/schema\/logo\/image\/\"}}]}<\/script>\n<!-- \/ Yoast SEO plugin. -->","yoast_head_json":{"title":"Les March\u00e9s Fermiers Locaux - Wordpress","robots":{"index":"index","follow":"follow","max-snippet":"max-snippet:-1","max-image-preview":"max-image-preview:large","max-video-preview":"max-video-preview:-1"},"canonical":"https:\/\/lacroiseedeschemins49.fr\/index.php\/les-bonnes-adresses\/","og_locale":"fr_FR","og_type":"article","og_title":"Les March\u00e9s Fermiers Locaux - Wordpress","og_description":"A seulement quelques minutes du g\u00eete :","og_url":"https:\/\/lacroiseedeschemins49.fr\/index.php\/les-bonnes-adresses\/","og_site_name":"Wordpress","article_modified_time":"2025-04-09T07:47:28+00:00","og_image":[{"width":800,"height":600,"url":"https:\/\/lacroiseedeschemins49.fr\/wp-content\/uploads\/2025\/03\/Marche.png","type":"image\/png"}],"twitter_card":"summary_large_image","twitter_misc":{"Dur\u00e9e de lecture estim\u00e9e":"1 minute"},"schema":{"@context":"https:\/\/schema.org","@graph":[{"@type":"WebPage","@id":"https:\/\/lacroiseedeschemins49.fr\/index.php\/les-bonnes-adresses\/","url":"https:\/\/lacroiseedeschemins49.fr\/index.php\/les-bonnes-adresses\/","name":"Les March\u00e9s Fermiers Locaux - Wordpress","isPartOf":{"@id":"https:\/\/lacroiseedeschemins49.fr\/#website"},"primaryImageOfPage":{"@id":"https:\/\/lacroiseedeschemins49.fr\/index.php\/les-bonnes-adresses\/#primaryimage"},"image":{"@id":"https:\/\/lacroiseedeschemins49.fr\/index.php\/les-bonnes-adresses\/#primaryimage"},"thumbnailUrl":"http:\/\/lacroiseedeschemins49.fr\/wp-content\/uploads\/2025\/03\/Marche.png","datePublished":"2024-05-28T13:21:33+00:00","dateModified":"2025-04-09T07:47:28+00:00","breadcrumb":{"@id":"https:\/\/lacroiseedeschemins49.fr\/index.php\/les-bonnes-adresses\/#breadcrumb"},"inLanguage":"fr-FR","potentialAction":[{"@type":"ReadAction","target":["https:\/\/lacroiseedeschemins49.fr\/index.php\/les-bonnes-adresses\/"]}]},{"@type":"ImageObject","inLanguage":"fr-FR","@id":"https:\/\/lacroiseedeschemins49.fr\/index.php\/les-bonnes-adresses\/#primaryimage","url":"https:\/\/lacroiseedeschemins49.fr\/wp-content\/uploads\/2025\/03\/Marche.png","contentUrl":"https:\/\/lacroiseedeschemins49.fr\/wp-content\/uploads\/2025\/03\/Marche.png","width":800,"height":600},{"@type":"BreadcrumbList","@id":"https:\/\/lacroiseedeschemins49.fr\/index.php\/les-bonnes-adresses\/#breadcrumb","itemListElement":[{"@type":"ListItem","position":1,"name":"Accueil","item":"https:\/\/lacroiseedeschemins49.fr\/"},{"@type":"ListItem","position":2,"name":"Les March\u00e9s Fermiers Locaux"}]},{"@type":"WebSite","@id":"https:\/\/lacroiseedeschemins49.fr\/#website","url":"https:\/\/lacroiseedeschemins49.fr\/","name":"Wordpress","description":"La Crois\u00e9e des Chemins","publisher":{"@id":"https:\/\/lacroiseedeschemins49.fr\/#organization"},"potentialAction":[{"@type":"SearchAction","target":{"@type":"EntryPoint","urlTemplate":"https:\/\/lacroiseedeschemins49.fr\/?s={search_term_string}"},"query-input":{"@type":"PropertyValueSpecification","valueRequired":true,"valueName":"search_term_string"}}],"inLanguage":"fr-FR"},{"@type":"Organization","@id":"https:\/\/lacroiseedeschemins49.fr\/#organization","name":"Wordpress","url":"https:\/\/lacroiseedeschemins49.fr\/","logo":{"@type":"ImageObject","inLanguage":"fr-FR","@id":"https:\/\/lacroiseedeschemins49.fr\/#\/schema\/logo\/image\/","url":"https:\/\/lacroiseedeschemins49.fr\/wp-content\/uploads\/2025\/01\/cropped-logo-La-Croisee-des-Chemins-1.jpg","contentUrl":"https:\/\/lacroiseedeschemins49.fr\/wp-content\/uploads\/2025\/01\/cropped-logo-La-Croisee-des-Chemins-1.jpg","width":1147,"height":435,"caption":"Wordpress"},"image":{"@id":"https:\/\/lacroiseedeschemins49.fr\/#\/schema\/logo\/image\/"}}]}},"_links":{"self":[{"href":"https:\/\/lacroiseedeschemins49.fr\/index.php\/wp-json\/wp\/v2\/pages\/102","targetHints":{"allow":["GET"]}}],"collection":[{"href":"https:\/\/lacroiseedeschemins49.fr\/index.php\/wp-json\/wp\/v2\/pages"}],"about":[{"href":"https:\/\/lacroiseedeschemins49.fr\/index.php\/wp-json\/wp\/v2\/types\/page"}],"author":[{"embeddable":true,"href":"https:\/\/lacroiseedeschemins49.fr\/index.php\/wp-json\/wp\/v2\/users\/1"}],"replies":[{"embeddable":true,"href":"https:\/\/lacroiseedeschemins49.fr\/index.php\/wp-json\/wp\/v2\/comments?post=102"}],"version-history":[{"count":10,"href":"https:\/\/lacroiseedeschemins49.fr\/index.php\/wp-json\/wp\/v2\/pages\/102\/revisions"}],"predecessor-version":[{"id":828,"href":"https:\/\/lacroiseedeschemins49.fr\/index.php\/wp-json\/wp\/v2\/pages\/102\/revisions\/828"}],"wp:attachment":[{"href":"https:\/\/lacroiseedeschemins49.fr\/index.php\/wp-json\/wp\/v2\/media?parent=102"}],"curies":[{"name":"wp","href":"https:\/\/api.w.org\/{rel}","templated":true}]}}