{"id":100,"date":"2024-05-28T15:21:13","date_gmt":"2024-05-28T13:21:13","guid":{"rendered":"https:\/\/lacroiseedeschemins49.fr\/?page_id=100"},"modified":"2025-04-09T09:46:08","modified_gmt":"2025-04-09T07:46:08","slug":"les-lieux-incontournables","status":"publish","type":"page","link":"https:\/\/lacroiseedeschemins49.fr\/index.php\/les-lieux-incontournables\/","title":{"rendered":"Les lieux incontournables"},"content":{"rendered":"\n<div class=\"wp-block-columns is-layout-flex wp-container-core-columns-is-layout-9d6595d7 wp-block-columns-is-layout-flex\">\n<div class=\"wp-block-column is-layout-flow wp-block-column-is-layout-flow\">\n<figure class=\"wp-block-image size-full\"><img loading=\"lazy\" decoding=\"async\" width=\"800\" height=\"600\" src=\"http:\/\/lacroiseedeschemins49.fr\/wp-content\/uploads\/2025\/04\/RALLIEMENT.jpg\" alt=\"Fa\u00e7ade du magnifique Th\u00e9\u00e2tre d'Angers, place du Ralliement\" class=\"wp-image-738\" srcset=\"https:\/\/lacroiseedeschemins49.fr\/wp-content\/uploads\/2025\/04\/RALLIEMENT.jpg 800w, https:\/\/lacroiseedeschemins49.fr\/wp-content\/uploads\/2025\/04\/RALLIEMENT-300x225.jpg 300w, https:\/\/lacroiseedeschemins49.fr\/wp-content\/uploads\/2025\/04\/RALLIEMENT-768x576.jpg 768w\" sizes=\"auto, (max-width: 800px) 100vw, 800px\" \/><\/figure>\n\n\n\n<h2 class=\"wp-block-heading\"><strong>La Ville d&rsquo;Angers :<\/strong><\/h2>\n\n\n\n<p>La ville d\u2019Angers est une destination qui pr\u00e9sente de nombreux atouts : 1\u00e8re ville verte fran\u00e7aise en 2020, 1\u00e8re ville o\u00f9 il fait bon vivre et meilleure m\u00e9tropole pour la biodiversit\u00e9, prix d\u00e9cern\u00e9 en 2022. C&rsquo;est une cit\u00e9 qui m\u00eale avec beaucoup d&rsquo;harmonie des activit\u00e9s urbaines et un ato\u00fbt nature tr\u00e8s d\u00e9velopp\u00e9.<\/p>\n\n\n\n<p>Les touristes appr\u00e9cient d\u00e9ambuler dans les ruelles de la cit\u00e9 historique et du centre-ville pi\u00e9tonnier, admirer l&rsquo;architecture des b\u00e2timents et monuments anciens ou plus contemporains, d\u00e9couvrir les propositions culturelles multiples et vari\u00e9es&#8230;<\/p>\n\n\n\n<p>La nature y est mise \u00e0 l&rsquo;honneur avec l&rsquo;existence de plusieurs parcs et jardins am\u00e9nag\u00e9s, d&rsquo;un lac et de bords de Maine o\u00f9 de nombreuses activit\u00e9s sportives y sont propos\u00e9es.<\/p>\n\n\n\n<p>Sa situation g\u00e9ographique permet aussi aux visiteurs de passage de \u00ab faire un saut \u00bb jusqu\u2019au vignoble du Val de Loire, inscrit au patrimoine mondial de l&rsquo;Unesco ainsi que de parcourir les rives de la Loire avec le moyen de locomotion de son choix.<\/p>\n\n\n\n<hr class=\"wp-block-separator has-alpha-channel-opacity\"\/>\n<\/div>\n\n\n\n<div class=\"wp-block-column is-layout-flow wp-block-column-is-layout-flow\">\n<figure class=\"wp-block-image size-full\"><img loading=\"lazy\" decoding=\"async\" width=\"800\" height=\"600\" src=\"http:\/\/lacroiseedeschemins49.fr\/wp-content\/uploads\/2025\/04\/CHATEAU-ANGERS.jpg\" alt=\"Le magnifique imposant ch\u00e2teau d'Angers et ses douves paysag\u00e9es\" class=\"wp-image-731\" srcset=\"https:\/\/lacroiseedeschemins49.fr\/wp-content\/uploads\/2025\/04\/CHATEAU-ANGERS.jpg 800w, https:\/\/lacroiseedeschemins49.fr\/wp-content\/uploads\/2025\/04\/CHATEAU-ANGERS-300x225.jpg 300w, https:\/\/lacroiseedeschemins49.fr\/wp-content\/uploads\/2025\/04\/CHATEAU-ANGERS-768x576.jpg 768w\" sizes=\"auto, (max-width: 800px) 100vw, 800px\" \/><\/figure>\n\n\n\n<h2 class=\"wp-block-heading\"><strong>Le Ch\u00e2teau d&rsquo;Angers :<\/strong><\/h2>\n\n\n\n<p>Le ch\u00e2teau d\u2019Angers \u00e9galement appel\u00e9 <em>Le Ch\u00e2teau des Ducs d\u2019Anjou<\/em>, est une forteresse m\u00e9di\u00e9vale constitu\u00e9e de 17 tours.<\/p>\n\n\n\n<p>Cet \u00e9difice, tr\u00e8s connu pour sa situation strat\u00e9gique d\u00e9fensive a \u00e9t\u00e9, pendant plusieurs si\u00e8cles, la cause de nombreux conflits entre les ducs d\u2019Anjou et l\u2019Empire Plantagen\u00eat.<\/p>\n\n\n\n<p>Depuis 1954, il h\u00e9berge les tapisseries de l\u2019Apocalypse command\u00e9es par Louis 1<sup>er<\/sup> d\u2019Anjou. V\u00e9ritables tr\u00e9sors m\u00e9di\u00e9vaux, elles se composent de 6 pi\u00e8ces successives d\u00e9coup\u00e9es en quatorze tableaux.<\/p>\n\n\n\n<hr class=\"wp-block-separator has-alpha-channel-opacity\"\/>\n<\/div>\n<\/div>\n\n\n\n<div class=\"wp-block-columns is-layout-flex wp-container-core-columns-is-layout-9d6595d7 wp-block-columns-is-layout-flex\">\n<div class=\"wp-block-column is-layout-flow wp-block-column-is-layout-flow\">\n<figure class=\"wp-block-image size-full\"><img loading=\"lazy\" decoding=\"async\" width=\"800\" height=\"600\" src=\"http:\/\/lacroiseedeschemins49.fr\/wp-content\/uploads\/2025\/04\/TERRA-BOTANICA.jpg\" alt=\"Buisson taill\u00e9 en forme de personnage monstrueux\" class=\"wp-image-740\" srcset=\"https:\/\/lacroiseedeschemins49.fr\/wp-content\/uploads\/2025\/04\/TERRA-BOTANICA.jpg 800w, https:\/\/lacroiseedeschemins49.fr\/wp-content\/uploads\/2025\/04\/TERRA-BOTANICA-300x225.jpg 300w, https:\/\/lacroiseedeschemins49.fr\/wp-content\/uploads\/2025\/04\/TERRA-BOTANICA-768x576.jpg 768w\" sizes=\"auto, (max-width: 800px) 100vw, 800px\" \/><\/figure>\n\n\n\n<h2 class=\"wp-block-heading\"><strong>Terra Botanica : <\/strong><\/h2>\n\n\n\n<p>Terra Botanica, situ\u00e9 \u00e0 l&rsquo;entr\u00e9e d&rsquo;Angers, est le premier parc du v\u00e9g\u00e9tal en Europe.<\/p>\n\n\n\n<p>Lors de la visite, petits et grands sont plong\u00e9s dans un univers insolite m\u00ealant d\u00e9couvertes et explorations. Les animations et spectacles pr\u00e9sentent la biodiversit\u00e9, les plantes et les insectes sous leurs multiples formes.<\/p>\n\n\n\n<p>Les visiteurs sont&nbsp;charm\u00e9s par les couleurs du parc qui \u00e9voluent selon la floraison des v\u00e9g\u00e9taux, en fonction des saisons.<\/p>\n\n\n\n<hr class=\"wp-block-separator has-alpha-channel-opacity\"\/>\n<\/div>\n\n\n\n<div class=\"wp-block-column is-layout-flow wp-block-column-is-layout-flow\">\n<figure class=\"wp-block-image size-full\"><img loading=\"lazy\" decoding=\"async\" width=\"800\" height=\"600\" src=\"http:\/\/lacroiseedeschemins49.fr\/wp-content\/uploads\/2025\/04\/PLESSIS-BOURRE.jpg\" alt=\"Vue d'ensemble du ch\u00e2teau du Plessis Bourr\u00e9 entour\u00e9 de ses douves en eaux.\" class=\"wp-image-737\" srcset=\"https:\/\/lacroiseedeschemins49.fr\/wp-content\/uploads\/2025\/04\/PLESSIS-BOURRE.jpg 800w, https:\/\/lacroiseedeschemins49.fr\/wp-content\/uploads\/2025\/04\/PLESSIS-BOURRE-300x225.jpg 300w, https:\/\/lacroiseedeschemins49.fr\/wp-content\/uploads\/2025\/04\/PLESSIS-BOURRE-768x576.jpg 768w\" sizes=\"auto, (max-width: 800px) 100vw, 800px\" \/><\/figure>\n\n\n\n<h2 class=\"wp-block-heading\"><strong>Le Ch\u00e2teau du Plessis-Bourr\u00e9: <\/strong><\/h2>\n\n\n\n<p>Ce ch\u00e2teau autrefois appel\u00e9 <em>Le Plessis-le-Vent<\/em>, fut achet\u00e9 par Jean Bourr\u00e9, le tr\u00e9sorier du roi Louis XI, qui lui donna son nom en 1462.<\/p>\n\n\n\n<p>Construit au XV\u00e8me si\u00e8cle, il constitue encore aujourd\u2019hui une performance remarquable pour son \u00e9poque. Il poss\u00e8de les caract\u00e9ristiques techniques d\u2019une forteresse de la fin du Moyen-Age du fait de son syst\u00e8me de d\u00e9fense.<\/p>\n\n\n\n<p>Cet \u00e9difice est connu pour avoir \u00e9galement accueilli le tournage du film Peau d\u2019\u00e2ne en 1970 avec Catherine Deneuve, ayant permis de le mettre davantage en lumi\u00e8re.<\/p>\n\n\n\n<p>Chaque ann\u00e9e, de nombreux \u00e9v\u00e8nements sont organis\u00e9s au Plessis Bourr\u00e9, pour le bonheur des petits et grands.<\/p>\n\n\n\n<hr class=\"wp-block-separator has-alpha-channel-opacity\"\/>\n<\/div>\n<\/div>\n\n\n\n<div class=\"wp-block-columns is-layout-flex wp-container-core-columns-is-layout-9d6595d7 wp-block-columns-is-layout-flex\">\n<div class=\"wp-block-column is-layout-flow wp-block-column-is-layout-flow\">\n<figure class=\"wp-block-image size-full\"><img loading=\"lazy\" decoding=\"async\" width=\"800\" height=\"600\" src=\"http:\/\/lacroiseedeschemins49.fr\/wp-content\/uploads\/2025\/04\/LISLE-BRIAND.jpg\" alt=\"Premier plan, homme sur un v\u00e9lo traversant un pont. Arri\u00e8re plan : le ch\u00e2teau de L'Ilse Briand\" class=\"wp-image-734\" srcset=\"https:\/\/lacroiseedeschemins49.fr\/wp-content\/uploads\/2025\/04\/LISLE-BRIAND.jpg 800w, https:\/\/lacroiseedeschemins49.fr\/wp-content\/uploads\/2025\/04\/LISLE-BRIAND-300x225.jpg 300w, https:\/\/lacroiseedeschemins49.fr\/wp-content\/uploads\/2025\/04\/LISLE-BRIAND-768x576.jpg 768w\" sizes=\"auto, (max-width: 800px) 100vw, 800px\" \/><\/figure>\n\n\n\n<h2 class=\"wp-block-heading\"><strong>Le Parc de l&rsquo;Isle Briand : <\/strong><\/h2>\n\n\n\n<p>C&rsquo;est un grand espace de d\u00e9tente situ\u00e9 \u00e0 une dizaine de kilom\u00e8tres de la Crois\u00e9e des Chemins. Ouvert aux visiteurs, le parc offre de belles balades au c\u0153ur d&rsquo;une nature bois\u00e9e. Tout le long de votre promenade, vous d\u00e9couvrirez le ch\u00e2teau de l&rsquo;Isle Briand, sa ferme et ses \u00e9curies.<\/p>\n\n\n\n<p>Ce parc d\u00e9partemental est bord\u00e9 par l\u2019Oudon et la Mayenne, deux cours d&rsquo;eau o\u00f9 r\u00e8gne une r\u00e9elle atmosph\u00e8re de calme et de s\u00e9r\u00e9nit\u00e9.<\/p>\n\n\n\n<p>L\u2019Isle Briand ouvre aussi ses portes pour accueillir diff\u00e9rentes manifestations sportives et notamment chaque ann\u00e9e au mois d&rsquo;octobre, le Mondial du Lion, comp\u00e9tition \u00e9questre tr\u00e8s appr\u00e9ci\u00e9e.<\/p>\n\n\n\n<hr class=\"wp-block-separator has-alpha-channel-opacity\"\/>\n<\/div>\n\n\n\n<div class=\"wp-block-column is-layout-flow wp-block-column-is-layout-flow\">\n<figure class=\"wp-block-image size-full\"><img loading=\"lazy\" decoding=\"async\" width=\"800\" height=\"600\" src=\"http:\/\/lacroiseedeschemins49.fr\/wp-content\/uploads\/2025\/04\/MINE-BLEUE.jpg\" alt=\"Groupe de visiteurs descendant au coeur de la carri\u00e8re d'ardoise de La Mine Bleue. \" class=\"wp-image-735\" srcset=\"https:\/\/lacroiseedeschemins49.fr\/wp-content\/uploads\/2025\/04\/MINE-BLEUE.jpg 800w, https:\/\/lacroiseedeschemins49.fr\/wp-content\/uploads\/2025\/04\/MINE-BLEUE-300x225.jpg 300w, https:\/\/lacroiseedeschemins49.fr\/wp-content\/uploads\/2025\/04\/MINE-BLEUE-768x576.jpg 768w\" sizes=\"auto, (max-width: 800px) 100vw, 800px\" \/><\/figure>\n\n\n\n<h2 class=\"wp-block-heading\"><strong>La Mine Bleue <\/strong>: <\/h2>\n\n\n\n<p>Envie d\u2019une aventure insolite \u00e0 126 m\u00e8tres sous terre ?<\/p>\n\n\n\n<p>Les amateurs d&rsquo;aventures seront combl\u00e9s \u00e0 la Mine Bleue. Les visiteurs descendent, en effet, dans un ancien site minier du 20\u00e8me si\u00e8cle situ\u00e9 \u00e0 126 m sous terre. C&rsquo;est l&rsquo;occasion d&rsquo;un retour vers le pass\u00e9 lors d&rsquo;une visite guid\u00e9e des anciennes galeries et des chambres d\u2019extraction de cette carri\u00e8re schisteuse.<\/p>\n\n\n\n<p>Toute l\u2019histoire de l\u2019ardoise d&rsquo;Anjou, de son extraction \u00e0 ses grandes \u00e9tapes de confection, y est retrac\u00e9e ; une visite virtuelle, pour les personnes en incapacit\u00e9 de descendre dans le site, est aussi propos\u00e9e.<\/p>\n\n\n\n<hr class=\"wp-block-separator has-alpha-channel-opacity\"\/>\n<\/div>\n<\/div>\n\n\n\n<div class=\"wp-block-columns is-layout-flex wp-container-core-columns-is-layout-9d6595d7 wp-block-columns-is-layout-flex\">\n<div class=\"wp-block-column is-layout-flow wp-block-column-is-layout-flow\">\n<figure class=\"wp-block-image size-full\"><img loading=\"lazy\" decoding=\"async\" width=\"800\" height=\"600\" src=\"http:\/\/lacroiseedeschemins49.fr\/wp-content\/uploads\/2025\/04\/BORDS-DE-LOIRE.jpg\" alt=\"Personne \u00e0 pied, v\u00e9lo \u00e0 la main descendant un chemin au bord de la rivi\u00e8re\" class=\"wp-image-730\" srcset=\"https:\/\/lacroiseedeschemins49.fr\/wp-content\/uploads\/2025\/04\/BORDS-DE-LOIRE.jpg 800w, https:\/\/lacroiseedeschemins49.fr\/wp-content\/uploads\/2025\/04\/BORDS-DE-LOIRE-300x225.jpg 300w, https:\/\/lacroiseedeschemins49.fr\/wp-content\/uploads\/2025\/04\/BORDS-DE-LOIRE-768x576.jpg 768w\" sizes=\"auto, (max-width: 800px) 100vw, 800px\" \/><\/figure>\n\n\n\n<h2 class=\"wp-block-heading\"><strong>Balade en bord de Loire : <\/strong><\/h2>\n\n\n\n<p>Quoi de mieux pour comprendre le Val de Loire, qu\u2019une d\u00e9couverte au fil de l\u2019eau, rythm\u00e9e par les ponts de Loire, t\u00e9moins de l\u2019histoire locale?<\/p>\n\n\n\n<p>Partir du village de Loire Authion jusqu\u2019au village de Chalonnes sur Loire, sur une distance d\u2019environ 45 km, est un des nombreux itin\u00e9raires possibles. Prenez le temps de vous arr\u00eater dans les villages embl\u00e9matiques des bords de Loire, et notamment celui de B\u00e9huard, class\u00e9 au patrimoine mondial de l\u2019Unesco.<\/p>\n\n\n\n<p>Au cours de ces escapades, vous pourrez aussi vous restaurer dans les guinguettes de bord de Loire offrant des vues imprenables sur ce fleuve si majestueux.<\/p>\n\n\n\n<hr class=\"wp-block-separator has-alpha-channel-opacity\"\/>\n<\/div>\n\n\n\n<div class=\"wp-block-column is-layout-flow wp-block-column-is-layout-flow\">\n<figure class=\"wp-block-image size-full\"><img loading=\"lazy\" decoding=\"async\" width=\"800\" height=\"600\" src=\"http:\/\/lacroiseedeschemins49.fr\/wp-content\/uploads\/2025\/04\/VIGNOBLES.jpg\" alt=\"Belle b\u00e2tisse entour\u00e9e du vignoble\" class=\"wp-image-742\" srcset=\"https:\/\/lacroiseedeschemins49.fr\/wp-content\/uploads\/2025\/04\/VIGNOBLES.jpg 800w, https:\/\/lacroiseedeschemins49.fr\/wp-content\/uploads\/2025\/04\/VIGNOBLES-300x225.jpg 300w, https:\/\/lacroiseedeschemins49.fr\/wp-content\/uploads\/2025\/04\/VIGNOBLES-768x576.jpg 768w\" sizes=\"auto, (max-width: 800px) 100vw, 800px\" \/><\/figure>\n\n\n\n<h2 class=\"wp-block-heading\"><strong>Sur les routes des vins et villages de l&rsquo;Anjou : <\/strong><\/h2>\n\n\n\n<p>Inscrits au patrimoine mondial de l\u2019Unesco, les vignobles ont fa\u00e7onn\u00e9 les paysages et l\u2019identit\u00e9 de l\u2019Anjou : ch\u00e2teaux, moulins \u00e0 vent, troglodytes, collines et c\u00f4teaux couverts de vignes sont autant de raisons pour d\u00e9couvrir et admirer ce joli coin du Maine et Loire.<\/p>\n\n\n\n<p>Sillonner les routes des vins et des villages de l\u2019Anjou, c\u2019est l\u2019occasion de rencontrer des vignerons, d\u00e9couvrir leur savoir-faire, partager leur passion mais aussi de visiter des villages remarquables tant par leurs richesses patrimoniales que par leur histoire locale.&nbsp;&nbsp;&nbsp;<\/p>\n<\/div>\n<\/div>\n","protected":false},"excerpt":{"rendered":"<p>La Ville d&rsquo;Angers : La ville d\u2019Angers est une destination qui pr\u00e9sente de nombreux atouts : 1\u00e8re ville verte fran\u00e7aise en 2020, 1\u00e8re ville o\u00f9 il fait bon vivre et meilleure m\u00e9tropole pour la biodiversit\u00e9, prix d\u00e9cern\u00e9 en 2022. C&rsquo;est une cit\u00e9 qui m\u00eale avec beaucoup d&rsquo;harmonie des activit\u00e9s urbaines et un ato\u00fbt nature tr\u00e8s [&hellip;]<\/p>\n","protected":false},"author":1,"featured_media":0,"parent":0,"menu_order":0,"comment_status":"closed","ping_status":"closed","template":"","meta":{"footnotes":""},"class_list":["post-100","page","type-page","status-publish","hentry","entry"],"yoast_head":"<!-- This site is optimized with the Yoast SEO plugin v25.6 - https:\/\/yoast.com\/wordpress\/plugins\/seo\/ -->\n<title>Les lieux incontournables - Wordpress<\/title>\n<meta name=\"robots\" content=\"index, follow, max-snippet:-1, max-image-preview:large, max-video-preview:-1\" \/>\n<link rel=\"canonical\" href=\"https:\/\/lacroiseedeschemins49.fr\/index.php\/les-lieux-incontournables\/\" \/>\n<meta property=\"og:locale\" content=\"fr_FR\" \/>\n<meta property=\"og:type\" content=\"article\" \/>\n<meta property=\"og:title\" content=\"Les lieux incontournables - Wordpress\" \/>\n<meta property=\"og:description\" content=\"La Ville d&rsquo;Angers : La ville d\u2019Angers est une destination qui pr\u00e9sente de nombreux atouts : 1\u00e8re ville verte fran\u00e7aise en 2020, 1\u00e8re ville o\u00f9 il fait bon vivre et meilleure m\u00e9tropole pour la biodiversit\u00e9, prix d\u00e9cern\u00e9 en 2022. C&rsquo;est une cit\u00e9 qui m\u00eale avec beaucoup d&rsquo;harmonie des activit\u00e9s urbaines et un ato\u00fbt nature tr\u00e8s [&hellip;]\" \/>\n<meta property=\"og:url\" content=\"https:\/\/lacroiseedeschemins49.fr\/index.php\/les-lieux-incontournables\/\" \/>\n<meta property=\"og:site_name\" content=\"Wordpress\" \/>\n<meta property=\"article:modified_time\" content=\"2025-04-09T07:46:08+00:00\" \/>\n<meta property=\"og:image\" content=\"https:\/\/lacroiseedeschemins49.fr\/wp-content\/uploads\/2025\/04\/RALLIEMENT.jpg\" \/>\n\t<meta property=\"og:image:width\" content=\"800\" \/>\n\t<meta property=\"og:image:height\" content=\"600\" \/>\n\t<meta property=\"og:image:type\" content=\"image\/jpeg\" \/>\n<meta name=\"twitter:card\" content=\"summary_large_image\" \/>\n<meta name=\"twitter:label1\" content=\"Dur\u00e9e de lecture estim\u00e9e\" \/>\n\t<meta name=\"twitter:data1\" content=\"6 minutes\" \/>\n<script type=\"application\/ld+json\" class=\"yoast-schema-graph\">{\"@context\":\"https:\/\/schema.org\",\"@graph\":[{\"@type\":\"WebPage\",\"@id\":\"https:\/\/lacroiseedeschemins49.fr\/index.php\/les-lieux-incontournables\/\",\"url\":\"https:\/\/lacroiseedeschemins49.fr\/index.php\/les-lieux-incontournables\/\",\"name\":\"Les lieux incontournables - Wordpress\",\"isPartOf\":{\"@id\":\"https:\/\/lacroiseedeschemins49.fr\/#website\"},\"primaryImageOfPage\":{\"@id\":\"https:\/\/lacroiseedeschemins49.fr\/index.php\/les-lieux-incontournables\/#primaryimage\"},\"image\":{\"@id\":\"https:\/\/lacroiseedeschemins49.fr\/index.php\/les-lieux-incontournables\/#primaryimage\"},\"thumbnailUrl\":\"http:\/\/lacroiseedeschemins49.fr\/wp-content\/uploads\/2025\/04\/RALLIEMENT.jpg\",\"datePublished\":\"2024-05-28T13:21:13+00:00\",\"dateModified\":\"2025-04-09T07:46:08+00:00\",\"breadcrumb\":{\"@id\":\"https:\/\/lacroiseedeschemins49.fr\/index.php\/les-lieux-incontournables\/#breadcrumb\"},\"inLanguage\":\"fr-FR\",\"potentialAction\":[{\"@type\":\"ReadAction\",\"target\":[\"https:\/\/lacroiseedeschemins49.fr\/index.php\/les-lieux-incontournables\/\"]}]},{\"@type\":\"ImageObject\",\"inLanguage\":\"fr-FR\",\"@id\":\"https:\/\/lacroiseedeschemins49.fr\/index.php\/les-lieux-incontournables\/#primaryimage\",\"url\":\"https:\/\/lacroiseedeschemins49.fr\/wp-content\/uploads\/2025\/04\/RALLIEMENT.jpg\",\"contentUrl\":\"https:\/\/lacroiseedeschemins49.fr\/wp-content\/uploads\/2025\/04\/RALLIEMENT.jpg\",\"width\":800,\"height\":600},{\"@type\":\"BreadcrumbList\",\"@id\":\"https:\/\/lacroiseedeschemins49.fr\/index.php\/les-lieux-incontournables\/#breadcrumb\",\"itemListElement\":[{\"@type\":\"ListItem\",\"position\":1,\"name\":\"Accueil\",\"item\":\"https:\/\/lacroiseedeschemins49.fr\/\"},{\"@type\":\"ListItem\",\"position\":2,\"name\":\"Les lieux incontournables\"}]},{\"@type\":\"WebSite\",\"@id\":\"https:\/\/lacroiseedeschemins49.fr\/#website\",\"url\":\"https:\/\/lacroiseedeschemins49.fr\/\",\"name\":\"Wordpress\",\"description\":\"La Crois\u00e9e des Chemins\",\"publisher\":{\"@id\":\"https:\/\/lacroiseedeschemins49.fr\/#organization\"},\"potentialAction\":[{\"@type\":\"SearchAction\",\"target\":{\"@type\":\"EntryPoint\",\"urlTemplate\":\"https:\/\/lacroiseedeschemins49.fr\/?s={search_term_string}\"},\"query-input\":{\"@type\":\"PropertyValueSpecification\",\"valueRequired\":true,\"valueName\":\"search_term_string\"}}],\"inLanguage\":\"fr-FR\"},{\"@type\":\"Organization\",\"@id\":\"https:\/\/lacroiseedeschemins49.fr\/#organization\",\"name\":\"Wordpress\",\"url\":\"https:\/\/lacroiseedeschemins49.fr\/\",\"logo\":{\"@type\":\"ImageObject\",\"inLanguage\":\"fr-FR\",\"@id\":\"https:\/\/lacroiseedeschemins49.fr\/#\/schema\/logo\/image\/\",\"url\":\"https:\/\/lacroiseedeschemins49.fr\/wp-content\/uploads\/2025\/01\/cropped-logo-La-Croisee-des-Chemins-1.jpg\",\"contentUrl\":\"https:\/\/lacroiseedeschemins49.fr\/wp-content\/uploads\/2025\/01\/cropped-logo-La-Croisee-des-Chemins-1.jpg\",\"width\":1147,\"height\":435,\"caption\":\"Wordpress\"},\"image\":{\"@id\":\"https:\/\/lacroiseedeschemins49.fr\/#\/schema\/logo\/image\/\"}}]}<\/script>\n<!-- \/ Yoast SEO plugin. -->","yoast_head_json":{"title":"Les lieux incontournables - Wordpress","robots":{"index":"index","follow":"follow","max-snippet":"max-snippet:-1","max-image-preview":"max-image-preview:large","max-video-preview":"max-video-preview:-1"},"canonical":"https:\/\/lacroiseedeschemins49.fr\/index.php\/les-lieux-incontournables\/","og_locale":"fr_FR","og_type":"article","og_title":"Les lieux incontournables - Wordpress","og_description":"La Ville d&rsquo;Angers : La ville d\u2019Angers est une destination qui pr\u00e9sente de nombreux atouts : 1\u00e8re ville verte fran\u00e7aise en 2020, 1\u00e8re ville o\u00f9 il fait bon vivre et meilleure m\u00e9tropole pour la biodiversit\u00e9, prix d\u00e9cern\u00e9 en 2022. C&rsquo;est une cit\u00e9 qui m\u00eale avec beaucoup d&rsquo;harmonie des activit\u00e9s urbaines et un ato\u00fbt nature tr\u00e8s [&hellip;]","og_url":"https:\/\/lacroiseedeschemins49.fr\/index.php\/les-lieux-incontournables\/","og_site_name":"Wordpress","article_modified_time":"2025-04-09T07:46:08+00:00","og_image":[{"width":800,"height":600,"url":"https:\/\/lacroiseedeschemins49.fr\/wp-content\/uploads\/2025\/04\/RALLIEMENT.jpg","type":"image\/jpeg"}],"twitter_card":"summary_large_image","twitter_misc":{"Dur\u00e9e de lecture estim\u00e9e":"6 minutes"},"schema":{"@context":"https:\/\/schema.org","@graph":[{"@type":"WebPage","@id":"https:\/\/lacroiseedeschemins49.fr\/index.php\/les-lieux-incontournables\/","url":"https:\/\/lacroiseedeschemins49.fr\/index.php\/les-lieux-incontournables\/","name":"Les lieux incontournables - Wordpress","isPartOf":{"@id":"https:\/\/lacroiseedeschemins49.fr\/#website"},"primaryImageOfPage":{"@id":"https:\/\/lacroiseedeschemins49.fr\/index.php\/les-lieux-incontournables\/#primaryimage"},"image":{"@id":"https:\/\/lacroiseedeschemins49.fr\/index.php\/les-lieux-incontournables\/#primaryimage"},"thumbnailUrl":"http:\/\/lacroiseedeschemins49.fr\/wp-content\/uploads\/2025\/04\/RALLIEMENT.jpg","datePublished":"2024-05-28T13:21:13+00:00","dateModified":"2025-04-09T07:46:08+00:00","breadcrumb":{"@id":"https:\/\/lacroiseedeschemins49.fr\/index.php\/les-lieux-incontournables\/#breadcrumb"},"inLanguage":"fr-FR","potentialAction":[{"@type":"ReadAction","target":["https:\/\/lacroiseedeschemins49.fr\/index.php\/les-lieux-incontournables\/"]}]},{"@type":"ImageObject","inLanguage":"fr-FR","@id":"https:\/\/lacroiseedeschemins49.fr\/index.php\/les-lieux-incontournables\/#primaryimage","url":"https:\/\/lacroiseedeschemins49.fr\/wp-content\/uploads\/2025\/04\/RALLIEMENT.jpg","contentUrl":"https:\/\/lacroiseedeschemins49.fr\/wp-content\/uploads\/2025\/04\/RALLIEMENT.jpg","width":800,"height":600},{"@type":"BreadcrumbList","@id":"https:\/\/lacroiseedeschemins49.fr\/index.php\/les-lieux-incontournables\/#breadcrumb","itemListElement":[{"@type":"ListItem","position":1,"name":"Accueil","item":"https:\/\/lacroiseedeschemins49.fr\/"},{"@type":"ListItem","position":2,"name":"Les lieux incontournables"}]},{"@type":"WebSite","@id":"https:\/\/lacroiseedeschemins49.fr\/#website","url":"https:\/\/lacroiseedeschemins49.fr\/","name":"Wordpress","description":"La Crois\u00e9e des Chemins","publisher":{"@id":"https:\/\/lacroiseedeschemins49.fr\/#organization"},"potentialAction":[{"@type":"SearchAction","target":{"@type":"EntryPoint","urlTemplate":"https:\/\/lacroiseedeschemins49.fr\/?s={search_term_string}"},"query-input":{"@type":"PropertyValueSpecification","valueRequired":true,"valueName":"search_term_string"}}],"inLanguage":"fr-FR"},{"@type":"Organization","@id":"https:\/\/lacroiseedeschemins49.fr\/#organization","name":"Wordpress","url":"https:\/\/lacroiseedeschemins49.fr\/","logo":{"@type":"ImageObject","inLanguage":"fr-FR","@id":"https:\/\/lacroiseedeschemins49.fr\/#\/schema\/logo\/image\/","url":"https:\/\/lacroiseedeschemins49.fr\/wp-content\/uploads\/2025\/01\/cropped-logo-La-Croisee-des-Chemins-1.jpg","contentUrl":"https:\/\/lacroiseedeschemins49.fr\/wp-content\/uploads\/2025\/01\/cropped-logo-La-Croisee-des-Chemins-1.jpg","width":1147,"height":435,"caption":"Wordpress"},"image":{"@id":"https:\/\/lacroiseedeschemins49.fr\/#\/schema\/logo\/image\/"}}]}},"_links":{"self":[{"href":"https:\/\/lacroiseedeschemins49.fr\/index.php\/wp-json\/wp\/v2\/pages\/100","targetHints":{"allow":["GET"]}}],"collection":[{"href":"https:\/\/lacroiseedeschemins49.fr\/index.php\/wp-json\/wp\/v2\/pages"}],"about":[{"href":"https:\/\/lacroiseedeschemins49.fr\/index.php\/wp-json\/wp\/v2\/types\/page"}],"author":[{"embeddable":true,"href":"https:\/\/lacroiseedeschemins49.fr\/index.php\/wp-json\/wp\/v2\/users\/1"}],"replies":[{"embeddable":true,"href":"https:\/\/lacroiseedeschemins49.fr\/index.php\/wp-json\/wp\/v2\/comments?post=100"}],"version-history":[{"count":21,"href":"https:\/\/lacroiseedeschemins49.fr\/index.php\/wp-json\/wp\/v2\/pages\/100\/revisions"}],"predecessor-version":[{"id":827,"href":"https:\/\/lacroiseedeschemins49.fr\/index.php\/wp-json\/wp\/v2\/pages\/100\/revisions\/827"}],"wp:attachment":[{"href":"https:\/\/lacroiseedeschemins49.fr\/index.php\/wp-json\/wp\/v2\/media?parent=100"}],"curies":[{"name":"wp","href":"https:\/\/api.w.org\/{rel}","templated":true}]}}